{"id":340,"date":"2024-02-19T10:33:45","date_gmt":"2024-02-19T09:33:45","guid":{"rendered":"https:\/\/vingtsix.io\/?page_id=340"},"modified":"2024-05-30T11:39:17","modified_gmt":"2024-05-30T09:39:17","slug":"pitch-deck","status":"publish","type":"page","link":"https:\/\/vingtsix.io\/index.php\/pitch-deck\/","title":{"rendered":"Pitch Deck"},"content":{"rendered":"\t\t<div data-elementor-type=\"wp-page\" data-elementor-id=\"340\" class=\"elementor elementor-340\" data-elementor-post-type=\"page\">\n\t\t\t\t<div class=\"elementor-element elementor-element-4a4444e e-flex e-con-boxed e-con e-parent\" data-id=\"4a4444e\" data-element_type=\"container\" data-e-type=\"container\">\n\t\t\t\t\t<div class=\"e-con-inner\">\n\t\t\t\t<div class=\"elementor-element elementor-element-0f90661 elementor-widget elementor-widget-heading\" data-id=\"0f90661\" data-element_type=\"widget\" data-e-type=\"widget\" data-widget_type=\"heading.default\">\n\t\t\t\t<div class=\"elementor-widget-container\">\n\t\t\t\t\t<h2 class=\"elementor-heading-title elementor-size-default\">Pitch Deck<\/h2>\t\t\t\t<\/div>\n\t\t\t\t<\/div>\n\t\t<div class=\"elementor-element elementor-element-bf3fff4 e-flex e-con-boxed e-con e-child\" data-id=\"bf3fff4\" data-element_type=\"container\" data-e-type=\"container\">\n\t\t\t\t\t<div class=\"e-con-inner\">\n\t\t\t\t<div class=\"elementor-element elementor-element-c476926 elementor-widget elementor-widget-heading\" data-id=\"c476926\" data-element_type=\"widget\" data-e-type=\"widget\" data-widget_type=\"heading.default\">\n\t\t\t\t<div class=\"elementor-widget-container\">\n\t\t\t\t\t<h3 class=\"elementor-heading-title elementor-size-default\">L'Art et la Science d'un Pitch Deck R\u00e9ussi<\/h3>\t\t\t\t<\/div>\n\t\t\t\t<\/div>\n\t\t\t\t<div class=\"elementor-element elementor-element-a290dce elementor-widget elementor-widget-text-editor\" data-id=\"a290dce\" data-element_type=\"widget\" data-e-type=\"widget\" data-widget_type=\"text-editor.default\">\n\t\t\t\t<div class=\"elementor-widget-container\">\n\t\t\t\t\t\t\t\t\t<p><span style=\"font-weight: 400;\">Votre pitch deck est plus qu&#8217;une simple pr\u00e9sentation : c&#8217;est la porte d&#8217;entr\u00e9e vers votre succ\u00e8s futur. Fort de notre exp\u00e9rience,\u00a0 nous ma\u00eetrisons la puissance d&#8217;un pitch deck bien con\u00e7u et sommes l\u00e0 pour vous aider \u00e0 capturer l&#8217;essence de votre vision et \u00e0 la communiquer efficacement \u00e0 vos investisseurs potentiels.<\/span><\/p>\t\t\t\t\t\t\t\t<\/div>\n\t\t\t\t<\/div>\n\t\t\t\t\t<\/div>\n\t\t\t\t<\/div>\n\t\t\t\t\t<\/div>\n\t\t\t\t<\/div>\n\t\t<div class=\"elementor-element elementor-element-7fdafb3 e-flex e-con-boxed e-con e-parent\" data-id=\"7fdafb3\" data-element_type=\"container\" data-e-type=\"container\">\n\t\t\t\t\t<div class=\"e-con-inner\">\n\t\t<div class=\"elementor-element elementor-element-bcb2c7c e-con-full e-flex e-con e-child\" data-id=\"bcb2c7c\" data-element_type=\"container\" data-e-type=\"container\">\n\t\t\t\t<div class=\"elementor-element elementor-element-6e7f175 elementor-widget elementor-widget-heading\" data-id=\"6e7f175\" data-element_type=\"widget\" data-e-type=\"widget\" data-widget_type=\"heading.default\">\n\t\t\t\t<div class=\"elementor-widget-container\">\n\t\t\t\t\t<h3 class=\"elementor-heading-title elementor-size-default\">Pourquoi un Bon Pitch Deck est Essentiel <\/h3>\t\t\t\t<\/div>\n\t\t\t\t<\/div>\n\t\t\t\t<div class=\"elementor-element elementor-element-45f043b elementor-widget elementor-widget-text-editor\" data-id=\"45f043b\" data-element_type=\"widget\" data-e-type=\"widget\" data-widget_type=\"text-editor.default\">\n\t\t\t\t<div class=\"elementor-widget-container\">\n\t\t\t\t\t\t\t\t\t<ul><li style=\"font-weight: 400;\" aria-level=\"1\"><span style=\"font-weight: 400;\">Premi\u00e8re Impression Comptant pour Tout : Votre pitch deck est souvent la premi\u00e8re introduction \u00e0 votre entreprise. Il doit donc \u00eatre captivant, clair et convaincant, laissant une impression durable sur vos auditeurs.<\/span><\/li><li style=\"font-weight: 400;\" aria-level=\"1\"><span style=\"font-weight: 400;\">Communication de Votre Vision : Un bon pitch deck va au-del\u00e0 des chiffres ; il raconte une histoire. C&#8217;est l&#8217;occasion de partager votre passion, votre vision et la raison pour laquelle votre entreprise m\u00e9rite d&#8217;\u00eatre soutenue.<\/span><\/li><li style=\"font-weight: 400;\" aria-level=\"1\"><span style=\"font-weight: 400;\">Clarification de Vos Objectifs : Il structure votre proposition de valeur, clarifie vos objectifs et d\u00e9montre comment vous envisagez d&#8217;atteindre le succ\u00e8s.<\/span><\/li><li style=\"font-weight: 400;\" aria-level=\"1\"><span style=\"font-weight: 400;\">Base pour les Discussions d&#8217;Investissement : Il sert de fondement pour toutes les discussions d&#8217;investissement, \u00e9tablissant un terrain d&#8217;entente entre vous et vos investisseurs potentiels.<\/span><\/li><\/ul>\t\t\t\t\t\t\t\t<\/div>\n\t\t\t\t<\/div>\n\t\t\t\t<div class=\"elementor-element elementor-element-d3fb203 elementor-widget elementor-widget-heading\" data-id=\"d3fb203\" data-element_type=\"widget\" data-e-type=\"widget\" data-widget_type=\"heading.default\">\n\t\t\t\t<div class=\"elementor-widget-container\">\n\t\t\t\t\t<h3 class=\"elementor-heading-title elementor-size-default\">Notre Approche :<\/h3>\t\t\t\t<\/div>\n\t\t\t\t<\/div>\n\t\t\t\t<div class=\"elementor-element elementor-element-c6229f6 elementor-widget elementor-widget-text-editor\" data-id=\"c6229f6\" data-element_type=\"widget\" data-e-type=\"widget\" data-widget_type=\"text-editor.default\">\n\t\t\t\t<div class=\"elementor-widget-container\">\n\t\t\t\t\t\t\t\t\t<ul>\n<li style=\"font-weight: 400;\" aria-level=\"1\"><span style=\"font-weight: 400;\">Personnalisation : chaque startup est unique. Notre \u00e9quipe travaille de pr\u00e8s avec vous pour cr\u00e9er un pitch deck qui refl\u00e8te non seulement votre entreprise mais aussi votre personnalit\u00e9.<\/span><\/li>\n<li style=\"font-weight: 400;\" aria-level=\"1\"><span style=\"font-weight: 400;\">Expertise en Storytelling : Notre expertise en storytelling vous aide \u00e0 structurer une narration captivante, en liant chaque diapositive \u00e0 un r\u00e9cit coh\u00e9rent et engageant.<\/span><\/li>\n<li style=\"font-weight: 400;\" aria-level=\"1\"><span style=\"font-weight: 400;\">Focus sur les D\u00e9tails : De la s\u00e9lection des images \u00e0 la pr\u00e9cision des donn\u00e9es, chaque \u00e9l\u00e9ment de votre pitch deck est peaufin\u00e9 pour garantir clart\u00e9 et impact.<\/span><\/li>\n<li style=\"font-weight: 400;\" aria-level=\"1\"><span style=\"font-weight: 400;\">Pr\u00e9paration \u00e0 la Pr\u00e9sentation : Au-del\u00e0 du deck lui-m\u00eame, nous vous pr\u00e9parons \u00e0 pr\u00e9senter avec confiance, en vous \u00e9quipant des comp\u00e9tences n\u00e9cessaires pour engager et convaincre votre audience<\/span><\/li>\n<\/ul>\t\t\t\t\t\t\t\t<\/div>\n\t\t\t\t<\/div>\n\t\t\t\t<div class=\"elementor-element elementor-element-c98cb3c elementor-widget elementor-widget-text-editor\" data-id=\"c98cb3c\" data-element_type=\"widget\" data-e-type=\"widget\" data-widget_type=\"text-editor.default\">\n\t\t\t\t<div class=\"elementor-widget-container\">\n\t\t\t\t\t\t\t\t\t<p><span style=\"font-weight: 400;\">Faites le premier pas vers le succ\u00e8s de votre lev\u00e9e de fonds. <a href=\"https:\/\/vingtsix.io\/index.php\/contact\/\"><span style=\"text-decoration: underline;\"><strong>Contactez-nous<\/strong><\/span><\/a> d\u00e8s aujourd&#8217;hui pour cr\u00e9er un pitch deck qui ouvre les portes des possibilit\u00e9s.<\/span><\/p>\t\t\t\t\t\t\t\t<\/div>\n\t\t\t\t<\/div>\n\t\t\t\t<div class=\"elementor-element elementor-element-00973f7 elementor-widget elementor-widget-button\" data-id=\"00973f7\" data-element_type=\"widget\" data-e-type=\"widget\" data-widget_type=\"button.default\">\n\t\t\t\t<div class=\"elementor-widget-container\">\n\t\t\t\t\t\t\t\t\t<div class=\"elementor-button-wrapper\">\n\t\t\t\t\t<a class=\"elementor-button elementor-button-link elementor-size-sm\" href=\"#\">\n\t\t\t\t\t\t<span class=\"elementor-button-content-wrapper\">\n\t\t\t\t\t\t<span class=\"elementor-button-icon\">\n\t\t\t\t<svg aria-hidden=\"true\" class=\"e-font-icon-svg e-far-calendar-check\" viewBox=\"0 0 448 512\" xmlns=\"http:\/\/www.w3.org\/2000\/svg\"><path d=\"M400 64h-48V12c0-6.627-5.373-12-12-12h-40c-6.627 0-12 5.373-12 12v52H160V12c0-6.627-5.373-12-12-12h-40c-6.627 0-12 5.373-12 12v52H48C21.49 64 0 85.49 0 112v352c0 26.51 21.49 48 48 48h352c26.51 0 48-21.49 48-48V112c0-26.51-21.49-48-48-48zm-6 400H54a6 6 0 0 1-6-6V160h352v298a6 6 0 0 1-6 6zm-52.849-200.65L198.842 404.519c-4.705 4.667-12.303 4.637-16.971-.068l-75.091-75.699c-4.667-4.705-4.637-12.303.068-16.971l22.719-22.536c4.705-4.667 12.303-4.637 16.97.069l44.104 44.461 111.072-110.181c4.705-4.667 12.303-4.637 16.971.068l22.536 22.718c4.667 4.705 4.636 12.303-.069 16.97z\"><\/path><\/svg>\t\t\t<\/span>\n\t\t\t\t\t\t\t\t\t<span class=\"elementor-button-text\">R\u00e9servez votre consultation !<\/span>\n\t\t\t\t\t<\/span>\n\t\t\t\t\t<\/a>\n\t\t\t\t<\/div>\n\t\t\t\t\t\t\t\t<\/div>\n\t\t\t\t<\/div>\n\t\t\t\t<\/div>\n\t\t\t\t\t<\/div>\n\t\t\t\t<\/div>\n\t\t\t\t<\/div>\n\t\t","protected":false},"excerpt":{"rendered":"<p>Pitch Deck L&#8217;Art et la Science d&#8217;un Pitch Deck R\u00e9ussi Votre pitch deck est plus qu&#8217;une simple pr\u00e9sentation : c&#8217;est la porte d&#8217;entr\u00e9e vers votre succ\u00e8s futur. Fort de notre exp\u00e9rience,\u00a0 nous ma\u00eetrisons la puissance d&#8217;un pitch deck bien con\u00e7u et sommes l\u00e0 pour vous aider \u00e0 capturer l&#8217;essence de votre vision et \u00e0 la [&hellip;]<\/p>\n","protected":false},"author":1,"featured_media":0,"parent":0,"menu_order":0,"comment_status":"closed","ping_status":"closed","template":"","meta":{"footnotes":""},"class_list":["post-340","page","type-page","status-publish","hentry"],"yoast_head":"<!-- This site is optimized with the Yoast SEO plugin v27.4 - https:\/\/yoast.com\/product\/yoast-seo-wordpress\/ -->\n<title>Pitch Deck - Vingt-Six<\/title>\n<meta name=\"robots\" content=\"index, follow, max-snippet:-1, max-image-preview:large, max-video-preview:-1\" \/>\n<link rel=\"canonical\" href=\"https:\/\/vingtsix.io\/index.php\/pitch-deck\/\" \/>\n<meta property=\"og:locale\" content=\"en_US\" \/>\n<meta property=\"og:type\" content=\"article\" \/>\n<meta property=\"og:title\" content=\"Pitch Deck - Vingt-Six\" \/>\n<meta property=\"og:description\" content=\"Pitch Deck L&#8217;Art et la Science d&#8217;un Pitch Deck R\u00e9ussi Votre pitch deck est plus qu&#8217;une simple pr\u00e9sentation : c&#8217;est la porte d&#8217;entr\u00e9e vers votre succ\u00e8s futur. Fort de notre exp\u00e9rience,\u00a0 nous ma\u00eetrisons la puissance d&#8217;un pitch deck bien con\u00e7u et sommes l\u00e0 pour vous aider \u00e0 capturer l&#8217;essence de votre vision et \u00e0 la [&hellip;]\" \/>\n<meta property=\"og:url\" content=\"https:\/\/vingtsix.io\/index.php\/pitch-deck\/\" \/>\n<meta property=\"og:site_name\" content=\"Vingt-Six\" \/>\n<meta property=\"article:modified_time\" content=\"2024-05-30T09:39:17+00:00\" \/>\n<meta name=\"twitter:card\" content=\"summary_large_image\" \/>\n<meta name=\"twitter:label1\" content=\"Est. reading time\" \/>\n\t<meta name=\"twitter:data1\" content=\"2 minutes\" \/>\n<script type=\"application\/ld+json\" class=\"yoast-schema-graph\">{\"@context\":\"https:\\\/\\\/schema.org\",\"@graph\":[{\"@type\":\"WebPage\",\"@id\":\"https:\\\/\\\/vingtsix.io\\\/index.php\\\/pitch-deck\\\/\",\"url\":\"https:\\\/\\\/vingtsix.io\\\/index.php\\\/pitch-deck\\\/\",\"name\":\"Pitch Deck - Vingt-Six\",\"isPartOf\":{\"@id\":\"https:\\\/\\\/vingtsix.io\\\/#website\"},\"datePublished\":\"2024-02-19T09:33:45+00:00\",\"dateModified\":\"2024-05-30T09:39:17+00:00\",\"breadcrumb\":{\"@id\":\"https:\\\/\\\/vingtsix.io\\\/index.php\\\/pitch-deck\\\/#breadcrumb\"},\"inLanguage\":\"en-US\",\"potentialAction\":[{\"@type\":\"ReadAction\",\"target\":[\"https:\\\/\\\/vingtsix.io\\\/index.php\\\/pitch-deck\\\/\"]}]},{\"@type\":\"BreadcrumbList\",\"@id\":\"https:\\\/\\\/vingtsix.io\\\/index.php\\\/pitch-deck\\\/#breadcrumb\",\"itemListElement\":[{\"@type\":\"ListItem\",\"position\":1,\"name\":\"Accueil\",\"item\":\"https:\\\/\\\/vingtsix.io\\\/\"},{\"@type\":\"ListItem\",\"position\":2,\"name\":\"Pitch Deck\"}]},{\"@type\":\"WebSite\",\"@id\":\"https:\\\/\\\/vingtsix.io\\\/#website\",\"url\":\"https:\\\/\\\/vingtsix.io\\\/\",\"name\":\"Vingt-Six\",\"description\":\"\",\"publisher\":{\"@id\":\"https:\\\/\\\/vingtsix.io\\\/#organization\"},\"potentialAction\":[{\"@type\":\"SearchAction\",\"target\":{\"@type\":\"EntryPoint\",\"urlTemplate\":\"https:\\\/\\\/vingtsix.io\\\/?s={search_term_string}\"},\"query-input\":{\"@type\":\"PropertyValueSpecification\",\"valueRequired\":true,\"valueName\":\"search_term_string\"}}],\"inLanguage\":\"en-US\"},{\"@type\":\"Organization\",\"@id\":\"https:\\\/\\\/vingtsix.io\\\/#organization\",\"name\":\"Vingt-Six\",\"url\":\"https:\\\/\\\/vingtsix.io\\\/\",\"logo\":{\"@type\":\"ImageObject\",\"inLanguage\":\"en-US\",\"@id\":\"https:\\\/\\\/vingtsix.io\\\/#\\\/schema\\\/logo\\\/image\\\/\",\"url\":\"https:\\\/\\\/vingtsix.io\\\/wp-content\\\/uploads\\\/2024\\\/01\\\/logo1.png\",\"contentUrl\":\"https:\\\/\\\/vingtsix.io\\\/wp-content\\\/uploads\\\/2024\\\/01\\\/logo1.png\",\"width\":638,\"height\":479,\"caption\":\"Vingt-Six\"},\"image\":{\"@id\":\"https:\\\/\\\/vingtsix.io\\\/#\\\/schema\\\/logo\\\/image\\\/\"}}]}<\/script>\n<!-- \/ Yoast SEO plugin. -->","yoast_head_json":{"title":"Pitch Deck - Vingt-Six","robots":{"index":"index","follow":"follow","max-snippet":"max-snippet:-1","max-image-preview":"max-image-preview:large","max-video-preview":"max-video-preview:-1"},"canonical":"https:\/\/vingtsix.io\/index.php\/pitch-deck\/","og_locale":"en_US","og_type":"article","og_title":"Pitch Deck - Vingt-Six","og_description":"Pitch Deck L&#8217;Art et la Science d&#8217;un Pitch Deck R\u00e9ussi Votre pitch deck est plus qu&#8217;une simple pr\u00e9sentation : c&#8217;est la porte d&#8217;entr\u00e9e vers votre succ\u00e8s futur. Fort de notre exp\u00e9rience,\u00a0 nous ma\u00eetrisons la puissance d&#8217;un pitch deck bien con\u00e7u et sommes l\u00e0 pour vous aider \u00e0 capturer l&#8217;essence de votre vision et \u00e0 la [&hellip;]","og_url":"https:\/\/vingtsix.io\/index.php\/pitch-deck\/","og_site_name":"Vingt-Six","article_modified_time":"2024-05-30T09:39:17+00:00","twitter_card":"summary_large_image","twitter_misc":{"Est. reading time":"2 minutes"},"schema":{"@context":"https:\/\/schema.org","@graph":[{"@type":"WebPage","@id":"https:\/\/vingtsix.io\/index.php\/pitch-deck\/","url":"https:\/\/vingtsix.io\/index.php\/pitch-deck\/","name":"Pitch Deck - Vingt-Six","isPartOf":{"@id":"https:\/\/vingtsix.io\/#website"},"datePublished":"2024-02-19T09:33:45+00:00","dateModified":"2024-05-30T09:39:17+00:00","breadcrumb":{"@id":"https:\/\/vingtsix.io\/index.php\/pitch-deck\/#breadcrumb"},"inLanguage":"en-US","potentialAction":[{"@type":"ReadAction","target":["https:\/\/vingtsix.io\/index.php\/pitch-deck\/"]}]},{"@type":"BreadcrumbList","@id":"https:\/\/vingtsix.io\/index.php\/pitch-deck\/#breadcrumb","itemListElement":[{"@type":"ListItem","position":1,"name":"Accueil","item":"https:\/\/vingtsix.io\/"},{"@type":"ListItem","position":2,"name":"Pitch Deck"}]},{"@type":"WebSite","@id":"https:\/\/vingtsix.io\/#website","url":"https:\/\/vingtsix.io\/","name":"Vingt-Six","description":"","publisher":{"@id":"https:\/\/vingtsix.io\/#organization"},"potentialAction":[{"@type":"SearchAction","target":{"@type":"EntryPoint","urlTemplate":"https:\/\/vingtsix.io\/?s={search_term_string}"},"query-input":{"@type":"PropertyValueSpecification","valueRequired":true,"valueName":"search_term_string"}}],"inLanguage":"en-US"},{"@type":"Organization","@id":"https:\/\/vingtsix.io\/#organization","name":"Vingt-Six","url":"https:\/\/vingtsix.io\/","logo":{"@type":"ImageObject","inLanguage":"en-US","@id":"https:\/\/vingtsix.io\/#\/schema\/logo\/image\/","url":"https:\/\/vingtsix.io\/wp-content\/uploads\/2024\/01\/logo1.png","contentUrl":"https:\/\/vingtsix.io\/wp-content\/uploads\/2024\/01\/logo1.png","width":638,"height":479,"caption":"Vingt-Six"},"image":{"@id":"https:\/\/vingtsix.io\/#\/schema\/logo\/image\/"}}]}},"_links":{"self":[{"href":"https:\/\/vingtsix.io\/index.php\/wp-json\/wp\/v2\/pages\/340","targetHints":{"allow":["GET"]}}],"collection":[{"href":"https:\/\/vingtsix.io\/index.php\/wp-json\/wp\/v2\/pages"}],"about":[{"href":"https:\/\/vingtsix.io\/index.php\/wp-json\/wp\/v2\/types\/page"}],"author":[{"embeddable":true,"href":"https:\/\/vingtsix.io\/index.php\/wp-json\/wp\/v2\/users\/1"}],"replies":[{"embeddable":true,"href":"https:\/\/vingtsix.io\/index.php\/wp-json\/wp\/v2\/comments?post=340"}],"version-history":[{"count":22,"href":"https:\/\/vingtsix.io\/index.php\/wp-json\/wp\/v2\/pages\/340\/revisions"}],"predecessor-version":[{"id":699,"href":"https:\/\/vingtsix.io\/index.php\/wp-json\/wp\/v2\/pages\/340\/revisions\/699"}],"wp:attachment":[{"href":"https:\/\/vingtsix.io\/index.php\/wp-json\/wp\/v2\/media?parent=340"}],"curies":[{"name":"wp","href":"https:\/\/api.w.org\/{rel}","templated":true}]}}