{"id":265,"date":"2024-02-19T09:50:43","date_gmt":"2024-02-19T08:50:43","guid":{"rendered":"https:\/\/vingtsix.io\/?page_id=265"},"modified":"2024-04-23T19:10:29","modified_gmt":"2024-04-23T17:10:29","slug":"google-ads-sea","status":"publish","type":"page","link":"https:\/\/vingtsix.io\/index.php\/google-ads-sea\/","title":{"rendered":"Google Ads &#8211; SEA"},"content":{"rendered":"\t\t<div data-elementor-type=\"wp-page\" data-elementor-id=\"265\" class=\"elementor elementor-265\" data-elementor-post-type=\"page\">\n\t\t\t\t<div class=\"elementor-element elementor-element-a60d632 e-flex e-con-boxed e-con e-parent\" data-id=\"a60d632\" data-element_type=\"container\" data-e-type=\"container\">\n\t\t\t\t\t<div class=\"e-con-inner\">\n\t\t\t\t<div class=\"elementor-element elementor-element-c83bf2c elementor-widget elementor-widget-heading\" data-id=\"c83bf2c\" data-element_type=\"widget\" data-e-type=\"widget\" data-widget_type=\"heading.default\">\n\t\t\t\t<div class=\"elementor-widget-container\">\n\t\t\t\t\t<h1 class=\"elementor-heading-title elementor-size-default\">Google Ads <\/h1>\t\t\t\t<\/div>\n\t\t\t\t<\/div>\n\t\t\t\t<div class=\"elementor-element elementor-element-398f85e elementor-widget elementor-widget-heading\" data-id=\"398f85e\" data-element_type=\"widget\" data-e-type=\"widget\" data-widget_type=\"heading.default\">\n\t\t\t\t<div class=\"elementor-widget-container\">\n\t\t\t\t\t<h2 class=\"elementor-heading-title elementor-size-default\">Transformez vos campagnes publicitaires avec notre expertise en Google Ads<\/h2>\t\t\t\t<\/div>\n\t\t\t\t<\/div>\n\t\t\t\t<div class=\"elementor-element elementor-element-a8825df elementor-widget elementor-widget-text-editor\" data-id=\"a8825df\" data-element_type=\"widget\" data-e-type=\"widget\" data-widget_type=\"text-editor.default\">\n\t\t\t\t<div class=\"elementor-widget-container\">\n\t\t\t\t\t\t\t\t\t<h5><strong><i>Avez-vous du mal \u00e0 optimiser vos campagnes Google Ads ? Souhaitez-vous augmenter l&#8217;efficacit\u00e9 de vos publicit\u00e9s en ligne ?<\/i><\/strong><\/h5><p><span style=\"font-weight: 400;\">En tant que sp\u00e9cialistes en Google Ads, nous vous proposons une expertise unique pour maximiser l&#8217;impact de vos campagnes publicitaires. Avec une approche personnalis\u00e9e, nous nous assurons que vos annonces atteignent le public cible de mani\u00e8re efficace, augmentant ainsi votre visibilit\u00e9 et vos conversions.<\/span><\/p><h5><strong>Pourquoi choisir nos services ?<\/strong><\/h5><ul><li style=\"font-weight: 400;\" aria-level=\"1\"><span style=\"font-weight: 400;\"><strong>Strat\u00e9gies Personnalis\u00e9es :<\/strong> Adaptation des campagnes \u00e0 vos objectifs sp\u00e9cifiques d&#8217;affaires.<\/span><\/li><li style=\"font-weight: 400;\" aria-level=\"1\"><span style=\"font-weight: 400;\"><strong>Optimisation Continue :<\/strong> Am\u00e9lioration constante des performances pour un meilleur retour sur investissement.<\/span><\/li><li style=\"font-weight: 400;\" aria-level=\"1\"><span style=\"font-weight: 400;\"><strong>Rapports D\u00e9taill\u00e9s :<\/strong> Suivi transparent des r\u00e9sultats pour comprendre et ajuster vos strat\u00e9gies.<\/span><\/li><\/ul><p><span style=\"font-weight: 400;\">Rejoignez les nombreuses entreprises qui ont d\u00e9j\u00e0 b\u00e9n\u00e9fici\u00e9 d&#8217;une augmentation significative de leur visibilit\u00e9 et de leurs ventes gr\u00e2ce \u00e0 nos services.<\/span><\/p><p><span style=\"font-weight: 400;\">Passez \u00e0 l&#8217;action d\u00e8s aujourd&#8217;hui ! Contactez-nous pour une consultation gratuite et d\u00e9couvrez comment nous pouvons propulser votre entreprise vers de nouveaux sommets avec Google Ads.<\/span><\/p>\t\t\t\t\t\t\t\t<\/div>\n\t\t\t\t<\/div>\n\t\t\t\t<div class=\"elementor-element elementor-element-c776f16 elementor-widget elementor-widget-button\" data-id=\"c776f16\" data-element_type=\"widget\" data-e-type=\"widget\" data-widget_type=\"button.default\">\n\t\t\t\t<div class=\"elementor-widget-container\">\n\t\t\t\t\t\t\t\t\t<div class=\"elementor-button-wrapper\">\n\t\t\t\t\t<a class=\"elementor-button elementor-button-link elementor-size-sm\" href=\"https:\/\/app.reclaim.ai\/m\/decouverte\/meeting\">\n\t\t\t\t\t\t<span class=\"elementor-button-content-wrapper\">\n\t\t\t\t\t\t<span class=\"elementor-button-icon\">\n\t\t\t\t<svg aria-hidden=\"true\" class=\"e-font-icon-svg e-far-calendar-alt\" viewBox=\"0 0 448 512\" xmlns=\"http:\/\/www.w3.org\/2000\/svg\"><path d=\"M148 288h-40c-6.6 0-12-5.4-12-12v-40c0-6.6 5.4-12 12-12h40c6.6 0 12 5.4 12 12v40c0 6.6-5.4 12-12 12zm108-12v-40c0-6.6-5.4-12-12-12h-40c-6.6 0-12 5.4-12 12v40c0 6.6 5.4 12 12 12h40c6.6 0 12-5.4 12-12zm96 0v-40c0-6.6-5.4-12-12-12h-40c-6.6 0-12 5.4-12 12v40c0 6.6 5.4 12 12 12h40c6.6 0 12-5.4 12-12zm-96 96v-40c0-6.6-5.4-12-12-12h-40c-6.6 0-12 5.4-12 12v40c0 6.6 5.4 12 12 12h40c6.6 0 12-5.4 12-12zm-96 0v-40c0-6.6-5.4-12-12-12h-40c-6.6 0-12 5.4-12 12v40c0 6.6 5.4 12 12 12h40c6.6 0 12-5.4 12-12zm192 0v-40c0-6.6-5.4-12-12-12h-40c-6.6 0-12 5.4-12 12v40c0 6.6 5.4 12 12 12h40c6.6 0 12-5.4 12-12zm96-260v352c0 26.5-21.5 48-48 48H48c-26.5 0-48-21.5-48-48V112c0-26.5 21.5-48 48-48h48V12c0-6.6 5.4-12 12-12h40c6.6 0 12 5.4 12 12v52h128V12c0-6.6 5.4-12 12-12h40c6.6 0 12 5.4 12 12v52h48c26.5 0 48 21.5 48 48zm-48 346V160H48v298c0 3.3 2.7 6 6 6h340c3.3 0 6-2.7 6-6z\"><\/path><\/svg>\t\t\t<\/span>\n\t\t\t\t\t\t\t\t\t<span class=\"elementor-button-text\">Prenez rendez-vous<\/span>\n\t\t\t\t\t<\/span>\n\t\t\t\t\t<\/a>\n\t\t\t\t<\/div>\n\t\t\t\t\t\t\t\t<\/div>\n\t\t\t\t<\/div>\n\t\t\t\t\t<\/div>\n\t\t\t\t<\/div>\n\t\t\t\t<\/div>\n\t\t","protected":false},"excerpt":{"rendered":"<p>Google Ads Transformez vos campagnes publicitaires avec notre expertise en Google Ads Avez-vous du mal \u00e0 optimiser vos campagnes Google Ads ? Souhaitez-vous augmenter l&#8217;efficacit\u00e9 de vos publicit\u00e9s en ligne ? En tant que sp\u00e9cialistes en Google Ads, nous vous proposons une expertise unique pour maximiser l&#8217;impact de vos campagnes publicitaires. Avec une approche personnalis\u00e9e, [&hellip;]<\/p>\n","protected":false},"author":1,"featured_media":0,"parent":0,"menu_order":0,"comment_status":"closed","ping_status":"closed","template":"","meta":{"footnotes":""},"class_list":["post-265","page","type-page","status-publish","hentry"],"yoast_head":"<!-- This site is optimized with the Yoast SEO plugin v27.4 - https:\/\/yoast.com\/product\/yoast-seo-wordpress\/ -->\n<title>Google Ads - SEA - Vingt-Six<\/title>\n<meta name=\"robots\" content=\"index, follow, max-snippet:-1, max-image-preview:large, max-video-preview:-1\" \/>\n<link rel=\"canonical\" href=\"https:\/\/vingtsix.io\/index.php\/google-ads-sea\/\" \/>\n<meta property=\"og:locale\" content=\"en_US\" \/>\n<meta property=\"og:type\" content=\"article\" \/>\n<meta property=\"og:title\" content=\"Google Ads - SEA - Vingt-Six\" \/>\n<meta property=\"og:description\" content=\"Google Ads Transformez vos campagnes publicitaires avec notre expertise en Google Ads Avez-vous du mal \u00e0 optimiser vos campagnes Google Ads ? Souhaitez-vous augmenter l&#8217;efficacit\u00e9 de vos publicit\u00e9s en ligne ? En tant que sp\u00e9cialistes en Google Ads, nous vous proposons une expertise unique pour maximiser l&#8217;impact de vos campagnes publicitaires. Avec une approche personnalis\u00e9e, [&hellip;]\" \/>\n<meta property=\"og:url\" content=\"https:\/\/vingtsix.io\/index.php\/google-ads-sea\/\" \/>\n<meta property=\"og:site_name\" content=\"Vingt-Six\" \/>\n<meta property=\"article:modified_time\" content=\"2024-04-23T17:10:29+00:00\" \/>\n<meta name=\"twitter:card\" content=\"summary_large_image\" \/>\n<meta name=\"twitter:label1\" content=\"Est. reading time\" \/>\n\t<meta name=\"twitter:data1\" content=\"1 minute\" \/>\n<script type=\"application\/ld+json\" class=\"yoast-schema-graph\">{\"@context\":\"https:\\\/\\\/schema.org\",\"@graph\":[{\"@type\":\"WebPage\",\"@id\":\"https:\\\/\\\/vingtsix.io\\\/index.php\\\/google-ads-sea\\\/\",\"url\":\"https:\\\/\\\/vingtsix.io\\\/index.php\\\/google-ads-sea\\\/\",\"name\":\"Google Ads - SEA - Vingt-Six\",\"isPartOf\":{\"@id\":\"https:\\\/\\\/vingtsix.io\\\/#website\"},\"datePublished\":\"2024-02-19T08:50:43+00:00\",\"dateModified\":\"2024-04-23T17:10:29+00:00\",\"breadcrumb\":{\"@id\":\"https:\\\/\\\/vingtsix.io\\\/index.php\\\/google-ads-sea\\\/#breadcrumb\"},\"inLanguage\":\"en-US\",\"potentialAction\":[{\"@type\":\"ReadAction\",\"target\":[\"https:\\\/\\\/vingtsix.io\\\/index.php\\\/google-ads-sea\\\/\"]}]},{\"@type\":\"BreadcrumbList\",\"@id\":\"https:\\\/\\\/vingtsix.io\\\/index.php\\\/google-ads-sea\\\/#breadcrumb\",\"itemListElement\":[{\"@type\":\"ListItem\",\"position\":1,\"name\":\"Accueil\",\"item\":\"https:\\\/\\\/vingtsix.io\\\/\"},{\"@type\":\"ListItem\",\"position\":2,\"name\":\"Google Ads &#8211; SEA\"}]},{\"@type\":\"WebSite\",\"@id\":\"https:\\\/\\\/vingtsix.io\\\/#website\",\"url\":\"https:\\\/\\\/vingtsix.io\\\/\",\"name\":\"Vingt-Six\",\"description\":\"\",\"publisher\":{\"@id\":\"https:\\\/\\\/vingtsix.io\\\/#organization\"},\"potentialAction\":[{\"@type\":\"SearchAction\",\"target\":{\"@type\":\"EntryPoint\",\"urlTemplate\":\"https:\\\/\\\/vingtsix.io\\\/?s={search_term_string}\"},\"query-input\":{\"@type\":\"PropertyValueSpecification\",\"valueRequired\":true,\"valueName\":\"search_term_string\"}}],\"inLanguage\":\"en-US\"},{\"@type\":\"Organization\",\"@id\":\"https:\\\/\\\/vingtsix.io\\\/#organization\",\"name\":\"Vingt-Six\",\"url\":\"https:\\\/\\\/vingtsix.io\\\/\",\"logo\":{\"@type\":\"ImageObject\",\"inLanguage\":\"en-US\",\"@id\":\"https:\\\/\\\/vingtsix.io\\\/#\\\/schema\\\/logo\\\/image\\\/\",\"url\":\"https:\\\/\\\/vingtsix.io\\\/wp-content\\\/uploads\\\/2024\\\/01\\\/logo1.png\",\"contentUrl\":\"https:\\\/\\\/vingtsix.io\\\/wp-content\\\/uploads\\\/2024\\\/01\\\/logo1.png\",\"width\":638,\"height\":479,\"caption\":\"Vingt-Six\"},\"image\":{\"@id\":\"https:\\\/\\\/vingtsix.io\\\/#\\\/schema\\\/logo\\\/image\\\/\"}}]}<\/script>\n<!-- \/ Yoast SEO plugin. -->","yoast_head_json":{"title":"Google Ads - SEA - Vingt-Six","robots":{"index":"index","follow":"follow","max-snippet":"max-snippet:-1","max-image-preview":"max-image-preview:large","max-video-preview":"max-video-preview:-1"},"canonical":"https:\/\/vingtsix.io\/index.php\/google-ads-sea\/","og_locale":"en_US","og_type":"article","og_title":"Google Ads - SEA - Vingt-Six","og_description":"Google Ads Transformez vos campagnes publicitaires avec notre expertise en Google Ads Avez-vous du mal \u00e0 optimiser vos campagnes Google Ads ? Souhaitez-vous augmenter l&#8217;efficacit\u00e9 de vos publicit\u00e9s en ligne ? En tant que sp\u00e9cialistes en Google Ads, nous vous proposons une expertise unique pour maximiser l&#8217;impact de vos campagnes publicitaires. Avec une approche personnalis\u00e9e, [&hellip;]","og_url":"https:\/\/vingtsix.io\/index.php\/google-ads-sea\/","og_site_name":"Vingt-Six","article_modified_time":"2024-04-23T17:10:29+00:00","twitter_card":"summary_large_image","twitter_misc":{"Est. reading time":"1 minute"},"schema":{"@context":"https:\/\/schema.org","@graph":[{"@type":"WebPage","@id":"https:\/\/vingtsix.io\/index.php\/google-ads-sea\/","url":"https:\/\/vingtsix.io\/index.php\/google-ads-sea\/","name":"Google Ads - SEA - Vingt-Six","isPartOf":{"@id":"https:\/\/vingtsix.io\/#website"},"datePublished":"2024-02-19T08:50:43+00:00","dateModified":"2024-04-23T17:10:29+00:00","breadcrumb":{"@id":"https:\/\/vingtsix.io\/index.php\/google-ads-sea\/#breadcrumb"},"inLanguage":"en-US","potentialAction":[{"@type":"ReadAction","target":["https:\/\/vingtsix.io\/index.php\/google-ads-sea\/"]}]},{"@type":"BreadcrumbList","@id":"https:\/\/vingtsix.io\/index.php\/google-ads-sea\/#breadcrumb","itemListElement":[{"@type":"ListItem","position":1,"name":"Accueil","item":"https:\/\/vingtsix.io\/"},{"@type":"ListItem","position":2,"name":"Google Ads &#8211; SEA"}]},{"@type":"WebSite","@id":"https:\/\/vingtsix.io\/#website","url":"https:\/\/vingtsix.io\/","name":"Vingt-Six","description":"","publisher":{"@id":"https:\/\/vingtsix.io\/#organization"},"potentialAction":[{"@type":"SearchAction","target":{"@type":"EntryPoint","urlTemplate":"https:\/\/vingtsix.io\/?s={search_term_string}"},"query-input":{"@type":"PropertyValueSpecification","valueRequired":true,"valueName":"search_term_string"}}],"inLanguage":"en-US"},{"@type":"Organization","@id":"https:\/\/vingtsix.io\/#organization","name":"Vingt-Six","url":"https:\/\/vingtsix.io\/","logo":{"@type":"ImageObject","inLanguage":"en-US","@id":"https:\/\/vingtsix.io\/#\/schema\/logo\/image\/","url":"https:\/\/vingtsix.io\/wp-content\/uploads\/2024\/01\/logo1.png","contentUrl":"https:\/\/vingtsix.io\/wp-content\/uploads\/2024\/01\/logo1.png","width":638,"height":479,"caption":"Vingt-Six"},"image":{"@id":"https:\/\/vingtsix.io\/#\/schema\/logo\/image\/"}}]}},"_links":{"self":[{"href":"https:\/\/vingtsix.io\/index.php\/wp-json\/wp\/v2\/pages\/265","targetHints":{"allow":["GET"]}}],"collection":[{"href":"https:\/\/vingtsix.io\/index.php\/wp-json\/wp\/v2\/pages"}],"about":[{"href":"https:\/\/vingtsix.io\/index.php\/wp-json\/wp\/v2\/types\/page"}],"author":[{"embeddable":true,"href":"https:\/\/vingtsix.io\/index.php\/wp-json\/wp\/v2\/users\/1"}],"replies":[{"embeddable":true,"href":"https:\/\/vingtsix.io\/index.php\/wp-json\/wp\/v2\/comments?post=265"}],"version-history":[{"count":25,"href":"https:\/\/vingtsix.io\/index.php\/wp-json\/wp\/v2\/pages\/265\/revisions"}],"predecessor-version":[{"id":583,"href":"https:\/\/vingtsix.io\/index.php\/wp-json\/wp\/v2\/pages\/265\/revisions\/583"}],"wp:attachment":[{"href":"https:\/\/vingtsix.io\/index.php\/wp-json\/wp\/v2\/media?parent=265"}],"curies":[{"name":"wp","href":"https:\/\/api.w.org\/{rel}","templated":true}]}}