{"id":264,"date":"2024-02-19T09:50:37","date_gmt":"2024-02-19T08:50:37","guid":{"rendered":"https:\/\/vingtsix.io\/?page_id=264"},"modified":"2025-10-02T22:50:04","modified_gmt":"2025-10-02T20:50:04","slug":"s-e-o","status":"publish","type":"page","link":"https:\/\/vingtsix.io\/index.php\/s-e-o\/","title":{"rendered":"S.E.O."},"content":{"rendered":"\t\t<div data-elementor-type=\"wp-page\" data-elementor-id=\"264\" class=\"elementor elementor-264\" data-elementor-post-type=\"page\">\n\t\t\t\t<div class=\"elementor-element elementor-element-55a4347 e-flex e-con-boxed e-con e-parent\" data-id=\"55a4347\" data-element_type=\"container\" data-e-type=\"container\">\n\t\t\t\t\t<div class=\"e-con-inner\">\n\t\t\t\t<div class=\"elementor-element elementor-element-3dbfad8 elementor-widget elementor-widget-heading\" data-id=\"3dbfad8\" data-element_type=\"widget\" data-e-type=\"widget\" data-widget_type=\"heading.default\">\n\t\t\t\t<div class=\"elementor-widget-container\">\n\t\t\t\t\t<h2 class=\"elementor-heading-title elementor-size-default\">Dispara\u00eetre du web, c'est dispara\u00eetre tout court !<\/h2>\t\t\t\t<\/div>\n\t\t\t\t<\/div>\n\t\t\t\t\t<\/div>\n\t\t\t\t<\/div>\n\t\t<div class=\"elementor-element elementor-element-9e5f5ca e-flex e-con-boxed e-con e-parent\" data-id=\"9e5f5ca\" data-element_type=\"container\" data-e-type=\"container\">\n\t\t\t\t\t<div class=\"e-con-inner\">\n\t\t\t\t<div class=\"elementor-element elementor-element-64b91df elementor-widget elementor-widget-heading\" data-id=\"64b91df\" data-element_type=\"widget\" data-e-type=\"widget\" data-widget_type=\"heading.default\">\n\t\t\t\t<div class=\"elementor-widget-container\">\n\t\t\t\t\t<h1 class=\"elementor-heading-title elementor-size-default\">Pourquoi choisir Vingt-Six pour votre SEO ?<\/h1>\t\t\t\t<\/div>\n\t\t\t\t<\/div>\n\t\t\t\t<div class=\"elementor-element elementor-element-9adcefc elementor-widget elementor-widget-text-editor\" data-id=\"9adcefc\" data-element_type=\"widget\" data-e-type=\"widget\" data-widget_type=\"text-editor.default\">\n\t\t\t\t<div class=\"elementor-widget-container\">\n\t\t\t\t\t\t\t\t\t<p>L&#8217;invisibilit\u00e9 num\u00e9rique est synonyme d&#8217;inexistence. Que vous soyez une entreprise, un artiste, un artisan ou un particulier, \u00eatre visible sur le web est devenu une n\u00e9cessit\u00e9 absolue.<\/p><p><strong>Vos clients sont en ligne :<\/strong> Internet est le premier r\u00e9flexe pour rechercher un produit, un service ou une information. Si vous n&#8217;y \u00eates pas, vous ratez des opportunit\u00e9s pr\u00e9cieuses. <br \/><strong>La concurrence est rude<\/strong> :Vos concurrents sont d\u00e9j\u00e0 pr\u00e9sents sur le web et se battent pour attirer l&#8217;attention. Se d\u00e9marquer est crucial pour survivre et prosp\u00e9rer. <br \/><strong>C&#8217;est un outil de communication puissant<\/strong> :Le web vous permet de communiquer directement avec votre audience, de construire une communaut\u00e9 et de fid\u00e9liser vos clients.<br \/><strong>Cr\u00e9dibilit\u00e9 et confiance<\/strong> : Une pr\u00e9sence en ligne soign\u00e9e et professionnelle renforce votre image et inspire confiance \u00e0 vos clients potentiels.<\/p><p><strong>Ne laissez pas le train num\u00e9rique vous \u00e9chapper. Investissez dans votre visibilit\u00e9 en ligne et ouvrez les portes d&#8217;un monde d&#8217;opportunit\u00e9s.<\/strong><\/p><p><em>Notre mission est de vous aider \u00e0 capter l&#8217;attention de votre audience cible gr\u00e2ce \u00e0 des strat\u00e9gies de r\u00e9f\u00e9rencement naturel (SEO) \u00e9prouv\u00e9es et personnalis\u00e9es.<\/em><\/p>\t\t\t\t\t\t\t\t<\/div>\n\t\t\t\t<\/div>\n\t\t\t\t<div class=\"elementor-element elementor-element-dfb457c elementor-widget elementor-widget-text-editor\" data-id=\"dfb457c\" data-element_type=\"widget\" data-e-type=\"widget\" data-widget_type=\"text-editor.default\">\n\t\t\t\t<div class=\"elementor-widget-container\">\n\t\t\t\t\t\t\t\t\t<ol><li><p><strong>Expertise Approfondie :<\/strong> Nous sommes constamment \u00e0 jour avec les derni\u00e8res tendances et algorithmes de Google pour garantir que votre site ne b\u00e9n\u00e9ficie que des meilleures pratiques en mati\u00e8re de SEO.<\/p><\/li><li><p><strong>Approche Personnalis\u00e9e :<\/strong> Chaque strat\u00e9gie que nous d\u00e9veloppons est unique, adapt\u00e9e \u00e0 vos besoins sp\u00e9cifiques, \u00e0 votre secteur d&#8217;activit\u00e9 et \u00e0 vos objectifs commerciaux.<\/p><\/li><li><p><strong>R\u00e9sultats Mesurables :<\/strong> Nous nous engageons \u00e0 fournir des r\u00e9sultats tangibles. Gr\u00e2ce \u00e0 nos rapports d\u00e9taill\u00e9s, vous pourrez voir exactement comment notre travail augmente votre trafic organique et am\u00e9liore votre classement.<\/p><\/li><li><p><strong>Collaboration Transparente :<\/strong> Nous croyons \u00e0 une communication ouverte et r\u00e9guli\u00e8re avec nos clients pour assurer que toutes les parties sont align\u00e9es et satisfaites des progr\u00e8s r\u00e9alis\u00e9s.<\/p><\/li><\/ol><h5><strong>Nos Services SEO Incluent :<\/strong><\/h5><ul><li><strong>Audit SEO Complet :<\/strong> Analyse d\u00e9taill\u00e9e de votre site pour identifier les opportunit\u00e9s d&#8217;am\u00e9lioration et les d\u00e9fis \u00e0 surmonter.<\/li><li><strong>Optimisation sur Page :<\/strong> Am\u00e9lioration de la structure de votre site, des balises meta, des images, et du contenu pour une meilleure indexation et une pertinence accrue.<\/li><li><strong>Construction de Liens :<\/strong> Strat\u00e9gies de cr\u00e9ation de liens \u00e9thiques et efficaces pour renforcer l&#8217;autorit\u00e9 de votre site.<\/li><li><strong>SEO Local :<\/strong> Optimisation de votre pr\u00e9sence en ligne pour attirer des clients locaux et augmenter la visibilit\u00e9 dans les recherches g\u00e9olocalis\u00e9es.<\/li><li><strong>Formation et Consultation :<\/strong> Formation de vos \u00e9quipes pour qu&#8217;elles comprennent et appliquent les meilleures pratiques SEO.<strong>\u00a0<\/strong><\/li><\/ul>\t\t\t\t\t\t\t\t<\/div>\n\t\t\t\t<\/div>\n\t\t\t\t<div class=\"elementor-element elementor-element-5fb491c elementor-widget elementor-widget-button\" data-id=\"5fb491c\" data-element_type=\"widget\" data-e-type=\"widget\" data-widget_type=\"button.default\">\n\t\t\t\t<div class=\"elementor-widget-container\">\n\t\t\t\t\t\t\t\t\t<div class=\"elementor-button-wrapper\">\n\t\t\t\t\t<a class=\"elementor-button elementor-button-link elementor-size-sm\" href=\"https:\/\/calendar.app.google\/xdAUpBuvZU1tdZFH7\">\n\t\t\t\t\t\t<span class=\"elementor-button-content-wrapper\">\n\t\t\t\t\t\t<span class=\"elementor-button-icon\">\n\t\t\t\t<svg aria-hidden=\"true\" class=\"e-font-icon-svg e-far-calendar-check\" viewBox=\"0 0 448 512\" xmlns=\"http:\/\/www.w3.org\/2000\/svg\"><path d=\"M400 64h-48V12c0-6.627-5.373-12-12-12h-40c-6.627 0-12 5.373-12 12v52H160V12c0-6.627-5.373-12-12-12h-40c-6.627 0-12 5.373-12 12v52H48C21.49 64 0 85.49 0 112v352c0 26.51 21.49 48 48 48h352c26.51 0 48-21.49 48-48V112c0-26.51-21.49-48-48-48zm-6 400H54a6 6 0 0 1-6-6V160h352v298a6 6 0 0 1-6 6zm-52.849-200.65L198.842 404.519c-4.705 4.667-12.303 4.637-16.971-.068l-75.091-75.699c-4.667-4.705-4.637-12.303.068-16.971l22.719-22.536c4.705-4.667 12.303-4.637 16.97.069l44.104 44.461 111.072-110.181c4.705-4.667 12.303-4.637 16.971.068l22.536 22.718c4.667 4.705 4.636 12.303-.069 16.97z\"><\/path><\/svg>\t\t\t<\/span>\n\t\t\t\t\t\t\t\t\t<span class=\"elementor-button-text\">Prenons Rendez-vous !<\/span>\n\t\t\t\t\t<\/span>\n\t\t\t\t\t<\/a>\n\t\t\t\t<\/div>\n\t\t\t\t\t\t\t\t<\/div>\n\t\t\t\t<\/div>\n\t\t\t\t\t<\/div>\n\t\t\t\t<\/div>\n\t\t\t\t<\/div>\n\t\t","protected":false},"excerpt":{"rendered":"<p>Dispara\u00eetre du web, c&#8217;est dispara\u00eetre tout court ! Pourquoi choisir Vingt-Six pour votre SEO ? L&#8217;invisibilit\u00e9 num\u00e9rique est synonyme d&#8217;inexistence. Que vous soyez une entreprise, un artiste, un artisan ou un particulier, \u00eatre visible sur le web est devenu une n\u00e9cessit\u00e9 absolue. Vos clients sont en ligne : Internet est le premier r\u00e9flexe pour rechercher [&hellip;]<\/p>\n","protected":false},"author":1,"featured_media":0,"parent":0,"menu_order":0,"comment_status":"closed","ping_status":"closed","template":"","meta":{"footnotes":""},"class_list":["post-264","page","type-page","status-publish","hentry"],"yoast_head":"<!-- This site is optimized with the Yoast SEO plugin v27.4 - https:\/\/yoast.com\/product\/yoast-seo-wordpress\/ -->\n<title>S.E.O. - Vingt-Six<\/title>\n<meta name=\"robots\" content=\"index, follow, max-snippet:-1, max-image-preview:large, max-video-preview:-1\" \/>\n<link rel=\"canonical\" href=\"https:\/\/vingtsix.io\/index.php\/s-e-o\/\" \/>\n<meta property=\"og:locale\" content=\"en_US\" \/>\n<meta property=\"og:type\" content=\"article\" \/>\n<meta property=\"og:title\" content=\"S.E.O. - Vingt-Six\" \/>\n<meta property=\"og:description\" content=\"Dispara\u00eetre du web, c&#8217;est dispara\u00eetre tout court ! Pourquoi choisir Vingt-Six pour votre SEO ? L&#8217;invisibilit\u00e9 num\u00e9rique est synonyme d&#8217;inexistence. Que vous soyez une entreprise, un artiste, un artisan ou un particulier, \u00eatre visible sur le web est devenu une n\u00e9cessit\u00e9 absolue. Vos clients sont en ligne : Internet est le premier r\u00e9flexe pour rechercher [&hellip;]\" \/>\n<meta property=\"og:url\" content=\"https:\/\/vingtsix.io\/index.php\/s-e-o\/\" \/>\n<meta property=\"og:site_name\" content=\"Vingt-Six\" \/>\n<meta property=\"article:modified_time\" content=\"2025-10-02T20:50:04+00:00\" \/>\n<meta name=\"twitter:card\" content=\"summary_large_image\" \/>\n<meta name=\"twitter:label1\" content=\"Est. reading time\" \/>\n\t<meta name=\"twitter:data1\" content=\"3 minutes\" \/>\n<script type=\"application\/ld+json\" class=\"yoast-schema-graph\">{\"@context\":\"https:\\\/\\\/schema.org\",\"@graph\":[{\"@type\":\"WebPage\",\"@id\":\"https:\\\/\\\/vingtsix.io\\\/index.php\\\/s-e-o\\\/\",\"url\":\"https:\\\/\\\/vingtsix.io\\\/index.php\\\/s-e-o\\\/\",\"name\":\"S.E.O. - Vingt-Six\",\"isPartOf\":{\"@id\":\"https:\\\/\\\/vingtsix.io\\\/#website\"},\"datePublished\":\"2024-02-19T08:50:37+00:00\",\"dateModified\":\"2025-10-02T20:50:04+00:00\",\"breadcrumb\":{\"@id\":\"https:\\\/\\\/vingtsix.io\\\/index.php\\\/s-e-o\\\/#breadcrumb\"},\"inLanguage\":\"en-US\",\"potentialAction\":[{\"@type\":\"ReadAction\",\"target\":[\"https:\\\/\\\/vingtsix.io\\\/index.php\\\/s-e-o\\\/\"]}]},{\"@type\":\"BreadcrumbList\",\"@id\":\"https:\\\/\\\/vingtsix.io\\\/index.php\\\/s-e-o\\\/#breadcrumb\",\"itemListElement\":[{\"@type\":\"ListItem\",\"position\":1,\"name\":\"Accueil\",\"item\":\"https:\\\/\\\/vingtsix.io\\\/\"},{\"@type\":\"ListItem\",\"position\":2,\"name\":\"S.E.O.\"}]},{\"@type\":\"WebSite\",\"@id\":\"https:\\\/\\\/vingtsix.io\\\/#website\",\"url\":\"https:\\\/\\\/vingtsix.io\\\/\",\"name\":\"Vingt-Six\",\"description\":\"\",\"publisher\":{\"@id\":\"https:\\\/\\\/vingtsix.io\\\/#organization\"},\"potentialAction\":[{\"@type\":\"SearchAction\",\"target\":{\"@type\":\"EntryPoint\",\"urlTemplate\":\"https:\\\/\\\/vingtsix.io\\\/?s={search_term_string}\"},\"query-input\":{\"@type\":\"PropertyValueSpecification\",\"valueRequired\":true,\"valueName\":\"search_term_string\"}}],\"inLanguage\":\"en-US\"},{\"@type\":\"Organization\",\"@id\":\"https:\\\/\\\/vingtsix.io\\\/#organization\",\"name\":\"Vingt-Six\",\"url\":\"https:\\\/\\\/vingtsix.io\\\/\",\"logo\":{\"@type\":\"ImageObject\",\"inLanguage\":\"en-US\",\"@id\":\"https:\\\/\\\/vingtsix.io\\\/#\\\/schema\\\/logo\\\/image\\\/\",\"url\":\"https:\\\/\\\/vingtsix.io\\\/wp-content\\\/uploads\\\/2024\\\/01\\\/logo1.png\",\"contentUrl\":\"https:\\\/\\\/vingtsix.io\\\/wp-content\\\/uploads\\\/2024\\\/01\\\/logo1.png\",\"width\":638,\"height\":479,\"caption\":\"Vingt-Six\"},\"image\":{\"@id\":\"https:\\\/\\\/vingtsix.io\\\/#\\\/schema\\\/logo\\\/image\\\/\"}}]}<\/script>\n<!-- \/ Yoast SEO plugin. -->","yoast_head_json":{"title":"S.E.O. - Vingt-Six","robots":{"index":"index","follow":"follow","max-snippet":"max-snippet:-1","max-image-preview":"max-image-preview:large","max-video-preview":"max-video-preview:-1"},"canonical":"https:\/\/vingtsix.io\/index.php\/s-e-o\/","og_locale":"en_US","og_type":"article","og_title":"S.E.O. - Vingt-Six","og_description":"Dispara\u00eetre du web, c&#8217;est dispara\u00eetre tout court ! Pourquoi choisir Vingt-Six pour votre SEO ? L&#8217;invisibilit\u00e9 num\u00e9rique est synonyme d&#8217;inexistence. Que vous soyez une entreprise, un artiste, un artisan ou un particulier, \u00eatre visible sur le web est devenu une n\u00e9cessit\u00e9 absolue. Vos clients sont en ligne : Internet est le premier r\u00e9flexe pour rechercher [&hellip;]","og_url":"https:\/\/vingtsix.io\/index.php\/s-e-o\/","og_site_name":"Vingt-Six","article_modified_time":"2025-10-02T20:50:04+00:00","twitter_card":"summary_large_image","twitter_misc":{"Est. reading time":"3 minutes"},"schema":{"@context":"https:\/\/schema.org","@graph":[{"@type":"WebPage","@id":"https:\/\/vingtsix.io\/index.php\/s-e-o\/","url":"https:\/\/vingtsix.io\/index.php\/s-e-o\/","name":"S.E.O. - Vingt-Six","isPartOf":{"@id":"https:\/\/vingtsix.io\/#website"},"datePublished":"2024-02-19T08:50:37+00:00","dateModified":"2025-10-02T20:50:04+00:00","breadcrumb":{"@id":"https:\/\/vingtsix.io\/index.php\/s-e-o\/#breadcrumb"},"inLanguage":"en-US","potentialAction":[{"@type":"ReadAction","target":["https:\/\/vingtsix.io\/index.php\/s-e-o\/"]}]},{"@type":"BreadcrumbList","@id":"https:\/\/vingtsix.io\/index.php\/s-e-o\/#breadcrumb","itemListElement":[{"@type":"ListItem","position":1,"name":"Accueil","item":"https:\/\/vingtsix.io\/"},{"@type":"ListItem","position":2,"name":"S.E.O."}]},{"@type":"WebSite","@id":"https:\/\/vingtsix.io\/#website","url":"https:\/\/vingtsix.io\/","name":"Vingt-Six","description":"","publisher":{"@id":"https:\/\/vingtsix.io\/#organization"},"potentialAction":[{"@type":"SearchAction","target":{"@type":"EntryPoint","urlTemplate":"https:\/\/vingtsix.io\/?s={search_term_string}"},"query-input":{"@type":"PropertyValueSpecification","valueRequired":true,"valueName":"search_term_string"}}],"inLanguage":"en-US"},{"@type":"Organization","@id":"https:\/\/vingtsix.io\/#organization","name":"Vingt-Six","url":"https:\/\/vingtsix.io\/","logo":{"@type":"ImageObject","inLanguage":"en-US","@id":"https:\/\/vingtsix.io\/#\/schema\/logo\/image\/","url":"https:\/\/vingtsix.io\/wp-content\/uploads\/2024\/01\/logo1.png","contentUrl":"https:\/\/vingtsix.io\/wp-content\/uploads\/2024\/01\/logo1.png","width":638,"height":479,"caption":"Vingt-Six"},"image":{"@id":"https:\/\/vingtsix.io\/#\/schema\/logo\/image\/"}}]}},"_links":{"self":[{"href":"https:\/\/vingtsix.io\/index.php\/wp-json\/wp\/v2\/pages\/264","targetHints":{"allow":["GET"]}}],"collection":[{"href":"https:\/\/vingtsix.io\/index.php\/wp-json\/wp\/v2\/pages"}],"about":[{"href":"https:\/\/vingtsix.io\/index.php\/wp-json\/wp\/v2\/types\/page"}],"author":[{"embeddable":true,"href":"https:\/\/vingtsix.io\/index.php\/wp-json\/wp\/v2\/users\/1"}],"replies":[{"embeddable":true,"href":"https:\/\/vingtsix.io\/index.php\/wp-json\/wp\/v2\/comments?post=264"}],"version-history":[{"count":25,"href":"https:\/\/vingtsix.io\/index.php\/wp-json\/wp\/v2\/pages\/264\/revisions"}],"predecessor-version":[{"id":805,"href":"https:\/\/vingtsix.io\/index.php\/wp-json\/wp\/v2\/pages\/264\/revisions\/805"}],"wp:attachment":[{"href":"https:\/\/vingtsix.io\/index.php\/wp-json\/wp\/v2\/media?parent=264"}],"curies":[{"name":"wp","href":"https:\/\/api.w.org\/{rel}","templated":true}]}}