{"id":250,"date":"2024-02-19T09:31:55","date_gmt":"2024-02-19T08:31:55","guid":{"rendered":"https:\/\/vingtsix.io\/?page_id=250"},"modified":"2024-04-23T19:58:07","modified_gmt":"2024-04-23T17:58:07","slug":"part-time-c-m-o","status":"publish","type":"page","link":"https:\/\/vingtsix.io\/index.php\/part-time-c-m-o\/","title":{"rendered":"Part Time C.M.O."},"content":{"rendered":"\t\t<div data-elementor-type=\"wp-page\" data-elementor-id=\"250\" class=\"elementor elementor-250\" data-elementor-post-type=\"page\">\n\t\t\t\t<div class=\"elementor-element elementor-element-3049785 e-flex e-con-boxed e-con e-parent\" data-id=\"3049785\" data-element_type=\"container\" data-e-type=\"container\">\n\t\t\t\t\t<div class=\"e-con-inner\">\n\t\t\t\t<div class=\"elementor-element elementor-element-b665942 elementor-widget elementor-widget-heading\" data-id=\"b665942\" data-element_type=\"widget\" data-e-type=\"widget\" data-widget_type=\"heading.default\">\n\t\t\t\t<div class=\"elementor-widget-container\">\n\t\t\t\t\t<h1 class=\"elementor-heading-title elementor-size-default\">Directeur marketing \u00e0 temps partag\u00e9<\/h1>\t\t\t\t<\/div>\n\t\t\t\t<\/div>\n\t\t\t\t<div class=\"elementor-element elementor-element-c5ddd7f elementor-widget elementor-widget-heading\" data-id=\"c5ddd7f\" data-element_type=\"widget\" data-e-type=\"widget\" data-widget_type=\"heading.default\">\n\t\t\t\t<div class=\"elementor-widget-container\">\n\t\t\t\t\t<h2 class=\"elementor-heading-title elementor-size-default\">\"CMO as a Service\"<\/h2>\t\t\t\t<\/div>\n\t\t\t\t<\/div>\n\t\t\t\t<div class=\"elementor-element elementor-element-2503a8c elementor-widget elementor-widget-heading\" data-id=\"2503a8c\" data-element_type=\"widget\" data-e-type=\"widget\" data-widget_type=\"heading.default\">\n\t\t\t\t<div class=\"elementor-widget-container\">\n\t\t\t\t\t<h2 class=\"elementor-heading-title elementor-size-default\">Marketing Agile<\/h2>\t\t\t\t<\/div>\n\t\t\t\t<\/div>\n\t\t\t\t<div class=\"elementor-element elementor-element-ffcdd35 elementor-widget elementor-widget-text-editor\" data-id=\"ffcdd35\" data-element_type=\"widget\" data-e-type=\"widget\" data-widget_type=\"text-editor.default\">\n\t\t\t\t<div class=\"elementor-widget-container\">\n\t\t\t\t\t\t\t\t\t<p><span style=\"font-weight: 400;\">Vous dirigez une petite structure et comprenez l&#8217;importance vitale du marketing, mais faites face \u00e0 des d\u00e9fis majeurs. Les ressources sont limit\u00e9es, les alternants disponibles mais souvent inexp\u00e9riment\u00e9s et n\u00e9cessitant une guidance constante.<\/span><\/p><p><span style=\"font-weight: 400;\">Imaginez une solution o\u00f9 la flexibilit\u00e9 et le contr\u00f4le des co\u00fbts se conjuguent avec une expertise de haut niveau. Une solution adapt\u00e9e aux r\u00e9alit\u00e9s et aux d\u00e9fis sp\u00e9cifiques de votre entreprise.<\/span><\/p><p><span style=\"font-weight: 400;\">Nous avons cette solution, le\u00a0 <strong>&#8216;CMO as a Service&#8217;, ou Part time CMO<\/strong> un concept r\u00e9volutionnaire qui apporte l&#8217;expertise marketing int\u00e9gr\u00e9e dont vous avez besoin, sans les contraintes habituelles. Cette solution vous offre l&#8217;expertise d&#8217;un Directeur Marketing exp\u00e9riment\u00e9, disponible selon vos besoins et sans les co\u00fbts d&#8217;un poste \u00e0 temps plein.<\/span><\/p><p><span style=\"font-weight: 400;\">N&#8217;attendez plus pour transformer votre approche marketing. D\u00e9couvrez comment notre offre de &#8216;CMO as a Service&#8217; peut dynamiser votre entreprise tout en ma\u00eetrisant vos co\u00fbts. <span style=\"text-decoration: underline;\"><strong><a href=\"https:\/\/vingtsix.io\/index.php\/contact\/\">Contactez-nous<\/a><\/strong><\/span> d\u00e8s aujourd&#8217;hui pour en savoir plus et commencer \u00e0 \u00e9crire un nouveau chapitre dans l&#8217;histoire de votre succ\u00e8s.&#8221;<\/span><\/p>\t\t\t\t\t\t\t\t<\/div>\n\t\t\t\t<\/div>\n\t\t\t\t<div class=\"elementor-element elementor-element-0caf856 elementor-widget elementor-widget-heading\" data-id=\"0caf856\" data-element_type=\"widget\" data-e-type=\"widget\" data-widget_type=\"heading.default\">\n\t\t\t\t<div class=\"elementor-widget-container\">\n\t\t\t\t\t<h2 class=\"elementor-heading-title elementor-size-default\">La puissance d'un CMO fractionn\u00e9<\/h2>\t\t\t\t<\/div>\n\t\t\t\t<\/div>\n\t\t\t\t<div class=\"elementor-element elementor-element-e824dbe elementor-widget elementor-widget-text-editor\" data-id=\"e824dbe\" data-element_type=\"widget\" data-e-type=\"widget\" data-widget_type=\"text-editor.default\">\n\t\t\t\t<div class=\"elementor-widget-container\">\n\t\t\t\t\t\t\t\t\t<p><span style=\"font-weight: 400;\">L&#8217;embauche d&#8217;un Chief Marketing Officer fractionn\u00e9 offre l&#8217;expertise d&#8217;un CMO sans les frais g\u00e9n\u00e9raux co\u00fbteux. Nos professionnels chevronn\u00e9s du marketing apportent des connaissances sp\u00e9cialis\u00e9es et un point de vue ext\u00e9rieur pour identifier les opportunit\u00e9s de croissance.<\/span><\/p>\t\t\t\t\t\t\t\t<\/div>\n\t\t\t\t<\/div>\n\t\t\t\t<div class=\"elementor-element elementor-element-7892745 elementor-widget elementor-widget-heading\" data-id=\"7892745\" data-element_type=\"widget\" data-e-type=\"widget\" data-widget_type=\"heading.default\">\n\t\t\t\t<div class=\"elementor-widget-container\">\n\t\t\t\t\t<h3 class=\"elementor-heading-title elementor-size-default\">Nous collaborons avec vous pour<\/h3>\t\t\t\t<\/div>\n\t\t\t\t<\/div>\n\t\t\t\t<div class=\"elementor-element elementor-element-a706ddf elementor-widget elementor-widget-text-editor\" data-id=\"a706ddf\" data-element_type=\"widget\" data-e-type=\"widget\" data-widget_type=\"text-editor.default\">\n\t\t\t\t<div class=\"elementor-widget-container\">\n\t\t\t\t\t\t\t\t\t<ul><li><span style=\"font-weight: 400;\">D\u00e9velopper des strat\u00e9gies de marketing bas\u00e9es sur des donn\u00e9es<\/span><\/li><li><span style=\"font-weight: 400;\">Optimiser la visibilit\u00e9 de la marque en ligne<\/span><\/li><li><span style=\"font-weight: 400;\">Augmenter le nombre de visiteurs et de prospects qualifi\u00e9s<\/span><\/li><li><span style=\"font-weight: 400;\">Am\u00e9liorer les performances des campagnes<\/span><\/li><li><span style=\"font-weight: 400;\">D\u00e9velopper les capacit\u00e9s de marketing<\/span><\/li><\/ul>\t\t\t\t\t\t\t\t<\/div>\n\t\t\t\t<\/div>\n\t\t\t\t<div class=\"elementor-element elementor-element-001055c elementor-widget elementor-widget-heading\" data-id=\"001055c\" data-element_type=\"widget\" data-e-type=\"widget\" data-widget_type=\"heading.default\">\n\t\t\t\t<div class=\"elementor-widget-container\">\n\t\t\t\t\t<h2 class=\"elementor-heading-title elementor-size-default\">La diff\u00e9rence VingtSix<\/h2>\t\t\t\t<\/div>\n\t\t\t\t<\/div>\n\t\t\t\t<div class=\"elementor-element elementor-element-f938cd9 elementor-widget elementor-widget-text-editor\" data-id=\"f938cd9\" data-element_type=\"widget\" data-e-type=\"widget\" data-widget_type=\"text-editor.default\">\n\t\t\t\t<div class=\"elementor-widget-container\">\n\t\t\t\t\t\t\t\t\t<p><span style=\"font-weight: 400;\">Notre mod\u00e8le d&#8217;engagement flexible vous permet d&#8217;augmenter ou de r\u00e9duire nos services en fonction de vos besoins. Nous compl\u00e9tons votre \u00e9quipe en g\u00e9rant des initiatives de marketing sp\u00e9cialis\u00e9es et en fournissant un mentorat.<\/span><\/p><ul><li><span style=\"font-weight: 400;\">Acc\u00e8s abordable \u00e0 un leadership strat\u00e9gique de niveau CMO<\/span><\/li><li><span style=\"font-weight: 400;\">Engagement mensuel personnalis\u00e9<\/span><\/li><li><span style=\"font-weight: 400;\">\u00c9quipe marketing \u00e9largie \u00e0 la demande<\/span><\/li><li><span style=\"font-weight: 400;\">Analyse et optimisation des performances<\/span><\/li><li><span style=\"font-weight: 400;\">Tactiques de marketing de croissance \u00e9prouv\u00e9es<\/span><\/li><li><span style=\"font-weight: 400;\">Faites progresser votre entreprise<\/span><\/li><\/ul><p>\u00a0<\/p><p><span style=\"font-weight: 400;\">Nos Part time CMO ont des d\u00e9cennies d&#8217;exp\u00e9rience dans l&#8217;accompagnement des entreprises vers le niveau sup\u00e9rieur, viennent de grands groupes et pour certains une vrai expertise de l\u2019international.<\/span><\/p>\t\t\t\t\t\t\t\t<\/div>\n\t\t\t\t<\/div>\n\t\t\t\t<div class=\"elementor-element elementor-element-6a0c94d elementor-widget elementor-widget-heading\" data-id=\"6a0c94d\" data-element_type=\"widget\" data-e-type=\"widget\" data-widget_type=\"heading.default\">\n\t\t\t\t<div class=\"elementor-widget-container\">\n\t\t\t\t\t<h2 class=\"elementor-heading-title elementor-size-default\"> Laissez-nous personnaliser une approche pour\n<\/h2>\t\t\t\t<\/div>\n\t\t\t\t<\/div>\n\t\t\t\t<div class=\"elementor-element elementor-element-2711cbb elementor-widget elementor-widget-text-editor\" data-id=\"2711cbb\" data-element_type=\"widget\" data-e-type=\"widget\" data-widget_type=\"text-editor.default\">\n\t\t\t\t<div class=\"elementor-widget-container\">\n\t\t\t\t\t\t\t\t\t<ul><li><span style=\"font-weight: 400;\">Accro\u00eetre la notori\u00e9t\u00e9 de la marque<\/span><\/li><li><span style=\"font-weight: 400;\">Am\u00e9liorer le SEO\/SEM<\/span><\/li><li><span style=\"font-weight: 400;\">Augmenter la port\u00e9e des m\u00e9dias sociaux<\/span><\/li><li><span style=\"font-weight: 400;\">Augmenter les conversions<\/span><\/li><li><span style=\"font-weight: 400;\">Augmenter les revenus<\/span><\/li><li><span style=\"font-weight: 400;\">Nous nous engageons \u00e0 collaborer avec vous pour r\u00e9aliser votre vision. <a href=\"https:\/\/vingtsix.io\/index.php\/contact\/\">Contactez-nous<\/a> d\u00e8s aujourd&#8217;hui pour planifier un appel de d\u00e9couverte.<\/span><\/li><\/ul><blockquote><h5 style=\"text-align: left;\"><strong><em>R\u00e9volutionnez votre marketing avec VingtSix<\/em><\/strong><\/h5><\/blockquote>\t\t\t\t\t\t\t\t<\/div>\n\t\t\t\t<\/div>\n\t\t\t\t<div class=\"elementor-element elementor-element-7278cd7 elementor-align-center elementor-widget elementor-widget-button\" data-id=\"7278cd7\" data-element_type=\"widget\" data-e-type=\"widget\" data-widget_type=\"button.default\">\n\t\t\t\t<div class=\"elementor-widget-container\">\n\t\t\t\t\t\t\t\t\t<div class=\"elementor-button-wrapper\">\n\t\t\t\t\t<a class=\"elementor-button elementor-button-link elementor-size-sm\" href=\"https:\/\/app.reclaim.ai\/m\/decouverte\/meeting\">\n\t\t\t\t\t\t<span class=\"elementor-button-content-wrapper\">\n\t\t\t\t\t\t<span class=\"elementor-button-icon\">\n\t\t\t\t<svg aria-hidden=\"true\" class=\"e-font-icon-svg e-far-calendar-alt\" viewBox=\"0 0 448 512\" xmlns=\"http:\/\/www.w3.org\/2000\/svg\"><path d=\"M148 288h-40c-6.6 0-12-5.4-12-12v-40c0-6.6 5.4-12 12-12h40c6.6 0 12 5.4 12 12v40c0 6.6-5.4 12-12 12zm108-12v-40c0-6.6-5.4-12-12-12h-40c-6.6 0-12 5.4-12 12v40c0 6.6 5.4 12 12 12h40c6.6 0 12-5.4 12-12zm96 0v-40c0-6.6-5.4-12-12-12h-40c-6.6 0-12 5.4-12 12v40c0 6.6 5.4 12 12 12h40c6.6 0 12-5.4 12-12zm-96 96v-40c0-6.6-5.4-12-12-12h-40c-6.6 0-12 5.4-12 12v40c0 6.6 5.4 12 12 12h40c6.6 0 12-5.4 12-12zm-96 0v-40c0-6.6-5.4-12-12-12h-40c-6.6 0-12 5.4-12 12v40c0 6.6 5.4 12 12 12h40c6.6 0 12-5.4 12-12zm192 0v-40c0-6.6-5.4-12-12-12h-40c-6.6 0-12 5.4-12 12v40c0 6.6 5.4 12 12 12h40c6.6 0 12-5.4 12-12zm96-260v352c0 26.5-21.5 48-48 48H48c-26.5 0-48-21.5-48-48V112c0-26.5 21.5-48 48-48h48V12c0-6.6 5.4-12 12-12h40c6.6 0 12 5.4 12 12v52h128V12c0-6.6 5.4-12 12-12h40c6.6 0 12 5.4 12 12v52h48c26.5 0 48 21.5 48 48zm-48 346V160H48v298c0 3.3 2.7 6 6 6h340c3.3 0 6-2.7 6-6z\"><\/path><\/svg>\t\t\t<\/span>\n\t\t\t\t\t\t\t\t\t<span class=\"elementor-button-text\">R\u00e9servez votre consultation !<\/span>\n\t\t\t\t\t<\/span>\n\t\t\t\t\t<\/a>\n\t\t\t\t<\/div>\n\t\t\t\t\t\t\t\t<\/div>\n\t\t\t\t<\/div>\n\t\t\t\t\t<\/div>\n\t\t\t\t<\/div>\n\t\t\t\t<\/div>\n\t\t","protected":false},"excerpt":{"rendered":"<p>Directeur marketing \u00e0 temps partag\u00e9 &#8220;CMO as a Service&#8221; Marketing Agile Vous dirigez une petite structure et comprenez l&#8217;importance vitale du marketing, mais faites face \u00e0 des d\u00e9fis majeurs. Les ressources sont limit\u00e9es, les alternants disponibles mais souvent inexp\u00e9riment\u00e9s et n\u00e9cessitant une guidance constante. Imaginez une solution o\u00f9 la flexibilit\u00e9 et le contr\u00f4le des co\u00fbts [&hellip;]<\/p>\n","protected":false},"author":1,"featured_media":0,"parent":0,"menu_order":0,"comment_status":"closed","ping_status":"closed","template":"","meta":{"footnotes":""},"class_list":["post-250","page","type-page","status-publish","hentry"],"yoast_head":"<!-- This site is optimized with the Yoast SEO plugin v27.4 - https:\/\/yoast.com\/product\/yoast-seo-wordpress\/ -->\n<title>Part Time C.M.O. - Vingt-Six<\/title>\n<meta name=\"robots\" content=\"index, follow, max-snippet:-1, max-image-preview:large, max-video-preview:-1\" \/>\n<link rel=\"canonical\" href=\"https:\/\/vingtsix.io\/index.php\/part-time-c-m-o\/\" \/>\n<meta property=\"og:locale\" content=\"en_US\" \/>\n<meta property=\"og:type\" content=\"article\" \/>\n<meta property=\"og:title\" content=\"Part Time C.M.O. - Vingt-Six\" \/>\n<meta property=\"og:description\" content=\"Directeur marketing \u00e0 temps partag\u00e9 &#8220;CMO as a Service&#8221; Marketing Agile Vous dirigez une petite structure et comprenez l&#8217;importance vitale du marketing, mais faites face \u00e0 des d\u00e9fis majeurs. Les ressources sont limit\u00e9es, les alternants disponibles mais souvent inexp\u00e9riment\u00e9s et n\u00e9cessitant une guidance constante. Imaginez une solution o\u00f9 la flexibilit\u00e9 et le contr\u00f4le des co\u00fbts [&hellip;]\" \/>\n<meta property=\"og:url\" content=\"https:\/\/vingtsix.io\/index.php\/part-time-c-m-o\/\" \/>\n<meta property=\"og:site_name\" content=\"Vingt-Six\" \/>\n<meta property=\"article:modified_time\" content=\"2024-04-23T17:58:07+00:00\" \/>\n<meta name=\"twitter:card\" content=\"summary_large_image\" \/>\n<meta name=\"twitter:label1\" content=\"Est. reading time\" \/>\n\t<meta name=\"twitter:data1\" content=\"2 minutes\" \/>\n<script type=\"application\/ld+json\" class=\"yoast-schema-graph\">{\"@context\":\"https:\\\/\\\/schema.org\",\"@graph\":[{\"@type\":\"WebPage\",\"@id\":\"https:\\\/\\\/vingtsix.io\\\/index.php\\\/part-time-c-m-o\\\/\",\"url\":\"https:\\\/\\\/vingtsix.io\\\/index.php\\\/part-time-c-m-o\\\/\",\"name\":\"Part Time C.M.O. - Vingt-Six\",\"isPartOf\":{\"@id\":\"https:\\\/\\\/vingtsix.io\\\/#website\"},\"datePublished\":\"2024-02-19T08:31:55+00:00\",\"dateModified\":\"2024-04-23T17:58:07+00:00\",\"breadcrumb\":{\"@id\":\"https:\\\/\\\/vingtsix.io\\\/index.php\\\/part-time-c-m-o\\\/#breadcrumb\"},\"inLanguage\":\"en-US\",\"potentialAction\":[{\"@type\":\"ReadAction\",\"target\":[\"https:\\\/\\\/vingtsix.io\\\/index.php\\\/part-time-c-m-o\\\/\"]}]},{\"@type\":\"BreadcrumbList\",\"@id\":\"https:\\\/\\\/vingtsix.io\\\/index.php\\\/part-time-c-m-o\\\/#breadcrumb\",\"itemListElement\":[{\"@type\":\"ListItem\",\"position\":1,\"name\":\"Accueil\",\"item\":\"https:\\\/\\\/vingtsix.io\\\/\"},{\"@type\":\"ListItem\",\"position\":2,\"name\":\"Part Time C.M.O.\"}]},{\"@type\":\"WebSite\",\"@id\":\"https:\\\/\\\/vingtsix.io\\\/#website\",\"url\":\"https:\\\/\\\/vingtsix.io\\\/\",\"name\":\"Vingt-Six\",\"description\":\"\",\"publisher\":{\"@id\":\"https:\\\/\\\/vingtsix.io\\\/#organization\"},\"potentialAction\":[{\"@type\":\"SearchAction\",\"target\":{\"@type\":\"EntryPoint\",\"urlTemplate\":\"https:\\\/\\\/vingtsix.io\\\/?s={search_term_string}\"},\"query-input\":{\"@type\":\"PropertyValueSpecification\",\"valueRequired\":true,\"valueName\":\"search_term_string\"}}],\"inLanguage\":\"en-US\"},{\"@type\":\"Organization\",\"@id\":\"https:\\\/\\\/vingtsix.io\\\/#organization\",\"name\":\"Vingt-Six\",\"url\":\"https:\\\/\\\/vingtsix.io\\\/\",\"logo\":{\"@type\":\"ImageObject\",\"inLanguage\":\"en-US\",\"@id\":\"https:\\\/\\\/vingtsix.io\\\/#\\\/schema\\\/logo\\\/image\\\/\",\"url\":\"https:\\\/\\\/vingtsix.io\\\/wp-content\\\/uploads\\\/2024\\\/01\\\/logo1.png\",\"contentUrl\":\"https:\\\/\\\/vingtsix.io\\\/wp-content\\\/uploads\\\/2024\\\/01\\\/logo1.png\",\"width\":638,\"height\":479,\"caption\":\"Vingt-Six\"},\"image\":{\"@id\":\"https:\\\/\\\/vingtsix.io\\\/#\\\/schema\\\/logo\\\/image\\\/\"}}]}<\/script>\n<!-- \/ Yoast SEO plugin. -->","yoast_head_json":{"title":"Part Time C.M.O. - Vingt-Six","robots":{"index":"index","follow":"follow","max-snippet":"max-snippet:-1","max-image-preview":"max-image-preview:large","max-video-preview":"max-video-preview:-1"},"canonical":"https:\/\/vingtsix.io\/index.php\/part-time-c-m-o\/","og_locale":"en_US","og_type":"article","og_title":"Part Time C.M.O. - Vingt-Six","og_description":"Directeur marketing \u00e0 temps partag\u00e9 &#8220;CMO as a Service&#8221; Marketing Agile Vous dirigez une petite structure et comprenez l&#8217;importance vitale du marketing, mais faites face \u00e0 des d\u00e9fis majeurs. Les ressources sont limit\u00e9es, les alternants disponibles mais souvent inexp\u00e9riment\u00e9s et n\u00e9cessitant une guidance constante. Imaginez une solution o\u00f9 la flexibilit\u00e9 et le contr\u00f4le des co\u00fbts [&hellip;]","og_url":"https:\/\/vingtsix.io\/index.php\/part-time-c-m-o\/","og_site_name":"Vingt-Six","article_modified_time":"2024-04-23T17:58:07+00:00","twitter_card":"summary_large_image","twitter_misc":{"Est. reading time":"2 minutes"},"schema":{"@context":"https:\/\/schema.org","@graph":[{"@type":"WebPage","@id":"https:\/\/vingtsix.io\/index.php\/part-time-c-m-o\/","url":"https:\/\/vingtsix.io\/index.php\/part-time-c-m-o\/","name":"Part Time C.M.O. - Vingt-Six","isPartOf":{"@id":"https:\/\/vingtsix.io\/#website"},"datePublished":"2024-02-19T08:31:55+00:00","dateModified":"2024-04-23T17:58:07+00:00","breadcrumb":{"@id":"https:\/\/vingtsix.io\/index.php\/part-time-c-m-o\/#breadcrumb"},"inLanguage":"en-US","potentialAction":[{"@type":"ReadAction","target":["https:\/\/vingtsix.io\/index.php\/part-time-c-m-o\/"]}]},{"@type":"BreadcrumbList","@id":"https:\/\/vingtsix.io\/index.php\/part-time-c-m-o\/#breadcrumb","itemListElement":[{"@type":"ListItem","position":1,"name":"Accueil","item":"https:\/\/vingtsix.io\/"},{"@type":"ListItem","position":2,"name":"Part Time C.M.O."}]},{"@type":"WebSite","@id":"https:\/\/vingtsix.io\/#website","url":"https:\/\/vingtsix.io\/","name":"Vingt-Six","description":"","publisher":{"@id":"https:\/\/vingtsix.io\/#organization"},"potentialAction":[{"@type":"SearchAction","target":{"@type":"EntryPoint","urlTemplate":"https:\/\/vingtsix.io\/?s={search_term_string}"},"query-input":{"@type":"PropertyValueSpecification","valueRequired":true,"valueName":"search_term_string"}}],"inLanguage":"en-US"},{"@type":"Organization","@id":"https:\/\/vingtsix.io\/#organization","name":"Vingt-Six","url":"https:\/\/vingtsix.io\/","logo":{"@type":"ImageObject","inLanguage":"en-US","@id":"https:\/\/vingtsix.io\/#\/schema\/logo\/image\/","url":"https:\/\/vingtsix.io\/wp-content\/uploads\/2024\/01\/logo1.png","contentUrl":"https:\/\/vingtsix.io\/wp-content\/uploads\/2024\/01\/logo1.png","width":638,"height":479,"caption":"Vingt-Six"},"image":{"@id":"https:\/\/vingtsix.io\/#\/schema\/logo\/image\/"}}]}},"_links":{"self":[{"href":"https:\/\/vingtsix.io\/index.php\/wp-json\/wp\/v2\/pages\/250","targetHints":{"allow":["GET"]}}],"collection":[{"href":"https:\/\/vingtsix.io\/index.php\/wp-json\/wp\/v2\/pages"}],"about":[{"href":"https:\/\/vingtsix.io\/index.php\/wp-json\/wp\/v2\/types\/page"}],"author":[{"embeddable":true,"href":"https:\/\/vingtsix.io\/index.php\/wp-json\/wp\/v2\/users\/1"}],"replies":[{"embeddable":true,"href":"https:\/\/vingtsix.io\/index.php\/wp-json\/wp\/v2\/comments?post=250"}],"version-history":[{"count":19,"href":"https:\/\/vingtsix.io\/index.php\/wp-json\/wp\/v2\/pages\/250\/revisions"}],"predecessor-version":[{"id":619,"href":"https:\/\/vingtsix.io\/index.php\/wp-json\/wp\/v2\/pages\/250\/revisions\/619"}],"wp:attachment":[{"href":"https:\/\/vingtsix.io\/index.php\/wp-json\/wp\/v2\/media?parent=250"}],"curies":[{"name":"wp","href":"https:\/\/api.w.org\/{rel}","templated":true}]}}