{"id":224,"date":"2024-02-19T09:26:13","date_gmt":"2024-02-19T08:26:13","guid":{"rendered":"https:\/\/vingtsix.io\/?page_id=224"},"modified":"2024-05-30T15:08:56","modified_gmt":"2024-05-30T13:08:56","slug":"accompagnement-levee-de-fond","status":"publish","type":"page","link":"https:\/\/vingtsix.io\/index.php\/accompagnement-levee-de-fond\/","title":{"rendered":"Accompagnement &#8220;lev\u00e9e de fond&#8221;"},"content":{"rendered":"\t\t<div data-elementor-type=\"wp-page\" data-elementor-id=\"224\" class=\"elementor elementor-224\" data-elementor-post-type=\"page\">\n\t\t\t\t<div class=\"elementor-element elementor-element-cd93328 e-flex e-con-boxed e-con e-parent\" data-id=\"cd93328\" data-element_type=\"container\" data-e-type=\"container\">\n\t\t\t\t\t<div class=\"e-con-inner\">\n\t\t<div class=\"elementor-element elementor-element-29f3233 e-flex e-con-boxed e-con e-child\" data-id=\"29f3233\" data-element_type=\"container\" data-e-type=\"container\">\n\t\t\t\t\t<div class=\"e-con-inner\">\n\t\t\t\t<div class=\"elementor-element elementor-element-a7862e8 elementor-widget elementor-widget-heading\" data-id=\"a7862e8\" data-element_type=\"widget\" data-e-type=\"widget\" data-widget_type=\"heading.default\">\n\t\t\t\t<div class=\"elementor-widget-container\">\n\t\t\t\t\t<h1 class=\"elementor-heading-title elementor-size-default\">Accompagnement pr\u00e9 | post lev\u00e9e de fonds <\/h1>\t\t\t\t<\/div>\n\t\t\t\t<\/div>\n\t\t\t\t\t<\/div>\n\t\t\t\t<\/div>\n\t\t\t\t\t<\/div>\n\t\t\t\t<\/div>\n\t\t<div class=\"elementor-element elementor-element-d3c340f e-flex e-con-boxed e-con e-parent\" data-id=\"d3c340f\" data-element_type=\"container\" data-e-type=\"container\">\n\t\t\t\t\t<div class=\"e-con-inner\">\n\t\t<div class=\"elementor-element elementor-element-c344495 e-con-full e-flex e-con e-child\" data-id=\"c344495\" data-element_type=\"container\" data-e-type=\"container\">\n\t\t\t\t<div class=\"elementor-element elementor-element-a3bbad7 elementor-widget elementor-widget-heading\" data-id=\"a3bbad7\" data-element_type=\"widget\" data-e-type=\"widget\" data-widget_type=\"heading.default\">\n\t\t\t\t<div class=\"elementor-widget-container\">\n\t\t\t\t\t<h2 class=\"elementor-heading-title elementor-size-default\">Avant la Lev\u00e9e de Fonds :<\/h2>\t\t\t\t<\/div>\n\t\t\t\t<\/div>\n\t\t\t\t<div class=\"elementor-element elementor-element-1f981e1 elementor-widget elementor-widget-text-editor\" data-id=\"1f981e1\" data-element_type=\"widget\" data-e-type=\"widget\" data-widget_type=\"text-editor.default\">\n\t\t\t\t<div class=\"elementor-widget-container\">\n\t\t\t\t\t\t\t\t\t<ul><li style=\"font-weight: 400;\" aria-level=\"1\"><span style=\"font-weight: 400;\">Strat\u00e9gie Sur-Mesure : Nous d\u00e9ployons une approche personnalis\u00e9e pour d\u00e9finir votre business model unique, en assurant l&#8217;alignement de votre vision, de vos valeurs et de votre strat\u00e9gie de d\u00e9veloppement.<\/span><\/li><li style=\"font-weight: 400;\" aria-level=\"1\"><span style=\"font-weight: 400;\">Business Plan Convaincant : Nos experts vous accompagnent dans la r\u00e9daction d&#8217;un business plan qui raconte votre histoire, pr\u00e9sente votre march\u00e9 et d\u00e9taille vos besoins financiers de mani\u00e8re captivante.<\/span><\/li><\/ul>\t\t\t\t\t\t\t\t<\/div>\n\t\t\t\t<\/div>\n\t\t\t\t<div class=\"elementor-element elementor-element-e33b9bc elementor-widget elementor-widget-heading\" data-id=\"e33b9bc\" data-element_type=\"widget\" data-e-type=\"widget\" data-widget_type=\"heading.default\">\n\t\t\t\t<div class=\"elementor-widget-container\">\n\t\t\t\t\t<h2 class=\"elementor-heading-title elementor-size-default\">Apr\u00e8s la Lev\u00e9e de Fonds :<\/h2>\t\t\t\t<\/div>\n\t\t\t\t<\/div>\n\t\t\t\t<div class=\"elementor-element elementor-element-240cef3 elementor-widget elementor-widget-text-editor\" data-id=\"240cef3\" data-element_type=\"widget\" data-e-type=\"widget\" data-widget_type=\"text-editor.default\">\n\t\t\t\t<div class=\"elementor-widget-container\">\n\t\t\t\t\t\t\t\t\t<ul><li style=\"font-weight: 400;\" aria-level=\"1\"><span style=\"font-weight: 400;\">Gestion et Croissance : La lev\u00e9e de fonds n&#8217;est que le d\u00e9but. Nous vous guidons dans l&#8217;utilisation efficace des fonds pour catalyser la croissance et la p\u00e9rennisation de votre entreprise.<\/span><\/li><li style=\"font-weight: 400;\" aria-level=\"1\"><span style=\"font-weight: 400;\">Soutien Continu : Nous restons \u00e0 vos c\u00f4t\u00e9s pour assurer un suivi rigoureux, offrant conseils et ajustements strat\u00e9giques pour maintenir votre dynamique de croissance.<\/span><\/li><\/ul>\t\t\t\t\t\t\t\t<\/div>\n\t\t\t\t<\/div>\n\t\t\t\t<div class=\"elementor-element elementor-element-7267424 elementor-widget elementor-widget-heading\" data-id=\"7267424\" data-element_type=\"widget\" data-e-type=\"widget\" data-widget_type=\"heading.default\">\n\t\t\t\t<div class=\"elementor-widget-container\">\n\t\t\t\t\t<h3 class=\"elementor-heading-title elementor-size-default\">Notre Avantage :<\/h3>\t\t\t\t<\/div>\n\t\t\t\t<\/div>\n\t\t\t\t<div class=\"elementor-element elementor-element-92680bb elementor-widget elementor-widget-text-editor\" data-id=\"92680bb\" data-element_type=\"widget\" data-e-type=\"widget\" data-widget_type=\"text-editor.default\">\n\t\t\t\t<div class=\"elementor-widget-container\">\n\t\t\t\t\t\t\t\t\t<ul><li style=\"font-weight: 400;\" aria-level=\"1\"><span style=\"font-weight: 400;\">Une Expertise Agile : nous s\u00e9lectionnons et vous accompagnons avec les prestataires les plus adapt\u00e9s \u00e0 votre profil et budget.\u00a0<\/span><\/li><\/ul>\t\t\t\t\t\t\t\t<\/div>\n\t\t\t\t<\/div>\n\t\t\t\t<div class=\"elementor-element elementor-element-c263590 elementor-widget elementor-widget-text-editor\" data-id=\"c263590\" data-element_type=\"widget\" data-e-type=\"widget\" data-widget_type=\"text-editor.default\">\n\t\t\t\t<div class=\"elementor-widget-container\">\n\t\t\t\t\t\t\t\t\t<p><span style=\"font-weight: 400;\">Nous construisons des relations bas\u00e9es sur la confiance et la compr\u00e9hension approfondie de vos besoins et de votre march\u00e9.<\/span><\/p>\t\t\t\t\t\t\t\t<\/div>\n\t\t\t\t<\/div>\n\t\t\t\t<\/div>\n\t\t<div class=\"elementor-element elementor-element-a3b378f e-con-full e-flex e-con e-child\" data-id=\"a3b378f\" data-element_type=\"container\" data-e-type=\"container\">\n\t\t\t\t<div class=\"elementor-element elementor-element-e1453eb elementor-widget elementor-widget-image\" data-id=\"e1453eb\" data-element_type=\"widget\" data-e-type=\"widget\" data-widget_type=\"image.default\">\n\t\t\t\t<div class=\"elementor-widget-container\">\n\t\t\t\t\t\t\t\t\t\t\t\t\t\t\t<img fetchpriority=\"high\" decoding=\"async\" width=\"1024\" height=\"1024\" src=\"https:\/\/vingtsix.io\/wp-content\/uploads\/2024\/02\/Asset-6.png\" class=\"attachment-full size-full wp-image-206\" alt=\"\" srcset=\"https:\/\/vingtsix.io\/wp-content\/uploads\/2024\/02\/Asset-6.png 1024w, https:\/\/vingtsix.io\/wp-content\/uploads\/2024\/02\/Asset-6-300x300.png 300w, https:\/\/vingtsix.io\/wp-content\/uploads\/2024\/02\/Asset-6-150x150.png 150w, https:\/\/vingtsix.io\/wp-content\/uploads\/2024\/02\/Asset-6-768x768.png 768w\" sizes=\"(max-width: 1024px) 100vw, 1024px\" \/>\t\t\t\t\t\t\t\t\t\t\t\t\t\t\t<\/div>\n\t\t\t\t<\/div>\n\t\t\t\t<\/div>\n\t\t\t\t\t<\/div>\n\t\t\t\t<\/div>\n\t\t<div class=\"elementor-element elementor-element-6bf1d71 e-flex e-con-boxed e-con e-parent\" data-id=\"6bf1d71\" data-element_type=\"container\" data-e-type=\"container\">\n\t\t\t\t\t<div class=\"e-con-inner\">\n\t\t\t\t<div class=\"elementor-element elementor-element-59ce925 elementor-widget elementor-widget-heading\" data-id=\"59ce925\" data-element_type=\"widget\" data-e-type=\"widget\" data-widget_type=\"heading.default\">\n\t\t\t\t<div class=\"elementor-widget-container\">\n\t\t\t\t\t<h2 class=\"elementor-heading-title elementor-size-default\"><a href=\"https:\/\/vingtsix.io\/index.php\/media-training\/\">Media training<\/a><\/h2>\t\t\t\t<\/div>\n\t\t\t\t<\/div>\n\t\t\t\t<div class=\"elementor-element elementor-element-3cd99e1 elementor-widget elementor-widget-heading\" data-id=\"3cd99e1\" data-element_type=\"widget\" data-e-type=\"widget\" data-widget_type=\"heading.default\">\n\t\t\t\t<div class=\"elementor-widget-container\">\n\t\t\t\t\t<h2 class=\"elementor-heading-title elementor-size-default\"><a href=\"https:\/\/vingtsix.io\/index.php\/pitch-deck\/\">Pitch Deck<\/a><\/h2>\t\t\t\t<\/div>\n\t\t\t\t<\/div>\n\t\t\t\t<div class=\"elementor-element elementor-element-1e4ab3a elementor-widget elementor-widget-heading\" data-id=\"1e4ab3a\" data-element_type=\"widget\" data-e-type=\"widget\" data-widget_type=\"heading.default\">\n\t\t\t\t<div class=\"elementor-widget-container\">\n\t\t\t\t\t<h2 class=\"elementor-heading-title elementor-size-default\"><a href=\"https:\/\/vingtsix.io\/index.php\/test-cac\/\">Test CAC<\/a><\/h2>\t\t\t\t<\/div>\n\t\t\t\t<\/div>\n\t\t\t\t\t<\/div>\n\t\t\t\t<\/div>\n\t\t\t\t<\/div>\n\t\t","protected":false},"excerpt":{"rendered":"<p>Accompagnement pr\u00e9 | post lev\u00e9e de fonds Avant la Lev\u00e9e de Fonds : Strat\u00e9gie Sur-Mesure : Nous d\u00e9ployons une approche personnalis\u00e9e pour d\u00e9finir votre business model unique, en assurant l&#8217;alignement de votre vision, de vos valeurs et de votre strat\u00e9gie de d\u00e9veloppement. Business Plan Convaincant : Nos experts vous accompagnent dans la r\u00e9daction d&#8217;un business [&hellip;]<\/p>\n","protected":false},"author":1,"featured_media":0,"parent":0,"menu_order":0,"comment_status":"closed","ping_status":"closed","template":"","meta":{"footnotes":""},"class_list":["post-224","page","type-page","status-publish","hentry"],"yoast_head":"<!-- This site is optimized with the Yoast SEO plugin v27.4 - https:\/\/yoast.com\/product\/yoast-seo-wordpress\/ -->\n<title>Accompagnement &quot;lev\u00e9e de fond&quot; - Vingt-Six<\/title>\n<meta name=\"robots\" content=\"index, follow, max-snippet:-1, max-image-preview:large, max-video-preview:-1\" \/>\n<link rel=\"canonical\" href=\"https:\/\/vingtsix.io\/index.php\/accompagnement-levee-de-fond\/\" \/>\n<meta property=\"og:locale\" content=\"en_US\" \/>\n<meta property=\"og:type\" content=\"article\" \/>\n<meta property=\"og:title\" content=\"Accompagnement &quot;lev\u00e9e de fond&quot; - Vingt-Six\" \/>\n<meta property=\"og:description\" content=\"Accompagnement pr\u00e9 | post lev\u00e9e de fonds Avant la Lev\u00e9e de Fonds : Strat\u00e9gie Sur-Mesure : Nous d\u00e9ployons une approche personnalis\u00e9e pour d\u00e9finir votre business model unique, en assurant l&#8217;alignement de votre vision, de vos valeurs et de votre strat\u00e9gie de d\u00e9veloppement. Business Plan Convaincant : Nos experts vous accompagnent dans la r\u00e9daction d&#8217;un business [&hellip;]\" \/>\n<meta property=\"og:url\" content=\"https:\/\/vingtsix.io\/index.php\/accompagnement-levee-de-fond\/\" \/>\n<meta property=\"og:site_name\" content=\"Vingt-Six\" \/>\n<meta property=\"article:modified_time\" content=\"2024-05-30T13:08:56+00:00\" \/>\n<meta property=\"og:image\" content=\"http:\/\/vingtsix.io\/wp-content\/uploads\/2024\/02\/Asset-6.png\" \/>\n<meta name=\"twitter:card\" content=\"summary_large_image\" \/>\n<meta name=\"twitter:label1\" content=\"Est. reading time\" \/>\n\t<meta name=\"twitter:data1\" content=\"2 minutes\" \/>\n<script type=\"application\/ld+json\" class=\"yoast-schema-graph\">{\"@context\":\"https:\\\/\\\/schema.org\",\"@graph\":[{\"@type\":\"WebPage\",\"@id\":\"https:\\\/\\\/vingtsix.io\\\/index.php\\\/accompagnement-levee-de-fond\\\/\",\"url\":\"https:\\\/\\\/vingtsix.io\\\/index.php\\\/accompagnement-levee-de-fond\\\/\",\"name\":\"Accompagnement \\\"lev\u00e9e de fond\\\" - Vingt-Six\",\"isPartOf\":{\"@id\":\"https:\\\/\\\/vingtsix.io\\\/#website\"},\"primaryImageOfPage\":{\"@id\":\"https:\\\/\\\/vingtsix.io\\\/index.php\\\/accompagnement-levee-de-fond\\\/#primaryimage\"},\"image\":{\"@id\":\"https:\\\/\\\/vingtsix.io\\\/index.php\\\/accompagnement-levee-de-fond\\\/#primaryimage\"},\"thumbnailUrl\":\"http:\\\/\\\/vingtsix.io\\\/wp-content\\\/uploads\\\/2024\\\/02\\\/Asset-6.png\",\"datePublished\":\"2024-02-19T08:26:13+00:00\",\"dateModified\":\"2024-05-30T13:08:56+00:00\",\"breadcrumb\":{\"@id\":\"https:\\\/\\\/vingtsix.io\\\/index.php\\\/accompagnement-levee-de-fond\\\/#breadcrumb\"},\"inLanguage\":\"en-US\",\"potentialAction\":[{\"@type\":\"ReadAction\",\"target\":[\"https:\\\/\\\/vingtsix.io\\\/index.php\\\/accompagnement-levee-de-fond\\\/\"]}]},{\"@type\":\"ImageObject\",\"inLanguage\":\"en-US\",\"@id\":\"https:\\\/\\\/vingtsix.io\\\/index.php\\\/accompagnement-levee-de-fond\\\/#primaryimage\",\"url\":\"https:\\\/\\\/vingtsix.io\\\/wp-content\\\/uploads\\\/2024\\\/02\\\/Asset-6.png\",\"contentUrl\":\"https:\\\/\\\/vingtsix.io\\\/wp-content\\\/uploads\\\/2024\\\/02\\\/Asset-6.png\",\"width\":1024,\"height\":1024},{\"@type\":\"BreadcrumbList\",\"@id\":\"https:\\\/\\\/vingtsix.io\\\/index.php\\\/accompagnement-levee-de-fond\\\/#breadcrumb\",\"itemListElement\":[{\"@type\":\"ListItem\",\"position\":1,\"name\":\"Accueil\",\"item\":\"https:\\\/\\\/vingtsix.io\\\/\"},{\"@type\":\"ListItem\",\"position\":2,\"name\":\"Accompagnement \u00ab\u00a0lev\u00e9e de fond\u00a0\u00bb\"}]},{\"@type\":\"WebSite\",\"@id\":\"https:\\\/\\\/vingtsix.io\\\/#website\",\"url\":\"https:\\\/\\\/vingtsix.io\\\/\",\"name\":\"Vingt-Six\",\"description\":\"\",\"publisher\":{\"@id\":\"https:\\\/\\\/vingtsix.io\\\/#organization\"},\"potentialAction\":[{\"@type\":\"SearchAction\",\"target\":{\"@type\":\"EntryPoint\",\"urlTemplate\":\"https:\\\/\\\/vingtsix.io\\\/?s={search_term_string}\"},\"query-input\":{\"@type\":\"PropertyValueSpecification\",\"valueRequired\":true,\"valueName\":\"search_term_string\"}}],\"inLanguage\":\"en-US\"},{\"@type\":\"Organization\",\"@id\":\"https:\\\/\\\/vingtsix.io\\\/#organization\",\"name\":\"Vingt-Six\",\"url\":\"https:\\\/\\\/vingtsix.io\\\/\",\"logo\":{\"@type\":\"ImageObject\",\"inLanguage\":\"en-US\",\"@id\":\"https:\\\/\\\/vingtsix.io\\\/#\\\/schema\\\/logo\\\/image\\\/\",\"url\":\"https:\\\/\\\/vingtsix.io\\\/wp-content\\\/uploads\\\/2024\\\/01\\\/logo1.png\",\"contentUrl\":\"https:\\\/\\\/vingtsix.io\\\/wp-content\\\/uploads\\\/2024\\\/01\\\/logo1.png\",\"width\":638,\"height\":479,\"caption\":\"Vingt-Six\"},\"image\":{\"@id\":\"https:\\\/\\\/vingtsix.io\\\/#\\\/schema\\\/logo\\\/image\\\/\"}}]}<\/script>\n<!-- \/ Yoast SEO plugin. -->","yoast_head_json":{"title":"Accompagnement \"lev\u00e9e de fond\" - Vingt-Six","robots":{"index":"index","follow":"follow","max-snippet":"max-snippet:-1","max-image-preview":"max-image-preview:large","max-video-preview":"max-video-preview:-1"},"canonical":"https:\/\/vingtsix.io\/index.php\/accompagnement-levee-de-fond\/","og_locale":"en_US","og_type":"article","og_title":"Accompagnement \"lev\u00e9e de fond\" - Vingt-Six","og_description":"Accompagnement pr\u00e9 | post lev\u00e9e de fonds Avant la Lev\u00e9e de Fonds : Strat\u00e9gie Sur-Mesure : Nous d\u00e9ployons une approche personnalis\u00e9e pour d\u00e9finir votre business model unique, en assurant l&#8217;alignement de votre vision, de vos valeurs et de votre strat\u00e9gie de d\u00e9veloppement. Business Plan Convaincant : Nos experts vous accompagnent dans la r\u00e9daction d&#8217;un business [&hellip;]","og_url":"https:\/\/vingtsix.io\/index.php\/accompagnement-levee-de-fond\/","og_site_name":"Vingt-Six","article_modified_time":"2024-05-30T13:08:56+00:00","og_image":[{"url":"http:\/\/vingtsix.io\/wp-content\/uploads\/2024\/02\/Asset-6.png","type":"","width":"","height":""}],"twitter_card":"summary_large_image","twitter_misc":{"Est. reading time":"2 minutes"},"schema":{"@context":"https:\/\/schema.org","@graph":[{"@type":"WebPage","@id":"https:\/\/vingtsix.io\/index.php\/accompagnement-levee-de-fond\/","url":"https:\/\/vingtsix.io\/index.php\/accompagnement-levee-de-fond\/","name":"Accompagnement \"lev\u00e9e de fond\" - Vingt-Six","isPartOf":{"@id":"https:\/\/vingtsix.io\/#website"},"primaryImageOfPage":{"@id":"https:\/\/vingtsix.io\/index.php\/accompagnement-levee-de-fond\/#primaryimage"},"image":{"@id":"https:\/\/vingtsix.io\/index.php\/accompagnement-levee-de-fond\/#primaryimage"},"thumbnailUrl":"http:\/\/vingtsix.io\/wp-content\/uploads\/2024\/02\/Asset-6.png","datePublished":"2024-02-19T08:26:13+00:00","dateModified":"2024-05-30T13:08:56+00:00","breadcrumb":{"@id":"https:\/\/vingtsix.io\/index.php\/accompagnement-levee-de-fond\/#breadcrumb"},"inLanguage":"en-US","potentialAction":[{"@type":"ReadAction","target":["https:\/\/vingtsix.io\/index.php\/accompagnement-levee-de-fond\/"]}]},{"@type":"ImageObject","inLanguage":"en-US","@id":"https:\/\/vingtsix.io\/index.php\/accompagnement-levee-de-fond\/#primaryimage","url":"https:\/\/vingtsix.io\/wp-content\/uploads\/2024\/02\/Asset-6.png","contentUrl":"https:\/\/vingtsix.io\/wp-content\/uploads\/2024\/02\/Asset-6.png","width":1024,"height":1024},{"@type":"BreadcrumbList","@id":"https:\/\/vingtsix.io\/index.php\/accompagnement-levee-de-fond\/#breadcrumb","itemListElement":[{"@type":"ListItem","position":1,"name":"Accueil","item":"https:\/\/vingtsix.io\/"},{"@type":"ListItem","position":2,"name":"Accompagnement \u00ab\u00a0lev\u00e9e de fond\u00a0\u00bb"}]},{"@type":"WebSite","@id":"https:\/\/vingtsix.io\/#website","url":"https:\/\/vingtsix.io\/","name":"Vingt-Six","description":"","publisher":{"@id":"https:\/\/vingtsix.io\/#organization"},"potentialAction":[{"@type":"SearchAction","target":{"@type":"EntryPoint","urlTemplate":"https:\/\/vingtsix.io\/?s={search_term_string}"},"query-input":{"@type":"PropertyValueSpecification","valueRequired":true,"valueName":"search_term_string"}}],"inLanguage":"en-US"},{"@type":"Organization","@id":"https:\/\/vingtsix.io\/#organization","name":"Vingt-Six","url":"https:\/\/vingtsix.io\/","logo":{"@type":"ImageObject","inLanguage":"en-US","@id":"https:\/\/vingtsix.io\/#\/schema\/logo\/image\/","url":"https:\/\/vingtsix.io\/wp-content\/uploads\/2024\/01\/logo1.png","contentUrl":"https:\/\/vingtsix.io\/wp-content\/uploads\/2024\/01\/logo1.png","width":638,"height":479,"caption":"Vingt-Six"},"image":{"@id":"https:\/\/vingtsix.io\/#\/schema\/logo\/image\/"}}]}},"_links":{"self":[{"href":"https:\/\/vingtsix.io\/index.php\/wp-json\/wp\/v2\/pages\/224","targetHints":{"allow":["GET"]}}],"collection":[{"href":"https:\/\/vingtsix.io\/index.php\/wp-json\/wp\/v2\/pages"}],"about":[{"href":"https:\/\/vingtsix.io\/index.php\/wp-json\/wp\/v2\/types\/page"}],"author":[{"embeddable":true,"href":"https:\/\/vingtsix.io\/index.php\/wp-json\/wp\/v2\/users\/1"}],"replies":[{"embeddable":true,"href":"https:\/\/vingtsix.io\/index.php\/wp-json\/wp\/v2\/comments?post=224"}],"version-history":[{"count":28,"href":"https:\/\/vingtsix.io\/index.php\/wp-json\/wp\/v2\/pages\/224\/revisions"}],"predecessor-version":[{"id":735,"href":"https:\/\/vingtsix.io\/index.php\/wp-json\/wp\/v2\/pages\/224\/revisions\/735"}],"wp:attachment":[{"href":"https:\/\/vingtsix.io\/index.php\/wp-json\/wp\/v2\/media?parent=224"}],"curies":[{"name":"wp","href":"https:\/\/api.w.org\/{rel}","templated":true}]}}