{"id":222,"date":"2024-02-19T09:25:40","date_gmt":"2024-02-19T08:25:40","guid":{"rendered":"https:\/\/vingtsix.io\/?page_id=222"},"modified":"2025-10-02T22:49:00","modified_gmt":"2025-10-02T20:49:00","slug":"crm","status":"publish","type":"page","link":"https:\/\/vingtsix.io\/index.php\/crm\/","title":{"rendered":"CRM"},"content":{"rendered":"\t\t<div data-elementor-type=\"wp-page\" data-elementor-id=\"222\" class=\"elementor elementor-222\" data-elementor-post-type=\"page\">\n\t\t\t\t<div class=\"elementor-element elementor-element-8cfa1c8 e-flex e-con-boxed e-con e-parent\" data-id=\"8cfa1c8\" data-element_type=\"container\" data-e-type=\"container\">\n\t\t\t\t\t<div class=\"e-con-inner\">\n\t\t<div class=\"elementor-element elementor-element-7cbde50 e-flex e-con-boxed e-con e-child\" data-id=\"7cbde50\" data-element_type=\"container\" data-e-type=\"container\">\n\t\t\t\t\t<div class=\"e-con-inner\">\n\t\t\t\t<div class=\"elementor-element elementor-element-9e81dfd elementor-widget elementor-widget-heading\" data-id=\"9e81dfd\" data-element_type=\"widget\" data-e-type=\"widget\" data-widget_type=\"heading.default\">\n\t\t\t\t<div class=\"elementor-widget-container\">\n\t\t\t\t\t<h1 class=\"elementor-heading-title elementor-size-default\">Elevez votre strat\u00e9gie commerciale :<br>accompagnement CRP &amp; PRM par VingtSix<\/h1>\t\t\t\t<\/div>\n\t\t\t\t<\/div>\n\t\t\t\t<div class=\"elementor-element elementor-element-bb256dc elementor-widget elementor-widget-heading\" data-id=\"bb256dc\" data-element_type=\"widget\" data-e-type=\"widget\" data-widget_type=\"heading.default\">\n\t\t\t\t<div class=\"elementor-widget-container\">\n\t\t\t\t\t<h2 class=\"elementor-heading-title elementor-size-default\">Notre Mission : Transformer Vos Relations Clients en R\u00e9elles Opportunit\u00e9s de Croissance\n<\/h2>\t\t\t\t<\/div>\n\t\t\t\t<\/div>\n\t\t\t\t<div class=\"elementor-element elementor-element-919adb4 elementor-widget elementor-widget-text-editor\" data-id=\"919adb4\" data-element_type=\"widget\" data-e-type=\"widget\" data-widget_type=\"text-editor.default\">\n\t\t\t\t<div class=\"elementor-widget-container\">\n\t\t\t\t\t\t\t\t\t<p><span style=\"font-weight: 400;\">Nous ne nous contentons pas de vous fournir un CRM ; nous r\u00e9volutionnons la fa\u00e7on dont vous engagez, maintenez et d\u00e9veloppez vos relations avec chaque client. Que vous soyez au d\u00e9but de votre parcours CRM ou que vous cherchiez \u00e0 optimiser une strat\u00e9gie existante, notre \u00e9quipe d&#8217;experts est l\u00e0 pour vous accompagner \u00e0 chaque \u00e9tape.<\/span><\/p>\t\t\t\t\t\t\t\t<\/div>\n\t\t\t\t<\/div>\n\t\t\t\t\t<\/div>\n\t\t\t\t<\/div>\n\t\t\t\t\t<\/div>\n\t\t\t\t<\/div>\n\t\t<div class=\"elementor-element elementor-element-660cbc8 e-flex e-con-boxed e-con e-parent\" data-id=\"660cbc8\" data-element_type=\"container\" data-e-type=\"container\">\n\t\t\t\t\t<div class=\"e-con-inner\">\n\t\t<div class=\"elementor-element elementor-element-fb39815 e-con-full e-flex e-con e-child\" data-id=\"fb39815\" data-element_type=\"container\" data-e-type=\"container\">\n\t\t\t\t<div class=\"elementor-element elementor-element-8570524 elementor-widget elementor-widget-image\" data-id=\"8570524\" data-element_type=\"widget\" data-e-type=\"widget\" data-widget_type=\"image.default\">\n\t\t\t\t<div class=\"elementor-widget-container\">\n\t\t\t\t\t\t\t\t\t\t\t\t\t\t\t<img fetchpriority=\"high\" decoding=\"async\" width=\"800\" height=\"800\" src=\"https:\/\/vingtsix.io\/wp-content\/uploads\/2024\/02\/Asset-3.png\" class=\"attachment-large size-large wp-image-203\" alt=\"\" srcset=\"https:\/\/vingtsix.io\/wp-content\/uploads\/2024\/02\/Asset-3.png 1024w, https:\/\/vingtsix.io\/wp-content\/uploads\/2024\/02\/Asset-3-300x300.png 300w, https:\/\/vingtsix.io\/wp-content\/uploads\/2024\/02\/Asset-3-150x150.png 150w, https:\/\/vingtsix.io\/wp-content\/uploads\/2024\/02\/Asset-3-768x768.png 768w\" sizes=\"(max-width: 800px) 100vw, 800px\" \/>\t\t\t\t\t\t\t\t\t\t\t\t\t\t\t<\/div>\n\t\t\t\t<\/div>\n\t\t\t\t<\/div>\n\t\t<div class=\"elementor-element elementor-element-03008d3 e-con-full e-flex e-con e-child\" data-id=\"03008d3\" data-element_type=\"container\" data-e-type=\"container\">\n\t\t\t\t<div class=\"elementor-element elementor-element-09e2bd3 elementor-widget elementor-widget-heading\" data-id=\"09e2bd3\" data-element_type=\"widget\" data-e-type=\"widget\" data-widget_type=\"heading.default\">\n\t\t\t\t<div class=\"elementor-widget-container\">\n\t\t\t\t\t<h2 class=\"elementor-heading-title elementor-size-default\">Nos Services : Personnalis\u00e9s Pour Votre Succ\u00e8s<\/h2>\t\t\t\t<\/div>\n\t\t\t\t<\/div>\n\t\t\t\t<div class=\"elementor-element elementor-element-30f0b5b elementor-widget elementor-widget-text-editor\" data-id=\"30f0b5b\" data-element_type=\"widget\" data-e-type=\"widget\" data-widget_type=\"text-editor.default\">\n\t\t\t\t<div class=\"elementor-widget-container\">\n\t\t\t\t\t\t\t\t\t<ul><li style=\"font-weight: 400;\" aria-level=\"1\"><span style=\"font-weight: 400;\">Choix du CRM : Nous vous guidons \u00e0 travers le labyrinthe des options CRM pour trouver la solution qui correspond parfaitement \u00e0 vos besoins uniques.<\/span><\/li><li style=\"font-weight: 400;\" aria-level=\"1\"><span style=\"font-weight: 400;\">Strat\u00e9gies CRM : De l&#8217;\u00e9laboration \u00e0 la mise en place, nous cr\u00e9ons des strat\u00e9gies CRM sur mesure qui s&#8217;alignent avec vos objectifs d&#8217;affaires pour une efficacit\u00e9 maximale.<\/span><\/li><li style=\"font-weight: 400;\" aria-level=\"1\"><span style=\"font-weight: 400;\">Optimisation de la Prospection Commerciale : Nos campagnes de cold email et s\u00e9quences de mails sont con\u00e7ues pour captiver votre audience et g\u00e9n\u00e9rer des leads qualifi\u00e9s.<\/span><\/li><li style=\"font-weight: 400;\" aria-level=\"1\"><span style=\"font-weight: 400;\">Outils de Prospection Automatis\u00e9s : Nous \u00e9quipons vos commerciaux des meilleurs outils pour automatiser la prospection, \u00e9conomisant temps et effort tout en augmentant les conversions.<\/span><\/li><\/ul>\t\t\t\t\t\t\t\t<\/div>\n\t\t\t\t<\/div>\n\t\t\t\t<\/div>\n\t\t\t\t\t<\/div>\n\t\t\t\t<\/div>\n\t\t<div class=\"elementor-element elementor-element-196b04e e-flex e-con-boxed e-con e-parent\" data-id=\"196b04e\" data-element_type=\"container\" data-e-type=\"container\">\n\t\t\t\t\t<div class=\"e-con-inner\">\n\t\t\t\t<div class=\"elementor-element elementor-element-2cc033d elementor-widget elementor-widget-heading\" data-id=\"2cc033d\" data-element_type=\"widget\" data-e-type=\"widget\" data-widget_type=\"heading.default\">\n\t\t\t\t<div class=\"elementor-widget-container\">\n\t\t\t\t\t<h2 class=\"elementor-heading-title elementor-size-default\">Pourquoi VingtSix ?<\/h2>\t\t\t\t<\/div>\n\t\t\t\t<\/div>\n\t\t\t\t<div class=\"elementor-element elementor-element-55c1c0d elementor-widget elementor-widget-text-editor\" data-id=\"55c1c0d\" data-element_type=\"widget\" data-e-type=\"widget\" data-widget_type=\"text-editor.default\">\n\t\t\t\t<div class=\"elementor-widget-container\">\n\t\t\t\t\t\t\t\t\t<ul><li style=\"font-weight: 400;\" aria-level=\"1\"><span style=\"font-weight: 400;\">Expertise : Notre \u00e9quipe est compos\u00e9e d&#8217;experts en CRM et en strat\u00e9gies de communication client, pr\u00eats \u00e0 transformer vos processus commerciaux.<\/span><\/li><li style=\"font-weight: 400;\" aria-level=\"1\"><span style=\"font-weight: 400;\">Personnalisation : Nous comprenons que chaque entreprise est unique. Nos solutions sont donc enti\u00e8rement personnalis\u00e9es pour r\u00e9pondre \u00e0 vos besoins sp\u00e9cifiques.<\/span><\/li><li style=\"font-weight: 400;\" aria-level=\"1\"><span style=\"font-weight: 400;\">R\u00e9sultats : Nous sommes ax\u00e9s sur les r\u00e9sultats. Notre objectif est de vous fournir non seulement des solutions, mais des r\u00e9sultats tangibles qui se traduisent par une croissance soutenue.<\/span><\/li><\/ul>\t\t\t\t\t\t\t\t<\/div>\n\t\t\t\t<\/div>\n\t\t\t\t<div class=\"elementor-element elementor-element-c6bfb01 elementor-widget elementor-widget-text-editor\" data-id=\"c6bfb01\" data-element_type=\"widget\" data-e-type=\"widget\" data-widget_type=\"text-editor.default\">\n\t\t\t\t<div class=\"elementor-widget-container\">\n\t\t\t\t\t\t\t\t\t<h4 style=\"font-family: Roboto, sans-serif; color: #000000;\"><em>Pr\u00eat \u00e0 Transformer Votre Gestion de la Relation Client ?<\/em><\/h4><p><span style=\"font-weight: 400;\"><strong>Contactez-nous<\/strong> d\u00e8s aujourd&#8217;hui pour un <a href=\"https:\/\/calendar.app.google\/xdAUpBuvZU1tdZFH7\"><strong>rendez-vous personnalis\u00e9<\/strong><\/a>. Ensemble, explorons comment VingtSix peut vous aider \u00e0 tirer le meilleur parti de vos strat\u00e9gies CRM et PRM pour une croissance exponentielle.<\/span><\/p>\t\t\t\t\t\t\t\t<\/div>\n\t\t\t\t<\/div>\n\t\t\t\t<div class=\"elementor-element elementor-element-2cbe11c elementor-align-left elementor-widget elementor-widget-button\" data-id=\"2cbe11c\" data-element_type=\"widget\" data-e-type=\"widget\" data-widget_type=\"button.default\">\n\t\t\t\t<div class=\"elementor-widget-container\">\n\t\t\t\t\t\t\t\t\t<div class=\"elementor-button-wrapper\">\n\t\t\t\t\t<a class=\"elementor-button elementor-button-link elementor-size-sm\" href=\"https:\/\/calendar.app.google\/xdAUpBuvZU1tdZFH7\">\n\t\t\t\t\t\t<span class=\"elementor-button-content-wrapper\">\n\t\t\t\t\t\t<span class=\"elementor-button-icon\">\n\t\t\t\t<svg aria-hidden=\"true\" class=\"e-font-icon-svg e-far-calendar-plus\" viewBox=\"0 0 448 512\" xmlns=\"http:\/\/www.w3.org\/2000\/svg\"><path d=\"M336 292v24c0 6.6-5.4 12-12 12h-76v76c0 6.6-5.4 12-12 12h-24c-6.6 0-12-5.4-12-12v-76h-76c-6.6 0-12-5.4-12-12v-24c0-6.6 5.4-12 12-12h76v-76c0-6.6 5.4-12 12-12h24c6.6 0 12 5.4 12 12v76h76c6.6 0 12 5.4 12 12zm112-180v352c0 26.5-21.5 48-48 48H48c-26.5 0-48-21.5-48-48V112c0-26.5 21.5-48 48-48h48V12c0-6.6 5.4-12 12-12h40c6.6 0 12 5.4 12 12v52h128V12c0-6.6 5.4-12 12-12h40c6.6 0 12 5.4 12 12v52h48c26.5 0 48 21.5 48 48zm-48 346V160H48v298c0 3.3 2.7 6 6 6h340c3.3 0 6-2.7 6-6z\"><\/path><\/svg>\t\t\t<\/span>\n\t\t\t\t\t\t\t\t\t<span class=\"elementor-button-text\">R\u00e9servez votre consultation<\/span>\n\t\t\t\t\t<\/span>\n\t\t\t\t\t<\/a>\n\t\t\t\t<\/div>\n\t\t\t\t\t\t\t\t<\/div>\n\t\t\t\t<\/div>\n\t\t\t\t\t<\/div>\n\t\t\t\t<\/div>\n\t\t<div class=\"elementor-element elementor-element-0a77b9e e-flex e-con-boxed e-con e-parent\" data-id=\"0a77b9e\" data-element_type=\"container\" data-e-type=\"container\">\n\t\t\t\t\t<div class=\"e-con-inner\">\n\t\t\t\t<div class=\"elementor-element elementor-element-b82fe63 elementor-widget elementor-widget-heading\" data-id=\"b82fe63\" data-element_type=\"widget\" data-e-type=\"widget\" data-widget_type=\"heading.default\">\n\t\t\t\t<div class=\"elementor-widget-container\">\n\t\t\t\t\t<h2 class=\"elementor-heading-title elementor-size-default\"><a href=\"https:\/\/vingtsix.io\/index.php\/mise-en-place-de-strategies-crm\/\">Mise en place de strat\u00e9gies CRM<\/a><\/h2>\t\t\t\t<\/div>\n\t\t\t\t<\/div>\n\t\t\t\t<div class=\"elementor-element elementor-element-27da832 elementor-widget elementor-widget-heading\" data-id=\"27da832\" data-element_type=\"widget\" data-e-type=\"widget\" data-widget_type=\"heading.default\">\n\t\t\t\t<div class=\"elementor-widget-container\">\n\t\t\t\t\t<h2 class=\"elementor-heading-title elementor-size-default\"><a href=\"https:\/\/vingtsix.io\/index.php\/choix-du-crm\/\">Choix du CRM<\/a><\/h2>\t\t\t\t<\/div>\n\t\t\t\t<\/div>\n\t\t\t\t<div class=\"elementor-element elementor-element-a90c476 elementor-widget elementor-widget-heading\" data-id=\"a90c476\" data-element_type=\"widget\" data-e-type=\"widget\" data-widget_type=\"heading.default\">\n\t\t\t\t<div class=\"elementor-widget-container\">\n\t\t\t\t\t<h2 class=\"elementor-heading-title elementor-size-default\"><a href=\"https:\/\/vingtsix.io\/index.php\/prospection-commerciale\/\">Prospection commerciale<\/a><\/h2>\t\t\t\t<\/div>\n\t\t\t\t<\/div>\n\t\t\t\t\t<\/div>\n\t\t\t\t<\/div>\n\t\t\t\t<\/div>\n\t\t","protected":false},"excerpt":{"rendered":"<p>Elevez votre strat\u00e9gie commerciale :accompagnement CRP &amp; PRM par VingtSix Notre Mission : Transformer Vos Relations Clients en R\u00e9elles Opportunit\u00e9s de Croissance Nous ne nous contentons pas de vous fournir un CRM ; nous r\u00e9volutionnons la fa\u00e7on dont vous engagez, maintenez et d\u00e9veloppez vos relations avec chaque client. Que vous soyez au d\u00e9but de votre [&hellip;]<\/p>\n","protected":false},"author":1,"featured_media":0,"parent":0,"menu_order":0,"comment_status":"closed","ping_status":"closed","template":"","meta":{"footnotes":""},"class_list":["post-222","page","type-page","status-publish","hentry"],"yoast_head":"<!-- This site is optimized with the Yoast SEO plugin v27.4 - https:\/\/yoast.com\/product\/yoast-seo-wordpress\/ -->\n<title>CRM - Vingt-Six<\/title>\n<meta name=\"robots\" content=\"index, follow, max-snippet:-1, max-image-preview:large, max-video-preview:-1\" \/>\n<link rel=\"canonical\" href=\"https:\/\/vingtsix.io\/index.php\/crm\/\" \/>\n<meta property=\"og:locale\" content=\"en_US\" \/>\n<meta property=\"og:type\" content=\"article\" \/>\n<meta property=\"og:title\" content=\"CRM - Vingt-Six\" \/>\n<meta property=\"og:description\" content=\"Elevez votre strat\u00e9gie commerciale :accompagnement CRP &amp; PRM par VingtSix Notre Mission : Transformer Vos Relations Clients en R\u00e9elles Opportunit\u00e9s de Croissance Nous ne nous contentons pas de vous fournir un CRM ; nous r\u00e9volutionnons la fa\u00e7on dont vous engagez, maintenez et d\u00e9veloppez vos relations avec chaque client. Que vous soyez au d\u00e9but de votre [&hellip;]\" \/>\n<meta property=\"og:url\" content=\"https:\/\/vingtsix.io\/index.php\/crm\/\" \/>\n<meta property=\"og:site_name\" content=\"Vingt-Six\" \/>\n<meta property=\"article:modified_time\" content=\"2025-10-02T20:49:00+00:00\" \/>\n<meta property=\"og:image\" content=\"https:\/\/vingtsix.io\/wp-content\/uploads\/2024\/02\/Asset-3.png\" \/>\n\t<meta property=\"og:image:width\" content=\"1024\" \/>\n\t<meta property=\"og:image:height\" content=\"1024\" \/>\n\t<meta property=\"og:image:type\" content=\"image\/png\" \/>\n<meta name=\"twitter:card\" content=\"summary_large_image\" \/>\n<meta name=\"twitter:label1\" content=\"Est. reading time\" \/>\n\t<meta name=\"twitter:data1\" content=\"2 minutes\" \/>\n<script type=\"application\/ld+json\" class=\"yoast-schema-graph\">{\"@context\":\"https:\\\/\\\/schema.org\",\"@graph\":[{\"@type\":\"WebPage\",\"@id\":\"https:\\\/\\\/vingtsix.io\\\/index.php\\\/crm\\\/\",\"url\":\"https:\\\/\\\/vingtsix.io\\\/index.php\\\/crm\\\/\",\"name\":\"CRM - Vingt-Six\",\"isPartOf\":{\"@id\":\"https:\\\/\\\/vingtsix.io\\\/#website\"},\"primaryImageOfPage\":{\"@id\":\"https:\\\/\\\/vingtsix.io\\\/index.php\\\/crm\\\/#primaryimage\"},\"image\":{\"@id\":\"https:\\\/\\\/vingtsix.io\\\/index.php\\\/crm\\\/#primaryimage\"},\"thumbnailUrl\":\"http:\\\/\\\/vingtsix.io\\\/wp-content\\\/uploads\\\/2024\\\/02\\\/Asset-3.png\",\"datePublished\":\"2024-02-19T08:25:40+00:00\",\"dateModified\":\"2025-10-02T20:49:00+00:00\",\"breadcrumb\":{\"@id\":\"https:\\\/\\\/vingtsix.io\\\/index.php\\\/crm\\\/#breadcrumb\"},\"inLanguage\":\"en-US\",\"potentialAction\":[{\"@type\":\"ReadAction\",\"target\":[\"https:\\\/\\\/vingtsix.io\\\/index.php\\\/crm\\\/\"]}]},{\"@type\":\"ImageObject\",\"inLanguage\":\"en-US\",\"@id\":\"https:\\\/\\\/vingtsix.io\\\/index.php\\\/crm\\\/#primaryimage\",\"url\":\"https:\\\/\\\/vingtsix.io\\\/wp-content\\\/uploads\\\/2024\\\/02\\\/Asset-3.png\",\"contentUrl\":\"https:\\\/\\\/vingtsix.io\\\/wp-content\\\/uploads\\\/2024\\\/02\\\/Asset-3.png\",\"width\":1024,\"height\":1024},{\"@type\":\"BreadcrumbList\",\"@id\":\"https:\\\/\\\/vingtsix.io\\\/index.php\\\/crm\\\/#breadcrumb\",\"itemListElement\":[{\"@type\":\"ListItem\",\"position\":1,\"name\":\"Accueil\",\"item\":\"https:\\\/\\\/vingtsix.io\\\/\"},{\"@type\":\"ListItem\",\"position\":2,\"name\":\"CRM\"}]},{\"@type\":\"WebSite\",\"@id\":\"https:\\\/\\\/vingtsix.io\\\/#website\",\"url\":\"https:\\\/\\\/vingtsix.io\\\/\",\"name\":\"Vingt-Six\",\"description\":\"\",\"publisher\":{\"@id\":\"https:\\\/\\\/vingtsix.io\\\/#organization\"},\"potentialAction\":[{\"@type\":\"SearchAction\",\"target\":{\"@type\":\"EntryPoint\",\"urlTemplate\":\"https:\\\/\\\/vingtsix.io\\\/?s={search_term_string}\"},\"query-input\":{\"@type\":\"PropertyValueSpecification\",\"valueRequired\":true,\"valueName\":\"search_term_string\"}}],\"inLanguage\":\"en-US\"},{\"@type\":\"Organization\",\"@id\":\"https:\\\/\\\/vingtsix.io\\\/#organization\",\"name\":\"Vingt-Six\",\"url\":\"https:\\\/\\\/vingtsix.io\\\/\",\"logo\":{\"@type\":\"ImageObject\",\"inLanguage\":\"en-US\",\"@id\":\"https:\\\/\\\/vingtsix.io\\\/#\\\/schema\\\/logo\\\/image\\\/\",\"url\":\"https:\\\/\\\/vingtsix.io\\\/wp-content\\\/uploads\\\/2024\\\/01\\\/logo1.png\",\"contentUrl\":\"https:\\\/\\\/vingtsix.io\\\/wp-content\\\/uploads\\\/2024\\\/01\\\/logo1.png\",\"width\":638,\"height\":479,\"caption\":\"Vingt-Six\"},\"image\":{\"@id\":\"https:\\\/\\\/vingtsix.io\\\/#\\\/schema\\\/logo\\\/image\\\/\"}}]}<\/script>\n<!-- \/ Yoast SEO plugin. -->","yoast_head_json":{"title":"CRM - Vingt-Six","robots":{"index":"index","follow":"follow","max-snippet":"max-snippet:-1","max-image-preview":"max-image-preview:large","max-video-preview":"max-video-preview:-1"},"canonical":"https:\/\/vingtsix.io\/index.php\/crm\/","og_locale":"en_US","og_type":"article","og_title":"CRM - Vingt-Six","og_description":"Elevez votre strat\u00e9gie commerciale :accompagnement CRP &amp; PRM par VingtSix Notre Mission : Transformer Vos Relations Clients en R\u00e9elles Opportunit\u00e9s de Croissance Nous ne nous contentons pas de vous fournir un CRM ; nous r\u00e9volutionnons la fa\u00e7on dont vous engagez, maintenez et d\u00e9veloppez vos relations avec chaque client. Que vous soyez au d\u00e9but de votre [&hellip;]","og_url":"https:\/\/vingtsix.io\/index.php\/crm\/","og_site_name":"Vingt-Six","article_modified_time":"2025-10-02T20:49:00+00:00","og_image":[{"width":1024,"height":1024,"url":"https:\/\/vingtsix.io\/wp-content\/uploads\/2024\/02\/Asset-3.png","type":"image\/png"}],"twitter_card":"summary_large_image","twitter_misc":{"Est. reading time":"2 minutes"},"schema":{"@context":"https:\/\/schema.org","@graph":[{"@type":"WebPage","@id":"https:\/\/vingtsix.io\/index.php\/crm\/","url":"https:\/\/vingtsix.io\/index.php\/crm\/","name":"CRM - Vingt-Six","isPartOf":{"@id":"https:\/\/vingtsix.io\/#website"},"primaryImageOfPage":{"@id":"https:\/\/vingtsix.io\/index.php\/crm\/#primaryimage"},"image":{"@id":"https:\/\/vingtsix.io\/index.php\/crm\/#primaryimage"},"thumbnailUrl":"http:\/\/vingtsix.io\/wp-content\/uploads\/2024\/02\/Asset-3.png","datePublished":"2024-02-19T08:25:40+00:00","dateModified":"2025-10-02T20:49:00+00:00","breadcrumb":{"@id":"https:\/\/vingtsix.io\/index.php\/crm\/#breadcrumb"},"inLanguage":"en-US","potentialAction":[{"@type":"ReadAction","target":["https:\/\/vingtsix.io\/index.php\/crm\/"]}]},{"@type":"ImageObject","inLanguage":"en-US","@id":"https:\/\/vingtsix.io\/index.php\/crm\/#primaryimage","url":"https:\/\/vingtsix.io\/wp-content\/uploads\/2024\/02\/Asset-3.png","contentUrl":"https:\/\/vingtsix.io\/wp-content\/uploads\/2024\/02\/Asset-3.png","width":1024,"height":1024},{"@type":"BreadcrumbList","@id":"https:\/\/vingtsix.io\/index.php\/crm\/#breadcrumb","itemListElement":[{"@type":"ListItem","position":1,"name":"Accueil","item":"https:\/\/vingtsix.io\/"},{"@type":"ListItem","position":2,"name":"CRM"}]},{"@type":"WebSite","@id":"https:\/\/vingtsix.io\/#website","url":"https:\/\/vingtsix.io\/","name":"Vingt-Six","description":"","publisher":{"@id":"https:\/\/vingtsix.io\/#organization"},"potentialAction":[{"@type":"SearchAction","target":{"@type":"EntryPoint","urlTemplate":"https:\/\/vingtsix.io\/?s={search_term_string}"},"query-input":{"@type":"PropertyValueSpecification","valueRequired":true,"valueName":"search_term_string"}}],"inLanguage":"en-US"},{"@type":"Organization","@id":"https:\/\/vingtsix.io\/#organization","name":"Vingt-Six","url":"https:\/\/vingtsix.io\/","logo":{"@type":"ImageObject","inLanguage":"en-US","@id":"https:\/\/vingtsix.io\/#\/schema\/logo\/image\/","url":"https:\/\/vingtsix.io\/wp-content\/uploads\/2024\/01\/logo1.png","contentUrl":"https:\/\/vingtsix.io\/wp-content\/uploads\/2024\/01\/logo1.png","width":638,"height":479,"caption":"Vingt-Six"},"image":{"@id":"https:\/\/vingtsix.io\/#\/schema\/logo\/image\/"}}]}},"_links":{"self":[{"href":"https:\/\/vingtsix.io\/index.php\/wp-json\/wp\/v2\/pages\/222","targetHints":{"allow":["GET"]}}],"collection":[{"href":"https:\/\/vingtsix.io\/index.php\/wp-json\/wp\/v2\/pages"}],"about":[{"href":"https:\/\/vingtsix.io\/index.php\/wp-json\/wp\/v2\/types\/page"}],"author":[{"embeddable":true,"href":"https:\/\/vingtsix.io\/index.php\/wp-json\/wp\/v2\/users\/1"}],"replies":[{"embeddable":true,"href":"https:\/\/vingtsix.io\/index.php\/wp-json\/wp\/v2\/comments?post=222"}],"version-history":[{"count":37,"href":"https:\/\/vingtsix.io\/index.php\/wp-json\/wp\/v2\/pages\/222\/revisions"}],"predecessor-version":[{"id":796,"href":"https:\/\/vingtsix.io\/index.php\/wp-json\/wp\/v2\/pages\/222\/revisions\/796"}],"wp:attachment":[{"href":"https:\/\/vingtsix.io\/index.php\/wp-json\/wp\/v2\/media?parent=222"}],"curies":[{"name":"wp","href":"https:\/\/api.w.org\/{rel}","templated":true}]}}