{"id":168,"date":"2024-02-06T08:30:40","date_gmt":"2024-02-06T07:30:40","guid":{"rendered":"https:\/\/vingtsix.io\/?page_id=168"},"modified":"2024-05-30T15:05:58","modified_gmt":"2024-05-30T13:05:58","slug":"strategie-dacquisition","status":"publish","type":"page","link":"https:\/\/vingtsix.io\/index.php\/strategie-dacquisition\/","title":{"rendered":"Strat\u00e9gie d&#8217;acquisition"},"content":{"rendered":"\t\t<div data-elementor-type=\"wp-page\" data-elementor-id=\"168\" class=\"elementor elementor-168\" data-elementor-post-type=\"page\">\n\t\t\t\t<div class=\"elementor-element elementor-element-9173e95 e-flex e-con-boxed e-con e-parent\" data-id=\"9173e95\" data-element_type=\"container\" data-e-type=\"container\">\n\t\t\t\t\t<div class=\"e-con-inner\">\n\t\t\t\t<div class=\"elementor-element elementor-element-f27ae99 elementor-widget elementor-widget-heading\" data-id=\"f27ae99\" data-element_type=\"widget\" data-e-type=\"widget\" data-widget_type=\"heading.default\">\n\t\t\t\t<div class=\"elementor-widget-container\">\n\t\t\t\t\t<h1 class=\"elementor-heading-title elementor-size-default\"><b>Strat\u00e9gies d'acquisition - Trop de prospects, trop peu de clients ?<\/b><\/h1>\t\t\t\t<\/div>\n\t\t\t\t<\/div>\n\t\t\t\t\t<\/div>\n\t\t\t\t<\/div>\n\t\t<div class=\"elementor-element elementor-element-dc28969 e-flex e-con-boxed e-con e-parent\" data-id=\"dc28969\" data-element_type=\"container\" data-e-type=\"container\">\n\t\t\t\t\t<div class=\"e-con-inner\">\n\t\t<div class=\"elementor-element elementor-element-81ae0bb e-con-full e-flex e-con e-child\" data-id=\"81ae0bb\" data-element_type=\"container\" data-e-type=\"container\">\n\t\t\t\t<div class=\"elementor-element elementor-element-f67a153 elementor-widget elementor-widget-text-editor\" data-id=\"f67a153\" data-element_type=\"widget\" data-e-type=\"widget\" data-widget_type=\"text-editor.default\">\n\t\t\t\t<div class=\"elementor-widget-container\">\n\t\t\t\t\t\t\t\t\t<p><i><span style=\"font-weight: 400;\">Vous d\u00e9pensez d\u00e9j\u00e0 un budget cons\u00e9quent en acquisition, mais ne parvenez pas \u00e0 convertir suffisamment de prospects ? Vos campagnes peinent \u00e0 d\u00e9coller et ne g\u00e9n\u00e8rent pas assez de retours positifs ?<\/span><\/i><\/p><p><strong><i>Vous vous arrachez les cheveux \u00e0 tenter d&#8217;optimiser vos funnel, sans r\u00e9ussite durable ? Votre \u00e9quipe est d\u00e9bord\u00e9e et vos process d\u2019acquisition manquent cruellement d\u2019efficacit\u00e9 ?<\/i><\/strong><\/p><p><span style=\"font-weight: 400;\">Si vous vous reconnaissez dans ce tableau, ne d\u00e9sesp\u00e9rez pas ! Nous connaissons ce probl\u00e8me par c\u0153ur car nous l&#8217;avons d\u00e9j\u00e0 r\u00e9solu avec succ\u00e8s pour de nombreuses entreprises.<\/span><\/p><p><span style=\"font-weight: 400;\">Gr\u00e2ce \u00e0 notre expertise aiguis\u00e9e en strat\u00e9gies d\u2019acquisition digitale (Google Ads, Meta Ads, Amazon Ads&#8230;), nous sommes en mesure de <strong>booster vos performances tant en termes de trafic que de conversion.<\/strong><\/span><\/p><p><strong>Notre approche combine une m\u00e9thodologie \u00e9prouv\u00e9e (10M\u20ac d\u2019achat m\u00e9dia optimis\u00e9 !) et un accompagnement sur-mesure en mode &#8220;transfert de comp\u00e9tences&#8221;, pour des r\u00e9sultats rapides et durables.<\/strong><\/p><p><span style=\"font-weight: 400;\">Plus besoin de t\u00e2tonner \u00e0 l\u2019aveugle ou de miser sur des conseils approximatifs glan\u00e9s \u00e7\u00e0 et l\u00e0 : notre tandem Consultant Senior + Formateur vous fera passer un cap dans votre acquisition et votre rentabilit\u00e9.<\/span><\/p><p><span style=\"font-weight: 400;\">Alors si vous aussi, vous souhaitez dynamiser votre acquisition de A \u00e0 Z, prenons 30 minutes pour \u00e9changer ensemble de votre situation : nous vous dirons franchement si nous pouvons vous aider \u00e0 d\u00e9cupler vos r\u00e9sultats ou non. \u00c0 bient\u00f4t !<\/span><\/p>\t\t\t\t\t\t\t\t<\/div>\n\t\t\t\t<\/div>\n\t\t\t\t<div class=\"elementor-element elementor-element-6adef56 elementor-align-left elementor-widget elementor-widget-button\" data-id=\"6adef56\" data-element_type=\"widget\" data-e-type=\"widget\" data-widget_type=\"button.default\">\n\t\t\t\t<div class=\"elementor-widget-container\">\n\t\t\t\t\t\t\t\t\t<div class=\"elementor-button-wrapper\">\n\t\t\t\t\t<a class=\"elementor-button elementor-button-link elementor-size-sm\" href=\"https:\/\/app.reclaim.ai\/m\/decouverte\/meeting\">\n\t\t\t\t\t\t<span class=\"elementor-button-content-wrapper\">\n\t\t\t\t\t\t<span class=\"elementor-button-icon\">\n\t\t\t\t<svg aria-hidden=\"true\" class=\"e-font-icon-svg e-far-calendar-alt\" viewBox=\"0 0 448 512\" xmlns=\"http:\/\/www.w3.org\/2000\/svg\"><path d=\"M148 288h-40c-6.6 0-12-5.4-12-12v-40c0-6.6 5.4-12 12-12h40c6.6 0 12 5.4 12 12v40c0 6.6-5.4 12-12 12zm108-12v-40c0-6.6-5.4-12-12-12h-40c-6.6 0-12 5.4-12 12v40c0 6.6 5.4 12 12 12h40c6.6 0 12-5.4 12-12zm96 0v-40c0-6.6-5.4-12-12-12h-40c-6.6 0-12 5.4-12 12v40c0 6.6 5.4 12 12 12h40c6.6 0 12-5.4 12-12zm-96 96v-40c0-6.6-5.4-12-12-12h-40c-6.6 0-12 5.4-12 12v40c0 6.6 5.4 12 12 12h40c6.6 0 12-5.4 12-12zm-96 0v-40c0-6.6-5.4-12-12-12h-40c-6.6 0-12 5.4-12 12v40c0 6.6 5.4 12 12 12h40c6.6 0 12-5.4 12-12zm192 0v-40c0-6.6-5.4-12-12-12h-40c-6.6 0-12 5.4-12 12v40c0 6.6 5.4 12 12 12h40c6.6 0 12-5.4 12-12zm96-260v352c0 26.5-21.5 48-48 48H48c-26.5 0-48-21.5-48-48V112c0-26.5 21.5-48 48-48h48V12c0-6.6 5.4-12 12-12h40c6.6 0 12 5.4 12 12v52h128V12c0-6.6 5.4-12 12-12h40c6.6 0 12 5.4 12 12v52h48c26.5 0 48 21.5 48 48zm-48 346V160H48v298c0 3.3 2.7 6 6 6h340c3.3 0 6-2.7 6-6z\"><\/path><\/svg>\t\t\t<\/span>\n\t\t\t\t\t\t\t\t\t<span class=\"elementor-button-text\">R\u00e9servez votre consultation !<\/span>\n\t\t\t\t\t<\/span>\n\t\t\t\t\t<\/a>\n\t\t\t\t<\/div>\n\t\t\t\t\t\t\t\t<\/div>\n\t\t\t\t<\/div>\n\t\t\t\t<\/div>\n\t\t<div class=\"elementor-element elementor-element-5f3dde0 e-con-full e-flex e-con e-child\" data-id=\"5f3dde0\" data-element_type=\"container\" data-e-type=\"container\">\n\t\t\t\t<div class=\"elementor-element elementor-element-b8b0177 elementor-widget elementor-widget-image\" data-id=\"b8b0177\" data-element_type=\"widget\" data-e-type=\"widget\" data-widget_type=\"image.default\">\n\t\t\t\t<div class=\"elementor-widget-container\">\n\t\t\t\t\t\t\t\t\t\t\t\t\t\t\t<img fetchpriority=\"high\" decoding=\"async\" width=\"417\" height=\"631\" src=\"https:\/\/vingtsix.io\/wp-content\/uploads\/2024\/02\/03_geometric-1.png\" class=\"attachment-full size-full wp-image-65\" alt=\"\" srcset=\"https:\/\/vingtsix.io\/wp-content\/uploads\/2024\/02\/03_geometric-1.png 417w, https:\/\/vingtsix.io\/wp-content\/uploads\/2024\/02\/03_geometric-1-198x300.png 198w\" sizes=\"(max-width: 417px) 100vw, 417px\" \/>\t\t\t\t\t\t\t\t\t\t\t\t\t\t\t<\/div>\n\t\t\t\t<\/div>\n\t\t\t\t<\/div>\n\t\t\t\t\t<\/div>\n\t\t\t\t<\/div>\n\t\t<div class=\"elementor-element elementor-element-f971ebe e-flex e-con-boxed e-con e-parent\" data-id=\"f971ebe\" data-element_type=\"container\" data-e-type=\"container\">\n\t\t\t\t\t<div class=\"e-con-inner\">\n\t\t\t\t<div class=\"elementor-element elementor-element-b6dd8f3 elementor-widget elementor-widget-heading\" data-id=\"b6dd8f3\" data-element_type=\"widget\" data-e-type=\"widget\" data-widget_type=\"heading.default\">\n\t\t\t\t<div class=\"elementor-widget-container\">\n\t\t\t\t\t<h2 class=\"elementor-heading-title elementor-size-default\"><a href=\"https:\/\/vingtsix.io\/index.php\/s-e-o\/\">S.E.O<\/a><\/h2>\t\t\t\t<\/div>\n\t\t\t\t<\/div>\n\t\t\t\t<div class=\"elementor-element elementor-element-3f671ee elementor-widget elementor-widget-heading\" data-id=\"3f671ee\" data-element_type=\"widget\" data-e-type=\"widget\" data-widget_type=\"heading.default\">\n\t\t\t\t<div class=\"elementor-widget-container\">\n\t\t\t\t\t<h2 class=\"elementor-heading-title elementor-size-default\"><a href=\"https:\/\/vingtsix.io\/index.php\/google-ads-sea\/\">Google Ads -  SEA<\/a><\/h2>\t\t\t\t<\/div>\n\t\t\t\t<\/div>\n\t\t\t\t<div class=\"elementor-element elementor-element-159c2a4 elementor-widget elementor-widget-heading\" data-id=\"159c2a4\" data-element_type=\"widget\" data-e-type=\"widget\" data-widget_type=\"heading.default\">\n\t\t\t\t<div class=\"elementor-widget-container\">\n\t\t\t\t\t<h2 class=\"elementor-heading-title elementor-size-default\"><a href=\"https:\/\/vingtsix.io\/index.php\/meta-ads\/\">M\u00e9ta Ads<\/a><\/h2>\t\t\t\t<\/div>\n\t\t\t\t<\/div>\n\t\t\t\t<div class=\"elementor-element elementor-element-810aa6a elementor-widget elementor-widget-heading\" data-id=\"810aa6a\" data-element_type=\"widget\" data-e-type=\"widget\" data-widget_type=\"heading.default\">\n\t\t\t\t<div class=\"elementor-widget-container\">\n\t\t\t\t\t<h2 class=\"elementor-heading-title elementor-size-default\"><a href=\"https:\/\/vingtsix.io\/index.php\/cold-email\/\">Cold Email<\/a><\/h2>\t\t\t\t<\/div>\n\t\t\t\t<\/div>\n\t\t\t\t\t<\/div>\n\t\t\t\t<\/div>\n\t\t\t\t<\/div>\n\t\t","protected":false},"excerpt":{"rendered":"<p>Strat\u00e9gies d&#8217;acquisition &#8211; Trop de prospects, trop peu de clients ? Vous d\u00e9pensez d\u00e9j\u00e0 un budget cons\u00e9quent en acquisition, mais ne parvenez pas \u00e0 convertir suffisamment de prospects ? Vos campagnes peinent \u00e0 d\u00e9coller et ne g\u00e9n\u00e8rent pas assez de retours positifs ? Vous vous arrachez les cheveux \u00e0 tenter d&#8217;optimiser vos funnel, sans r\u00e9ussite [&hellip;]<\/p>\n","protected":false},"author":1,"featured_media":0,"parent":0,"menu_order":0,"comment_status":"closed","ping_status":"closed","template":"","meta":{"footnotes":""},"class_list":["post-168","page","type-page","status-publish","hentry"],"yoast_head":"<!-- This site is optimized with the Yoast SEO plugin v27.4 - https:\/\/yoast.com\/product\/yoast-seo-wordpress\/ -->\n<title>Strat\u00e9gie d&#039;acquisition - Vingt-Six<\/title>\n<meta name=\"robots\" content=\"index, follow, max-snippet:-1, max-image-preview:large, max-video-preview:-1\" \/>\n<link rel=\"canonical\" href=\"https:\/\/vingtsix.io\/index.php\/strategie-dacquisition\/\" \/>\n<meta property=\"og:locale\" content=\"en_US\" \/>\n<meta property=\"og:type\" content=\"article\" \/>\n<meta property=\"og:title\" content=\"Strat\u00e9gie d&#039;acquisition - Vingt-Six\" \/>\n<meta property=\"og:description\" content=\"Strat\u00e9gies d&#8217;acquisition &#8211; Trop de prospects, trop peu de clients ? Vous d\u00e9pensez d\u00e9j\u00e0 un budget cons\u00e9quent en acquisition, mais ne parvenez pas \u00e0 convertir suffisamment de prospects ? Vos campagnes peinent \u00e0 d\u00e9coller et ne g\u00e9n\u00e8rent pas assez de retours positifs ? Vous vous arrachez les cheveux \u00e0 tenter d&#8217;optimiser vos funnel, sans r\u00e9ussite [&hellip;]\" \/>\n<meta property=\"og:url\" content=\"https:\/\/vingtsix.io\/index.php\/strategie-dacquisition\/\" \/>\n<meta property=\"og:site_name\" content=\"Vingt-Six\" \/>\n<meta property=\"article:modified_time\" content=\"2024-05-30T13:05:58+00:00\" \/>\n<meta property=\"og:image\" content=\"http:\/\/vingtsix.io\/wp-content\/uploads\/2024\/02\/03_geometric-1.png\" \/>\n<meta name=\"twitter:card\" content=\"summary_large_image\" \/>\n<meta name=\"twitter:label1\" content=\"Est. reading time\" \/>\n\t<meta name=\"twitter:data1\" content=\"2 minutes\" \/>\n<script type=\"application\/ld+json\" class=\"yoast-schema-graph\">{\"@context\":\"https:\\\/\\\/schema.org\",\"@graph\":[{\"@type\":\"WebPage\",\"@id\":\"https:\\\/\\\/vingtsix.io\\\/index.php\\\/strategie-dacquisition\\\/\",\"url\":\"https:\\\/\\\/vingtsix.io\\\/index.php\\\/strategie-dacquisition\\\/\",\"name\":\"Strat\u00e9gie d'acquisition - Vingt-Six\",\"isPartOf\":{\"@id\":\"https:\\\/\\\/vingtsix.io\\\/#website\"},\"primaryImageOfPage\":{\"@id\":\"https:\\\/\\\/vingtsix.io\\\/index.php\\\/strategie-dacquisition\\\/#primaryimage\"},\"image\":{\"@id\":\"https:\\\/\\\/vingtsix.io\\\/index.php\\\/strategie-dacquisition\\\/#primaryimage\"},\"thumbnailUrl\":\"http:\\\/\\\/vingtsix.io\\\/wp-content\\\/uploads\\\/2024\\\/02\\\/03_geometric-1.png\",\"datePublished\":\"2024-02-06T07:30:40+00:00\",\"dateModified\":\"2024-05-30T13:05:58+00:00\",\"breadcrumb\":{\"@id\":\"https:\\\/\\\/vingtsix.io\\\/index.php\\\/strategie-dacquisition\\\/#breadcrumb\"},\"inLanguage\":\"en-US\",\"potentialAction\":[{\"@type\":\"ReadAction\",\"target\":[\"https:\\\/\\\/vingtsix.io\\\/index.php\\\/strategie-dacquisition\\\/\"]}]},{\"@type\":\"ImageObject\",\"inLanguage\":\"en-US\",\"@id\":\"https:\\\/\\\/vingtsix.io\\\/index.php\\\/strategie-dacquisition\\\/#primaryimage\",\"url\":\"https:\\\/\\\/vingtsix.io\\\/wp-content\\\/uploads\\\/2024\\\/02\\\/03_geometric-1.png\",\"contentUrl\":\"https:\\\/\\\/vingtsix.io\\\/wp-content\\\/uploads\\\/2024\\\/02\\\/03_geometric-1.png\",\"width\":417,\"height\":631},{\"@type\":\"BreadcrumbList\",\"@id\":\"https:\\\/\\\/vingtsix.io\\\/index.php\\\/strategie-dacquisition\\\/#breadcrumb\",\"itemListElement\":[{\"@type\":\"ListItem\",\"position\":1,\"name\":\"Accueil\",\"item\":\"https:\\\/\\\/vingtsix.io\\\/\"},{\"@type\":\"ListItem\",\"position\":2,\"name\":\"Strat\u00e9gie d&rsquo;acquisition\"}]},{\"@type\":\"WebSite\",\"@id\":\"https:\\\/\\\/vingtsix.io\\\/#website\",\"url\":\"https:\\\/\\\/vingtsix.io\\\/\",\"name\":\"Vingt-Six\",\"description\":\"\",\"publisher\":{\"@id\":\"https:\\\/\\\/vingtsix.io\\\/#organization\"},\"potentialAction\":[{\"@type\":\"SearchAction\",\"target\":{\"@type\":\"EntryPoint\",\"urlTemplate\":\"https:\\\/\\\/vingtsix.io\\\/?s={search_term_string}\"},\"query-input\":{\"@type\":\"PropertyValueSpecification\",\"valueRequired\":true,\"valueName\":\"search_term_string\"}}],\"inLanguage\":\"en-US\"},{\"@type\":\"Organization\",\"@id\":\"https:\\\/\\\/vingtsix.io\\\/#organization\",\"name\":\"Vingt-Six\",\"url\":\"https:\\\/\\\/vingtsix.io\\\/\",\"logo\":{\"@type\":\"ImageObject\",\"inLanguage\":\"en-US\",\"@id\":\"https:\\\/\\\/vingtsix.io\\\/#\\\/schema\\\/logo\\\/image\\\/\",\"url\":\"https:\\\/\\\/vingtsix.io\\\/wp-content\\\/uploads\\\/2024\\\/01\\\/logo1.png\",\"contentUrl\":\"https:\\\/\\\/vingtsix.io\\\/wp-content\\\/uploads\\\/2024\\\/01\\\/logo1.png\",\"width\":638,\"height\":479,\"caption\":\"Vingt-Six\"},\"image\":{\"@id\":\"https:\\\/\\\/vingtsix.io\\\/#\\\/schema\\\/logo\\\/image\\\/\"}}]}<\/script>\n<!-- \/ Yoast SEO plugin. -->","yoast_head_json":{"title":"Strat\u00e9gie d'acquisition - Vingt-Six","robots":{"index":"index","follow":"follow","max-snippet":"max-snippet:-1","max-image-preview":"max-image-preview:large","max-video-preview":"max-video-preview:-1"},"canonical":"https:\/\/vingtsix.io\/index.php\/strategie-dacquisition\/","og_locale":"en_US","og_type":"article","og_title":"Strat\u00e9gie d'acquisition - Vingt-Six","og_description":"Strat\u00e9gies d&#8217;acquisition &#8211; Trop de prospects, trop peu de clients ? Vous d\u00e9pensez d\u00e9j\u00e0 un budget cons\u00e9quent en acquisition, mais ne parvenez pas \u00e0 convertir suffisamment de prospects ? Vos campagnes peinent \u00e0 d\u00e9coller et ne g\u00e9n\u00e8rent pas assez de retours positifs ? Vous vous arrachez les cheveux \u00e0 tenter d&#8217;optimiser vos funnel, sans r\u00e9ussite [&hellip;]","og_url":"https:\/\/vingtsix.io\/index.php\/strategie-dacquisition\/","og_site_name":"Vingt-Six","article_modified_time":"2024-05-30T13:05:58+00:00","og_image":[{"url":"http:\/\/vingtsix.io\/wp-content\/uploads\/2024\/02\/03_geometric-1.png","type":"","width":"","height":""}],"twitter_card":"summary_large_image","twitter_misc":{"Est. reading time":"2 minutes"},"schema":{"@context":"https:\/\/schema.org","@graph":[{"@type":"WebPage","@id":"https:\/\/vingtsix.io\/index.php\/strategie-dacquisition\/","url":"https:\/\/vingtsix.io\/index.php\/strategie-dacquisition\/","name":"Strat\u00e9gie d'acquisition - Vingt-Six","isPartOf":{"@id":"https:\/\/vingtsix.io\/#website"},"primaryImageOfPage":{"@id":"https:\/\/vingtsix.io\/index.php\/strategie-dacquisition\/#primaryimage"},"image":{"@id":"https:\/\/vingtsix.io\/index.php\/strategie-dacquisition\/#primaryimage"},"thumbnailUrl":"http:\/\/vingtsix.io\/wp-content\/uploads\/2024\/02\/03_geometric-1.png","datePublished":"2024-02-06T07:30:40+00:00","dateModified":"2024-05-30T13:05:58+00:00","breadcrumb":{"@id":"https:\/\/vingtsix.io\/index.php\/strategie-dacquisition\/#breadcrumb"},"inLanguage":"en-US","potentialAction":[{"@type":"ReadAction","target":["https:\/\/vingtsix.io\/index.php\/strategie-dacquisition\/"]}]},{"@type":"ImageObject","inLanguage":"en-US","@id":"https:\/\/vingtsix.io\/index.php\/strategie-dacquisition\/#primaryimage","url":"https:\/\/vingtsix.io\/wp-content\/uploads\/2024\/02\/03_geometric-1.png","contentUrl":"https:\/\/vingtsix.io\/wp-content\/uploads\/2024\/02\/03_geometric-1.png","width":417,"height":631},{"@type":"BreadcrumbList","@id":"https:\/\/vingtsix.io\/index.php\/strategie-dacquisition\/#breadcrumb","itemListElement":[{"@type":"ListItem","position":1,"name":"Accueil","item":"https:\/\/vingtsix.io\/"},{"@type":"ListItem","position":2,"name":"Strat\u00e9gie d&rsquo;acquisition"}]},{"@type":"WebSite","@id":"https:\/\/vingtsix.io\/#website","url":"https:\/\/vingtsix.io\/","name":"Vingt-Six","description":"","publisher":{"@id":"https:\/\/vingtsix.io\/#organization"},"potentialAction":[{"@type":"SearchAction","target":{"@type":"EntryPoint","urlTemplate":"https:\/\/vingtsix.io\/?s={search_term_string}"},"query-input":{"@type":"PropertyValueSpecification","valueRequired":true,"valueName":"search_term_string"}}],"inLanguage":"en-US"},{"@type":"Organization","@id":"https:\/\/vingtsix.io\/#organization","name":"Vingt-Six","url":"https:\/\/vingtsix.io\/","logo":{"@type":"ImageObject","inLanguage":"en-US","@id":"https:\/\/vingtsix.io\/#\/schema\/logo\/image\/","url":"https:\/\/vingtsix.io\/wp-content\/uploads\/2024\/01\/logo1.png","contentUrl":"https:\/\/vingtsix.io\/wp-content\/uploads\/2024\/01\/logo1.png","width":638,"height":479,"caption":"Vingt-Six"},"image":{"@id":"https:\/\/vingtsix.io\/#\/schema\/logo\/image\/"}}]}},"_links":{"self":[{"href":"https:\/\/vingtsix.io\/index.php\/wp-json\/wp\/v2\/pages\/168","targetHints":{"allow":["GET"]}}],"collection":[{"href":"https:\/\/vingtsix.io\/index.php\/wp-json\/wp\/v2\/pages"}],"about":[{"href":"https:\/\/vingtsix.io\/index.php\/wp-json\/wp\/v2\/types\/page"}],"author":[{"embeddable":true,"href":"https:\/\/vingtsix.io\/index.php\/wp-json\/wp\/v2\/users\/1"}],"replies":[{"embeddable":true,"href":"https:\/\/vingtsix.io\/index.php\/wp-json\/wp\/v2\/comments?post=168"}],"version-history":[{"count":37,"href":"https:\/\/vingtsix.io\/index.php\/wp-json\/wp\/v2\/pages\/168\/revisions"}],"predecessor-version":[{"id":732,"href":"https:\/\/vingtsix.io\/index.php\/wp-json\/wp\/v2\/pages\/168\/revisions\/732"}],"wp:attachment":[{"href":"https:\/\/vingtsix.io\/index.php\/wp-json\/wp\/v2\/media?parent=168"}],"curies":[{"name":"wp","href":"https:\/\/api.w.org\/{rel}","templated":true}]}}