{"id":167,"date":"2024-02-06T08:30:15","date_gmt":"2024-02-06T07:30:15","guid":{"rendered":"https:\/\/vingtsix.io\/?page_id=167"},"modified":"2024-04-23T20:06:14","modified_gmt":"2024-04-23T18:06:14","slug":"part-time-manager","status":"publish","type":"page","link":"https:\/\/vingtsix.io\/index.php\/part-time-manager\/","title":{"rendered":"Part time Manager"},"content":{"rendered":"\t\t<div data-elementor-type=\"wp-page\" data-elementor-id=\"167\" class=\"elementor elementor-167\" data-elementor-post-type=\"page\">\n\t\t\t\t<div class=\"elementor-element elementor-element-4aa135a e-flex e-con-boxed e-con e-parent\" data-id=\"4aa135a\" data-element_type=\"container\" data-e-type=\"container\">\n\t\t\t\t\t<div class=\"e-con-inner\">\n\t\t<div class=\"elementor-element elementor-element-9644d04 e-flex e-con-boxed e-con e-child\" data-id=\"9644d04\" data-element_type=\"container\" data-e-type=\"container\">\n\t\t\t\t\t<div class=\"e-con-inner\">\n\t\t\t\t<div class=\"elementor-element elementor-element-b1ece0c elementor-widget elementor-widget-heading\" data-id=\"b1ece0c\" data-element_type=\"widget\" data-e-type=\"widget\" data-widget_type=\"heading.default\">\n\t\t\t\t<div class=\"elementor-widget-container\">\n\t\t\t\t\t<h1 class=\"elementor-heading-title elementor-size-default\">Manager de transition<\/h1>\t\t\t\t<\/div>\n\t\t\t\t<\/div>\n\t\t\t\t<div class=\"elementor-element elementor-element-1e2a650 elementor-widget elementor-widget-heading\" data-id=\"1e2a650\" data-element_type=\"widget\" data-e-type=\"widget\" data-widget_type=\"heading.default\">\n\t\t\t\t<div class=\"elementor-widget-container\">\n\t\t\t\t\t<h2 class=\"elementor-heading-title elementor-size-default\">Leadership strat\u00e9gique \u00e0 la demande : Vos directeurs en mode flexible<\/h2>\t\t\t\t<\/div>\n\t\t\t\t<\/div>\n\t\t\t\t\t<\/div>\n\t\t\t\t<\/div>\n\t\t\t\t\t<\/div>\n\t\t\t\t<\/div>\n\t\t<div class=\"elementor-element elementor-element-3a1fe27 e-flex e-con-boxed e-con e-parent\" data-id=\"3a1fe27\" data-element_type=\"container\" data-e-type=\"container\">\n\t\t\t\t\t<div class=\"e-con-inner\">\n\t\t<div class=\"elementor-element elementor-element-9a932bf e-con-full e-flex e-con e-child\" data-id=\"9a932bf\" data-element_type=\"container\" data-e-type=\"container\">\n\t\t\t\t<div class=\"elementor-element elementor-element-11884d6 elementor-widget elementor-widget-text-editor\" data-id=\"11884d6\" data-element_type=\"widget\" data-e-type=\"widget\" data-widget_type=\"text-editor.default\">\n\t\t\t\t<div class=\"elementor-widget-container\">\n\t\t\t\t\t\t\t\t\t<p><span style=\"font-weight: 400;\">Les dirigeants de PME, startups et TPE font face \u00e0 un d\u00e9fi majeur : optimiser la gestion financi\u00e8re de leur entreprise, tout en faisant face \u00e0 un manque de temps et d&#8217;expertise<\/span><\/p><p><span style=\"font-weight: 400;\">D\u00e9couvrez notre service unique \u2013 des Directeurs Marketing et Financiers \u00e0 temps partag\u00e9, con\u00e7us pour les entreprises qui recherchent un leadership de haut niveau, tout en privil\u00e9giant la flexibilit\u00e9 et la rentabilit\u00e9. Notre mod\u00e8le, inspir\u00e9 des leaders du secteur, propose des cadres exp\u00e9riment\u00e9s qui s&#8217;adaptent \u00e0 vos besoins sp\u00e9cifiques et \u00e0 votre budget.<\/span><\/p><p><span style=\"font-weight: 400;\">Imaginez l&#8217;impact d&#8217;avoir un Directeur Marketing ou Financier exp\u00e9riment\u00e9, guidant vos strat\u00e9gies et d\u00e9cisions financi\u00e8res, sans les frais g\u00e9n\u00e9raux d&#8217;un cadre \u00e0 temps plein. Nos consultants apportent une richesse d&#8217;exp\u00e9rience, pr\u00eats \u00e0 stimuler la croissance, \u00e0 mettre en \u0153uvre les meilleures pratiques et \u00e0 conduire le changement \u2013 exactement quand vous en avez besoin.<\/span><\/p><p><strong>Adoptez l&#8217;avenir de la gestion ex\u00e9cutive.\u00a0<\/strong><\/p><p><span style=\"font-weight: 400;\"><a href=\"https:\/\/vingtsix.io\/index.php\/contact\/\"><span style=\"text-decoration: underline;\"><strong>Contactez-nous<\/strong><\/span><\/a> pour d\u00e9couvrir comment nos solutions de direction \u00e0 temps partag\u00e9 peuvent propulser votre entreprise vers l&#8217;avant.<\/span><\/p>\t\t\t\t\t\t\t\t<\/div>\n\t\t\t\t<\/div>\n\t\t\t\t<div class=\"elementor-element elementor-element-d754f4d elementor-widget elementor-widget-button\" data-id=\"d754f4d\" data-element_type=\"widget\" data-e-type=\"widget\" data-widget_type=\"button.default\">\n\t\t\t\t<div class=\"elementor-widget-container\">\n\t\t\t\t\t\t\t\t\t<div class=\"elementor-button-wrapper\">\n\t\t\t\t\t<a class=\"elementor-button elementor-button-link elementor-size-sm\" href=\"#\">\n\t\t\t\t\t\t<span class=\"elementor-button-content-wrapper\">\n\t\t\t\t\t\t<span class=\"elementor-button-icon\">\n\t\t\t\t<svg aria-hidden=\"true\" class=\"e-font-icon-svg e-far-calendar-alt\" viewBox=\"0 0 448 512\" xmlns=\"http:\/\/www.w3.org\/2000\/svg\"><path d=\"M148 288h-40c-6.6 0-12-5.4-12-12v-40c0-6.6 5.4-12 12-12h40c6.6 0 12 5.4 12 12v40c0 6.6-5.4 12-12 12zm108-12v-40c0-6.6-5.4-12-12-12h-40c-6.6 0-12 5.4-12 12v40c0 6.6 5.4 12 12 12h40c6.6 0 12-5.4 12-12zm96 0v-40c0-6.6-5.4-12-12-12h-40c-6.6 0-12 5.4-12 12v40c0 6.6 5.4 12 12 12h40c6.6 0 12-5.4 12-12zm-96 96v-40c0-6.6-5.4-12-12-12h-40c-6.6 0-12 5.4-12 12v40c0 6.6 5.4 12 12 12h40c6.6 0 12-5.4 12-12zm-96 0v-40c0-6.6-5.4-12-12-12h-40c-6.6 0-12 5.4-12 12v40c0 6.6 5.4 12 12 12h40c6.6 0 12-5.4 12-12zm192 0v-40c0-6.6-5.4-12-12-12h-40c-6.6 0-12 5.4-12 12v40c0 6.6 5.4 12 12 12h40c6.6 0 12-5.4 12-12zm96-260v352c0 26.5-21.5 48-48 48H48c-26.5 0-48-21.5-48-48V112c0-26.5 21.5-48 48-48h48V12c0-6.6 5.4-12 12-12h40c6.6 0 12 5.4 12 12v52h128V12c0-6.6 5.4-12 12-12h40c6.6 0 12 5.4 12 12v52h48c26.5 0 48 21.5 48 48zm-48 346V160H48v298c0 3.3 2.7 6 6 6h340c3.3 0 6-2.7 6-6z\"><\/path><\/svg>\t\t\t<\/span>\n\t\t\t\t\t\t\t\t\t<span class=\"elementor-button-text\">R\u00e9servez votre consultation<\/span>\n\t\t\t\t\t<\/span>\n\t\t\t\t\t<\/a>\n\t\t\t\t<\/div>\n\t\t\t\t\t\t\t\t<\/div>\n\t\t\t\t<\/div>\n\t\t\t\t<\/div>\n\t\t<div class=\"elementor-element elementor-element-fb5e8ce e-con-full e-flex e-con e-child\" data-id=\"fb5e8ce\" data-element_type=\"container\" data-e-type=\"container\">\n\t\t\t\t<div class=\"elementor-element elementor-element-16e0abf elementor-widget elementor-widget-image\" data-id=\"16e0abf\" data-element_type=\"widget\" data-e-type=\"widget\" data-widget_type=\"image.default\">\n\t\t\t\t<div class=\"elementor-widget-container\">\n\t\t\t\t\t\t\t\t\t\t\t\t\t\t\t<img fetchpriority=\"high\" decoding=\"async\" width=\"1024\" height=\"1024\" src=\"https:\/\/vingtsix.io\/wp-content\/uploads\/2024\/02\/Asset-8.png\" class=\"attachment-full size-full wp-image-208\" alt=\"\" srcset=\"https:\/\/vingtsix.io\/wp-content\/uploads\/2024\/02\/Asset-8.png 1024w, https:\/\/vingtsix.io\/wp-content\/uploads\/2024\/02\/Asset-8-300x300.png 300w, https:\/\/vingtsix.io\/wp-content\/uploads\/2024\/02\/Asset-8-150x150.png 150w, https:\/\/vingtsix.io\/wp-content\/uploads\/2024\/02\/Asset-8-768x768.png 768w\" sizes=\"(max-width: 1024px) 100vw, 1024px\" \/>\t\t\t\t\t\t\t\t\t\t\t\t\t\t\t<\/div>\n\t\t\t\t<\/div>\n\t\t\t\t<\/div>\n\t\t\t\t\t<\/div>\n\t\t\t\t<\/div>\n\t\t<div class=\"elementor-element elementor-element-9aa99da e-flex e-con-boxed e-con e-parent\" data-id=\"9aa99da\" data-element_type=\"container\" data-e-type=\"container\">\n\t\t\t\t\t<div class=\"e-con-inner\">\n\t\t\t\t<div class=\"elementor-element elementor-element-1654d2b elementor-widget elementor-widget-heading\" data-id=\"1654d2b\" data-element_type=\"widget\" data-e-type=\"widget\" data-widget_type=\"heading.default\">\n\t\t\t\t<div class=\"elementor-widget-container\">\n\t\t\t\t\t<h2 class=\"elementor-heading-title elementor-size-default\"><a href=\"https:\/\/vingtsix.io\/index.php\/part-time-c-m-o\/\">Part time C.M.O.<\/a><\/h2>\t\t\t\t<\/div>\n\t\t\t\t<\/div>\n\t\t\t\t<div class=\"elementor-element elementor-element-e74d6ee elementor-widget elementor-widget-heading\" data-id=\"e74d6ee\" data-element_type=\"widget\" data-e-type=\"widget\" data-widget_type=\"heading.default\">\n\t\t\t\t<div class=\"elementor-widget-container\">\n\t\t\t\t\t<h2 class=\"elementor-heading-title elementor-size-default\"><a href=\"https:\/\/vingtsix.io\/index.php\/part-time-c-f-o\/\">Part time C.F.O.<\/a><\/h2>\t\t\t\t<\/div>\n\t\t\t\t<\/div>\n\t\t\t\t\t<\/div>\n\t\t\t\t<\/div>\n\t\t\t\t<\/div>\n\t\t","protected":false},"excerpt":{"rendered":"<p>Manager de transition Leadership strat\u00e9gique \u00e0 la demande : Vos directeurs en mode flexible Les dirigeants de PME, startups et TPE font face \u00e0 un d\u00e9fi majeur : optimiser la gestion financi\u00e8re de leur entreprise, tout en faisant face \u00e0 un manque de temps et d&#8217;expertise D\u00e9couvrez notre service unique \u2013 des Directeurs Marketing et [&hellip;]<\/p>\n","protected":false},"author":1,"featured_media":0,"parent":0,"menu_order":0,"comment_status":"closed","ping_status":"closed","template":"","meta":{"footnotes":""},"class_list":["post-167","page","type-page","status-publish","hentry"],"yoast_head":"<!-- This site is optimized with the Yoast SEO plugin v27.4 - https:\/\/yoast.com\/product\/yoast-seo-wordpress\/ -->\n<title>Part time Manager - Vingt-Six<\/title>\n<meta name=\"robots\" content=\"index, follow, max-snippet:-1, max-image-preview:large, max-video-preview:-1\" \/>\n<link rel=\"canonical\" href=\"https:\/\/vingtsix.io\/index.php\/part-time-manager\/\" \/>\n<meta property=\"og:locale\" content=\"en_US\" \/>\n<meta property=\"og:type\" content=\"article\" \/>\n<meta property=\"og:title\" content=\"Part time Manager - Vingt-Six\" \/>\n<meta property=\"og:description\" content=\"Manager de transition Leadership strat\u00e9gique \u00e0 la demande : Vos directeurs en mode flexible Les dirigeants de PME, startups et TPE font face \u00e0 un d\u00e9fi majeur : optimiser la gestion financi\u00e8re de leur entreprise, tout en faisant face \u00e0 un manque de temps et d&#8217;expertise D\u00e9couvrez notre service unique \u2013 des Directeurs Marketing et [&hellip;]\" \/>\n<meta property=\"og:url\" content=\"https:\/\/vingtsix.io\/index.php\/part-time-manager\/\" \/>\n<meta property=\"og:site_name\" content=\"Vingt-Six\" \/>\n<meta property=\"article:modified_time\" content=\"2024-04-23T18:06:14+00:00\" \/>\n<meta property=\"og:image\" content=\"http:\/\/vingtsix.io\/wp-content\/uploads\/2024\/02\/Asset-8.png\" \/>\n<meta name=\"twitter:card\" content=\"summary_large_image\" \/>\n<meta name=\"twitter:label1\" content=\"Est. reading time\" \/>\n\t<meta name=\"twitter:data1\" content=\"1 minute\" \/>\n<script type=\"application\/ld+json\" class=\"yoast-schema-graph\">{\"@context\":\"https:\\\/\\\/schema.org\",\"@graph\":[{\"@type\":\"WebPage\",\"@id\":\"https:\\\/\\\/vingtsix.io\\\/index.php\\\/part-time-manager\\\/\",\"url\":\"https:\\\/\\\/vingtsix.io\\\/index.php\\\/part-time-manager\\\/\",\"name\":\"Part time Manager - Vingt-Six\",\"isPartOf\":{\"@id\":\"https:\\\/\\\/vingtsix.io\\\/#website\"},\"primaryImageOfPage\":{\"@id\":\"https:\\\/\\\/vingtsix.io\\\/index.php\\\/part-time-manager\\\/#primaryimage\"},\"image\":{\"@id\":\"https:\\\/\\\/vingtsix.io\\\/index.php\\\/part-time-manager\\\/#primaryimage\"},\"thumbnailUrl\":\"http:\\\/\\\/vingtsix.io\\\/wp-content\\\/uploads\\\/2024\\\/02\\\/Asset-8.png\",\"datePublished\":\"2024-02-06T07:30:15+00:00\",\"dateModified\":\"2024-04-23T18:06:14+00:00\",\"breadcrumb\":{\"@id\":\"https:\\\/\\\/vingtsix.io\\\/index.php\\\/part-time-manager\\\/#breadcrumb\"},\"inLanguage\":\"en-US\",\"potentialAction\":[{\"@type\":\"ReadAction\",\"target\":[\"https:\\\/\\\/vingtsix.io\\\/index.php\\\/part-time-manager\\\/\"]}]},{\"@type\":\"ImageObject\",\"inLanguage\":\"en-US\",\"@id\":\"https:\\\/\\\/vingtsix.io\\\/index.php\\\/part-time-manager\\\/#primaryimage\",\"url\":\"https:\\\/\\\/vingtsix.io\\\/wp-content\\\/uploads\\\/2024\\\/02\\\/Asset-8.png\",\"contentUrl\":\"https:\\\/\\\/vingtsix.io\\\/wp-content\\\/uploads\\\/2024\\\/02\\\/Asset-8.png\",\"width\":1024,\"height\":1024},{\"@type\":\"BreadcrumbList\",\"@id\":\"https:\\\/\\\/vingtsix.io\\\/index.php\\\/part-time-manager\\\/#breadcrumb\",\"itemListElement\":[{\"@type\":\"ListItem\",\"position\":1,\"name\":\"Accueil\",\"item\":\"https:\\\/\\\/vingtsix.io\\\/\"},{\"@type\":\"ListItem\",\"position\":2,\"name\":\"Part time Manager\"}]},{\"@type\":\"WebSite\",\"@id\":\"https:\\\/\\\/vingtsix.io\\\/#website\",\"url\":\"https:\\\/\\\/vingtsix.io\\\/\",\"name\":\"Vingt-Six\",\"description\":\"\",\"publisher\":{\"@id\":\"https:\\\/\\\/vingtsix.io\\\/#organization\"},\"potentialAction\":[{\"@type\":\"SearchAction\",\"target\":{\"@type\":\"EntryPoint\",\"urlTemplate\":\"https:\\\/\\\/vingtsix.io\\\/?s={search_term_string}\"},\"query-input\":{\"@type\":\"PropertyValueSpecification\",\"valueRequired\":true,\"valueName\":\"search_term_string\"}}],\"inLanguage\":\"en-US\"},{\"@type\":\"Organization\",\"@id\":\"https:\\\/\\\/vingtsix.io\\\/#organization\",\"name\":\"Vingt-Six\",\"url\":\"https:\\\/\\\/vingtsix.io\\\/\",\"logo\":{\"@type\":\"ImageObject\",\"inLanguage\":\"en-US\",\"@id\":\"https:\\\/\\\/vingtsix.io\\\/#\\\/schema\\\/logo\\\/image\\\/\",\"url\":\"https:\\\/\\\/vingtsix.io\\\/wp-content\\\/uploads\\\/2024\\\/01\\\/logo1.png\",\"contentUrl\":\"https:\\\/\\\/vingtsix.io\\\/wp-content\\\/uploads\\\/2024\\\/01\\\/logo1.png\",\"width\":638,\"height\":479,\"caption\":\"Vingt-Six\"},\"image\":{\"@id\":\"https:\\\/\\\/vingtsix.io\\\/#\\\/schema\\\/logo\\\/image\\\/\"}}]}<\/script>\n<!-- \/ Yoast SEO plugin. -->","yoast_head_json":{"title":"Part time Manager - Vingt-Six","robots":{"index":"index","follow":"follow","max-snippet":"max-snippet:-1","max-image-preview":"max-image-preview:large","max-video-preview":"max-video-preview:-1"},"canonical":"https:\/\/vingtsix.io\/index.php\/part-time-manager\/","og_locale":"en_US","og_type":"article","og_title":"Part time Manager - Vingt-Six","og_description":"Manager de transition Leadership strat\u00e9gique \u00e0 la demande : Vos directeurs en mode flexible Les dirigeants de PME, startups et TPE font face \u00e0 un d\u00e9fi majeur : optimiser la gestion financi\u00e8re de leur entreprise, tout en faisant face \u00e0 un manque de temps et d&#8217;expertise D\u00e9couvrez notre service unique \u2013 des Directeurs Marketing et [&hellip;]","og_url":"https:\/\/vingtsix.io\/index.php\/part-time-manager\/","og_site_name":"Vingt-Six","article_modified_time":"2024-04-23T18:06:14+00:00","og_image":[{"url":"http:\/\/vingtsix.io\/wp-content\/uploads\/2024\/02\/Asset-8.png","type":"","width":"","height":""}],"twitter_card":"summary_large_image","twitter_misc":{"Est. reading time":"1 minute"},"schema":{"@context":"https:\/\/schema.org","@graph":[{"@type":"WebPage","@id":"https:\/\/vingtsix.io\/index.php\/part-time-manager\/","url":"https:\/\/vingtsix.io\/index.php\/part-time-manager\/","name":"Part time Manager - Vingt-Six","isPartOf":{"@id":"https:\/\/vingtsix.io\/#website"},"primaryImageOfPage":{"@id":"https:\/\/vingtsix.io\/index.php\/part-time-manager\/#primaryimage"},"image":{"@id":"https:\/\/vingtsix.io\/index.php\/part-time-manager\/#primaryimage"},"thumbnailUrl":"http:\/\/vingtsix.io\/wp-content\/uploads\/2024\/02\/Asset-8.png","datePublished":"2024-02-06T07:30:15+00:00","dateModified":"2024-04-23T18:06:14+00:00","breadcrumb":{"@id":"https:\/\/vingtsix.io\/index.php\/part-time-manager\/#breadcrumb"},"inLanguage":"en-US","potentialAction":[{"@type":"ReadAction","target":["https:\/\/vingtsix.io\/index.php\/part-time-manager\/"]}]},{"@type":"ImageObject","inLanguage":"en-US","@id":"https:\/\/vingtsix.io\/index.php\/part-time-manager\/#primaryimage","url":"https:\/\/vingtsix.io\/wp-content\/uploads\/2024\/02\/Asset-8.png","contentUrl":"https:\/\/vingtsix.io\/wp-content\/uploads\/2024\/02\/Asset-8.png","width":1024,"height":1024},{"@type":"BreadcrumbList","@id":"https:\/\/vingtsix.io\/index.php\/part-time-manager\/#breadcrumb","itemListElement":[{"@type":"ListItem","position":1,"name":"Accueil","item":"https:\/\/vingtsix.io\/"},{"@type":"ListItem","position":2,"name":"Part time Manager"}]},{"@type":"WebSite","@id":"https:\/\/vingtsix.io\/#website","url":"https:\/\/vingtsix.io\/","name":"Vingt-Six","description":"","publisher":{"@id":"https:\/\/vingtsix.io\/#organization"},"potentialAction":[{"@type":"SearchAction","target":{"@type":"EntryPoint","urlTemplate":"https:\/\/vingtsix.io\/?s={search_term_string}"},"query-input":{"@type":"PropertyValueSpecification","valueRequired":true,"valueName":"search_term_string"}}],"inLanguage":"en-US"},{"@type":"Organization","@id":"https:\/\/vingtsix.io\/#organization","name":"Vingt-Six","url":"https:\/\/vingtsix.io\/","logo":{"@type":"ImageObject","inLanguage":"en-US","@id":"https:\/\/vingtsix.io\/#\/schema\/logo\/image\/","url":"https:\/\/vingtsix.io\/wp-content\/uploads\/2024\/01\/logo1.png","contentUrl":"https:\/\/vingtsix.io\/wp-content\/uploads\/2024\/01\/logo1.png","width":638,"height":479,"caption":"Vingt-Six"},"image":{"@id":"https:\/\/vingtsix.io\/#\/schema\/logo\/image\/"}}]}},"_links":{"self":[{"href":"https:\/\/vingtsix.io\/index.php\/wp-json\/wp\/v2\/pages\/167","targetHints":{"allow":["GET"]}}],"collection":[{"href":"https:\/\/vingtsix.io\/index.php\/wp-json\/wp\/v2\/pages"}],"about":[{"href":"https:\/\/vingtsix.io\/index.php\/wp-json\/wp\/v2\/types\/page"}],"author":[{"embeddable":true,"href":"https:\/\/vingtsix.io\/index.php\/wp-json\/wp\/v2\/users\/1"}],"replies":[{"embeddable":true,"href":"https:\/\/vingtsix.io\/index.php\/wp-json\/wp\/v2\/comments?post=167"}],"version-history":[{"count":35,"href":"https:\/\/vingtsix.io\/index.php\/wp-json\/wp\/v2\/pages\/167\/revisions"}],"predecessor-version":[{"id":762,"href":"https:\/\/vingtsix.io\/index.php\/wp-json\/wp\/v2\/pages\/167\/revisions\/762"}],"wp:attachment":[{"href":"https:\/\/vingtsix.io\/index.php\/wp-json\/wp\/v2\/media?parent=167"}],"curies":[{"name":"wp","href":"https:\/\/api.w.org\/{rel}","templated":true}]}}