{"id":130,"date":"2024-02-06T08:22:45","date_gmt":"2024-02-06T07:22:45","guid":{"rendered":"https:\/\/vingtsix.io\/?page_id=130"},"modified":"2024-05-29T19:36:34","modified_gmt":"2024-05-29T17:36:34","slug":"mission","status":"publish","type":"page","link":"https:\/\/vingtsix.io\/index.php\/mission\/","title":{"rendered":"Notre mission"},"content":{"rendered":"\t\t<div data-elementor-type=\"wp-page\" data-elementor-id=\"130\" class=\"elementor elementor-130\" data-elementor-post-type=\"page\">\n\t\t\t\t<div class=\"elementor-element elementor-element-085bb23 e-flex e-con-boxed e-con e-parent\" data-id=\"085bb23\" data-element_type=\"container\" data-e-type=\"container\">\n\t\t\t\t\t<div class=\"e-con-inner\">\n\t\t\t\t<div class=\"elementor-element elementor-element-d3b7670 elementor-widget elementor-widget-heading\" data-id=\"d3b7670\" data-element_type=\"widget\" data-e-type=\"widget\" data-widget_type=\"heading.default\">\n\t\t\t\t<div class=\"elementor-widget-container\">\n\t\t\t\t\t<h1 class=\"elementor-heading-title elementor-size-default\">Notre Mission<\/h1>\t\t\t\t<\/div>\n\t\t\t\t<\/div>\n\t\t\t\t\t<\/div>\n\t\t\t\t<\/div>\n\t\t<div class=\"elementor-element elementor-element-02ffc63 e-flex e-con-boxed e-con e-parent\" data-id=\"02ffc63\" data-element_type=\"container\" data-e-type=\"container\">\n\t\t\t\t\t<div class=\"e-con-inner\">\n\t\t\t\t<div class=\"elementor-element elementor-element-f21fd02 elementor-widget elementor-widget-text-editor\" data-id=\"f21fd02\" data-element_type=\"widget\" data-e-type=\"widget\" data-widget_type=\"text-editor.default\">\n\t\t\t\t<div class=\"elementor-widget-container\">\n\t\t\t\t\t\t\t\t\t<p><span style=\"font-weight: 400;\"><strong>Notre mission<\/strong> est simple mais puissante : garantir \u00e0 nos clients une action rapide, efficace et totalement align\u00e9e avec leurs objectifs, dans une transparence totale. Nous faisons de vos objectifs les n\u00f4tres, en nous engageant \u00e0 :<\/span><\/p><ul><li style=\"font-weight: 400;\" aria-level=\"1\"><b>R\u00e9activit\u00e9 et Pr\u00e9cision<\/b><span style=\"font-weight: 400;\"> : Agir rapidement tout en restant parfaitement en phase avec vos besoins strat\u00e9giques.<\/span><\/li><li style=\"font-weight: 400;\" aria-level=\"1\"><b>Alignement Total<\/b><span style=\"font-weight: 400;\"> : Faire de vos priorit\u00e9s notre priorit\u00e9, pour une synergie optimale.<\/span><\/li><li style=\"font-weight: 400;\" aria-level=\"1\"><b>Transparence Absolue<\/b><span style=\"font-weight: 400;\"> : Assurer une communication claire et honn\u00eate \u00e0 chaque \u00e9tape de notre collaboration.<\/span><\/li><\/ul><h5><strong>Ensemble, nous construisons un avenir o\u00f9 vos ambitions deviennent r\u00e9alit\u00e9.<\/strong><\/h5>\t\t\t\t\t\t\t\t<\/div>\n\t\t\t\t<\/div>\n\t\t\t\t\t<\/div>\n\t\t\t\t<\/div>\n\t\t\t\t<\/div>\n\t\t","protected":false},"excerpt":{"rendered":"<p>Notre Mission Notre mission est simple mais puissante : garantir \u00e0 nos clients une action rapide, efficace et totalement align\u00e9e avec leurs objectifs, dans une transparence totale. Nous faisons de vos objectifs les n\u00f4tres, en nous engageant \u00e0 : R\u00e9activit\u00e9 et Pr\u00e9cision : Agir rapidement tout en restant parfaitement en phase avec vos besoins strat\u00e9giques. [&hellip;]<\/p>\n","protected":false},"author":1,"featured_media":0,"parent":0,"menu_order":0,"comment_status":"closed","ping_status":"closed","template":"","meta":{"footnotes":""},"class_list":["post-130","page","type-page","status-publish","hentry"],"yoast_head":"<!-- This site is optimized with the Yoast SEO plugin v27.4 - https:\/\/yoast.com\/product\/yoast-seo-wordpress\/ -->\n<title>Notre mission - Vingt-Six<\/title>\n<meta name=\"robots\" content=\"index, follow, max-snippet:-1, max-image-preview:large, max-video-preview:-1\" \/>\n<link rel=\"canonical\" href=\"https:\/\/vingtsix.io\/index.php\/mission\/\" \/>\n<meta property=\"og:locale\" content=\"en_US\" \/>\n<meta property=\"og:type\" content=\"article\" \/>\n<meta property=\"og:title\" content=\"Notre mission - Vingt-Six\" \/>\n<meta property=\"og:description\" content=\"Notre Mission Notre mission est simple mais puissante : garantir \u00e0 nos clients une action rapide, efficace et totalement align\u00e9e avec leurs objectifs, dans une transparence totale. Nous faisons de vos objectifs les n\u00f4tres, en nous engageant \u00e0 : R\u00e9activit\u00e9 et Pr\u00e9cision : Agir rapidement tout en restant parfaitement en phase avec vos besoins strat\u00e9giques. [&hellip;]\" \/>\n<meta property=\"og:url\" content=\"https:\/\/vingtsix.io\/index.php\/mission\/\" \/>\n<meta property=\"og:site_name\" content=\"Vingt-Six\" \/>\n<meta property=\"article:modified_time\" content=\"2024-05-29T17:36:34+00:00\" \/>\n<meta name=\"twitter:card\" content=\"summary_large_image\" \/>\n<meta name=\"twitter:label1\" content=\"Est. reading time\" \/>\n\t<meta name=\"twitter:data1\" content=\"1 minute\" \/>\n<script type=\"application\/ld+json\" class=\"yoast-schema-graph\">{\"@context\":\"https:\\\/\\\/schema.org\",\"@graph\":[{\"@type\":\"WebPage\",\"@id\":\"https:\\\/\\\/vingtsix.io\\\/index.php\\\/mission\\\/\",\"url\":\"https:\\\/\\\/vingtsix.io\\\/index.php\\\/mission\\\/\",\"name\":\"Notre mission - Vingt-Six\",\"isPartOf\":{\"@id\":\"https:\\\/\\\/vingtsix.io\\\/#website\"},\"datePublished\":\"2024-02-06T07:22:45+00:00\",\"dateModified\":\"2024-05-29T17:36:34+00:00\",\"breadcrumb\":{\"@id\":\"https:\\\/\\\/vingtsix.io\\\/index.php\\\/mission\\\/#breadcrumb\"},\"inLanguage\":\"en-US\",\"potentialAction\":[{\"@type\":\"ReadAction\",\"target\":[\"https:\\\/\\\/vingtsix.io\\\/index.php\\\/mission\\\/\"]}]},{\"@type\":\"BreadcrumbList\",\"@id\":\"https:\\\/\\\/vingtsix.io\\\/index.php\\\/mission\\\/#breadcrumb\",\"itemListElement\":[{\"@type\":\"ListItem\",\"position\":1,\"name\":\"Accueil\",\"item\":\"https:\\\/\\\/vingtsix.io\\\/\"},{\"@type\":\"ListItem\",\"position\":2,\"name\":\"Notre mission\"}]},{\"@type\":\"WebSite\",\"@id\":\"https:\\\/\\\/vingtsix.io\\\/#website\",\"url\":\"https:\\\/\\\/vingtsix.io\\\/\",\"name\":\"Vingt-Six\",\"description\":\"\",\"publisher\":{\"@id\":\"https:\\\/\\\/vingtsix.io\\\/#organization\"},\"potentialAction\":[{\"@type\":\"SearchAction\",\"target\":{\"@type\":\"EntryPoint\",\"urlTemplate\":\"https:\\\/\\\/vingtsix.io\\\/?s={search_term_string}\"},\"query-input\":{\"@type\":\"PropertyValueSpecification\",\"valueRequired\":true,\"valueName\":\"search_term_string\"}}],\"inLanguage\":\"en-US\"},{\"@type\":\"Organization\",\"@id\":\"https:\\\/\\\/vingtsix.io\\\/#organization\",\"name\":\"Vingt-Six\",\"url\":\"https:\\\/\\\/vingtsix.io\\\/\",\"logo\":{\"@type\":\"ImageObject\",\"inLanguage\":\"en-US\",\"@id\":\"https:\\\/\\\/vingtsix.io\\\/#\\\/schema\\\/logo\\\/image\\\/\",\"url\":\"https:\\\/\\\/vingtsix.io\\\/wp-content\\\/uploads\\\/2024\\\/01\\\/logo1.png\",\"contentUrl\":\"https:\\\/\\\/vingtsix.io\\\/wp-content\\\/uploads\\\/2024\\\/01\\\/logo1.png\",\"width\":638,\"height\":479,\"caption\":\"Vingt-Six\"},\"image\":{\"@id\":\"https:\\\/\\\/vingtsix.io\\\/#\\\/schema\\\/logo\\\/image\\\/\"}}]}<\/script>\n<!-- \/ Yoast SEO plugin. -->","yoast_head_json":{"title":"Notre mission - Vingt-Six","robots":{"index":"index","follow":"follow","max-snippet":"max-snippet:-1","max-image-preview":"max-image-preview:large","max-video-preview":"max-video-preview:-1"},"canonical":"https:\/\/vingtsix.io\/index.php\/mission\/","og_locale":"en_US","og_type":"article","og_title":"Notre mission - Vingt-Six","og_description":"Notre Mission Notre mission est simple mais puissante : garantir \u00e0 nos clients une action rapide, efficace et totalement align\u00e9e avec leurs objectifs, dans une transparence totale. Nous faisons de vos objectifs les n\u00f4tres, en nous engageant \u00e0 : R\u00e9activit\u00e9 et Pr\u00e9cision : Agir rapidement tout en restant parfaitement en phase avec vos besoins strat\u00e9giques. [&hellip;]","og_url":"https:\/\/vingtsix.io\/index.php\/mission\/","og_site_name":"Vingt-Six","article_modified_time":"2024-05-29T17:36:34+00:00","twitter_card":"summary_large_image","twitter_misc":{"Est. reading time":"1 minute"},"schema":{"@context":"https:\/\/schema.org","@graph":[{"@type":"WebPage","@id":"https:\/\/vingtsix.io\/index.php\/mission\/","url":"https:\/\/vingtsix.io\/index.php\/mission\/","name":"Notre mission - Vingt-Six","isPartOf":{"@id":"https:\/\/vingtsix.io\/#website"},"datePublished":"2024-02-06T07:22:45+00:00","dateModified":"2024-05-29T17:36:34+00:00","breadcrumb":{"@id":"https:\/\/vingtsix.io\/index.php\/mission\/#breadcrumb"},"inLanguage":"en-US","potentialAction":[{"@type":"ReadAction","target":["https:\/\/vingtsix.io\/index.php\/mission\/"]}]},{"@type":"BreadcrumbList","@id":"https:\/\/vingtsix.io\/index.php\/mission\/#breadcrumb","itemListElement":[{"@type":"ListItem","position":1,"name":"Accueil","item":"https:\/\/vingtsix.io\/"},{"@type":"ListItem","position":2,"name":"Notre mission"}]},{"@type":"WebSite","@id":"https:\/\/vingtsix.io\/#website","url":"https:\/\/vingtsix.io\/","name":"Vingt-Six","description":"","publisher":{"@id":"https:\/\/vingtsix.io\/#organization"},"potentialAction":[{"@type":"SearchAction","target":{"@type":"EntryPoint","urlTemplate":"https:\/\/vingtsix.io\/?s={search_term_string}"},"query-input":{"@type":"PropertyValueSpecification","valueRequired":true,"valueName":"search_term_string"}}],"inLanguage":"en-US"},{"@type":"Organization","@id":"https:\/\/vingtsix.io\/#organization","name":"Vingt-Six","url":"https:\/\/vingtsix.io\/","logo":{"@type":"ImageObject","inLanguage":"en-US","@id":"https:\/\/vingtsix.io\/#\/schema\/logo\/image\/","url":"https:\/\/vingtsix.io\/wp-content\/uploads\/2024\/01\/logo1.png","contentUrl":"https:\/\/vingtsix.io\/wp-content\/uploads\/2024\/01\/logo1.png","width":638,"height":479,"caption":"Vingt-Six"},"image":{"@id":"https:\/\/vingtsix.io\/#\/schema\/logo\/image\/"}}]}},"_links":{"self":[{"href":"https:\/\/vingtsix.io\/index.php\/wp-json\/wp\/v2\/pages\/130","targetHints":{"allow":["GET"]}}],"collection":[{"href":"https:\/\/vingtsix.io\/index.php\/wp-json\/wp\/v2\/pages"}],"about":[{"href":"https:\/\/vingtsix.io\/index.php\/wp-json\/wp\/v2\/types\/page"}],"author":[{"embeddable":true,"href":"https:\/\/vingtsix.io\/index.php\/wp-json\/wp\/v2\/users\/1"}],"replies":[{"embeddable":true,"href":"https:\/\/vingtsix.io\/index.php\/wp-json\/wp\/v2\/comments?post=130"}],"version-history":[{"count":18,"href":"https:\/\/vingtsix.io\/index.php\/wp-json\/wp\/v2\/pages\/130\/revisions"}],"predecessor-version":[{"id":687,"href":"https:\/\/vingtsix.io\/index.php\/wp-json\/wp\/v2\/pages\/130\/revisions\/687"}],"wp:attachment":[{"href":"https:\/\/vingtsix.io\/index.php\/wp-json\/wp\/v2\/media?parent=130"}],"curies":[{"name":"wp","href":"https:\/\/api.w.org\/{rel}","templated":true}]}}