{"id":129,"date":"2024-02-06T08:22:09","date_gmt":"2024-02-06T07:22:09","guid":{"rendered":"https:\/\/vingtsix.io\/?page_id=129"},"modified":"2024-05-30T11:15:01","modified_gmt":"2024-05-30T09:15:01","slug":"valeurs","status":"publish","type":"page","link":"https:\/\/vingtsix.io\/index.php\/valeurs\/","title":{"rendered":"Nos valeurs"},"content":{"rendered":"\t\t<div data-elementor-type=\"wp-page\" data-elementor-id=\"129\" class=\"elementor elementor-129\" data-elementor-post-type=\"page\">\n\t\t\t\t<div class=\"elementor-element elementor-element-2c77abd e-flex e-con-boxed e-con e-parent\" data-id=\"2c77abd\" data-element_type=\"container\" data-e-type=\"container\">\n\t\t\t\t\t<div class=\"e-con-inner\">\n\t\t\t\t<div class=\"elementor-element elementor-element-53a190a elementor-widget elementor-widget-heading\" data-id=\"53a190a\" data-element_type=\"widget\" data-e-type=\"widget\" data-widget_type=\"heading.default\">\n\t\t\t\t<div class=\"elementor-widget-container\">\n\t\t\t\t\t<h2 class=\"elementor-heading-title elementor-size-default\">Nos Valeurs<\/h2>\t\t\t\t<\/div>\n\t\t\t\t<\/div>\n\t\t\t\t\t<\/div>\n\t\t\t\t<\/div>\n\t\t<div class=\"elementor-element elementor-element-1a2c5cd e-flex e-con-boxed e-con e-parent\" data-id=\"1a2c5cd\" data-element_type=\"container\" data-e-type=\"container\">\n\t\t\t\t\t<div class=\"e-con-inner\">\n\t\t\t\t<div class=\"elementor-element elementor-element-48f0f19 elementor-widget elementor-widget-text-editor\" data-id=\"48f0f19\" data-element_type=\"widget\" data-e-type=\"widget\" data-widget_type=\"text-editor.default\">\n\t\t\t\t<div class=\"elementor-widget-container\">\n\t\t\t\t\t\t\t\t\t<h4><span style=\"color: #333399;\">R\u00e9activit\u00e9<\/span><\/h4><p><strong>Agir vite et bien :<\/strong> Nous comprenons l&#8217;importance de la rapidit\u00e9 dans le monde digital. Notre \u00e9quipe est d\u00e9di\u00e9e \u00e0 r\u00e9pondre rapidement \u00e0 vos besoins, en assurant des solutions efficaces et promptes.<\/p><h4><span style=\"color: #000080;\">Transparence<\/span><\/h4><p><strong>Clart\u00e9 et honn\u00eatet\u00e9 \u00e0 chaque \u00e9tape :<\/strong> Nous croyons en une communication ouverte et honn\u00eate. Chaque action, chaque d\u00e9cision est partag\u00e9e avec vous pour garantir une totale transparence dans notre collaboration.<\/p><h4><span style=\"color: #000080;\">Alignement<\/span><\/h4><p><strong>Vos objectifs sont les n\u00f4tres :<\/strong> Nous faisons de vos priorit\u00e9s notre priorit\u00e9. En alignant nos actions avec vos objectifs strat\u00e9giques, nous assurons une parfaite synergie et une coh\u00e9rence totale dans nos efforts.<\/p><h4><span style=\"color: #000080;\">Expertise<\/span><\/h4><p><strong>Excellence et savoir-faire :<\/strong> Notre \u00e9quipe de consultants seniors apporte une expertise de haut niveau. Nous utilisons les meilleures pratiques et technologies pour offrir des solutions innovantes et performantes.<\/p><h4><span style=\"color: #000080;\">Partenariat<\/span><\/h4><p><strong>Collaboration et co-cr\u00e9ation :<\/strong> Nous travaillons main dans la main avec nos clients. Ensemble, nous co-cr\u00e9ons des strat\u00e9gies et des solutions qui apportent une valeur r\u00e9elle et durable \u00e0 votre entreprise.<\/p><h4><span style=\"color: #000080;\">Innovation<\/span><\/h4><p><strong>Toujours \u00e0 la pointe :<\/strong> Nous int\u00e9grons les derni\u00e8res innovations et tendances technologiques pour maintenir votre avantage concurrentiel et assurer votre succ\u00e8s \u00e0 long terme.<\/p><h4><span style=\"color: #000080;\">Engagement<\/span><\/h4><p><strong>D\u00e9vouement et pers\u00e9v\u00e9rance :<\/strong> Nous sommes profond\u00e9ment engag\u00e9s \u00e0 atteindre vos objectifs. Notre \u00e9quipe est d\u00e9vou\u00e9e \u00e0 votre succ\u00e8s, travaillant sans rel\u00e2che pour transformer vos d\u00e9fis en opportunit\u00e9s.<\/p>\t\t\t\t\t\t\t\t<\/div>\n\t\t\t\t<\/div>\n\t\t\t\t<div class=\"elementor-element elementor-element-ce8e7c1 elementor-widget-divider--view-line elementor-widget elementor-widget-divider\" data-id=\"ce8e7c1\" data-element_type=\"widget\" data-e-type=\"widget\" data-widget_type=\"divider.default\">\n\t\t\t\t<div class=\"elementor-widget-container\">\n\t\t\t\t\t\t\t<div class=\"elementor-divider\">\n\t\t\t<span class=\"elementor-divider-separator\">\n\t\t\t\t\t\t<\/span>\n\t\t<\/div>\n\t\t\t\t\t\t<\/div>\n\t\t\t\t<\/div>\n\t\t\t\t<div class=\"elementor-element elementor-element-2f0a742 elementor-widget elementor-widget-button\" data-id=\"2f0a742\" data-element_type=\"widget\" data-e-type=\"widget\" data-widget_type=\"button.default\">\n\t\t\t\t<div class=\"elementor-widget-container\">\n\t\t\t\t\t\t\t\t\t<div class=\"elementor-button-wrapper\">\n\t\t\t\t\t<a class=\"elementor-button elementor-button-link elementor-size-sm\" href=\"https:\/\/app.reclaim.ai\/m\/decouverte\/meeting\">\n\t\t\t\t\t\t<span class=\"elementor-button-content-wrapper\">\n\t\t\t\t\t\t<span class=\"elementor-button-icon\">\n\t\t\t\t<svg aria-hidden=\"true\" class=\"e-font-icon-svg e-far-calendar-check\" viewBox=\"0 0 448 512\" xmlns=\"http:\/\/www.w3.org\/2000\/svg\"><path d=\"M400 64h-48V12c0-6.627-5.373-12-12-12h-40c-6.627 0-12 5.373-12 12v52H160V12c0-6.627-5.373-12-12-12h-40c-6.627 0-12 5.373-12 12v52H48C21.49 64 0 85.49 0 112v352c0 26.51 21.49 48 48 48h352c26.51 0 48-21.49 48-48V112c0-26.51-21.49-48-48-48zm-6 400H54a6 6 0 0 1-6-6V160h352v298a6 6 0 0 1-6 6zm-52.849-200.65L198.842 404.519c-4.705 4.667-12.303 4.637-16.971-.068l-75.091-75.699c-4.667-4.705-4.637-12.303.068-16.971l22.719-22.536c4.705-4.667 12.303-4.637 16.97.069l44.104 44.461 111.072-110.181c4.705-4.667 12.303-4.637 16.971.068l22.536 22.718c4.667 4.705 4.636 12.303-.069 16.97z\"><\/path><\/svg>\t\t\t<\/span>\n\t\t\t\t\t\t\t\t\t<span class=\"elementor-button-text\">Prenons Rendez-vous !<\/span>\n\t\t\t\t\t<\/span>\n\t\t\t\t\t<\/a>\n\t\t\t\t<\/div>\n\t\t\t\t\t\t\t\t<\/div>\n\t\t\t\t<\/div>\n\t\t\t\t\t<\/div>\n\t\t\t\t<\/div>\n\t\t\t\t<\/div>\n\t\t","protected":false},"excerpt":{"rendered":"<p>Nos Valeurs R\u00e9activit\u00e9 Agir vite et bien : Nous comprenons l&#8217;importance de la rapidit\u00e9 dans le monde digital. Notre \u00e9quipe est d\u00e9di\u00e9e \u00e0 r\u00e9pondre rapidement \u00e0 vos besoins, en assurant des solutions efficaces et promptes. Transparence Clart\u00e9 et honn\u00eatet\u00e9 \u00e0 chaque \u00e9tape : Nous croyons en une communication ouverte et honn\u00eate. Chaque action, chaque d\u00e9cision [&hellip;]<\/p>\n","protected":false},"author":1,"featured_media":0,"parent":0,"menu_order":0,"comment_status":"closed","ping_status":"closed","template":"","meta":{"footnotes":""},"class_list":["post-129","page","type-page","status-publish","hentry"],"yoast_head":"<!-- This site is optimized with the Yoast SEO plugin v27.4 - https:\/\/yoast.com\/product\/yoast-seo-wordpress\/ -->\n<title>Nos valeurs - Vingt-Six<\/title>\n<meta name=\"robots\" content=\"index, follow, max-snippet:-1, max-image-preview:large, max-video-preview:-1\" \/>\n<link rel=\"canonical\" href=\"https:\/\/vingtsix.io\/index.php\/valeurs\/\" \/>\n<meta property=\"og:locale\" content=\"en_US\" \/>\n<meta property=\"og:type\" content=\"article\" \/>\n<meta property=\"og:title\" content=\"Nos valeurs - Vingt-Six\" \/>\n<meta property=\"og:description\" content=\"Nos Valeurs R\u00e9activit\u00e9 Agir vite et bien : Nous comprenons l&#8217;importance de la rapidit\u00e9 dans le monde digital. Notre \u00e9quipe est d\u00e9di\u00e9e \u00e0 r\u00e9pondre rapidement \u00e0 vos besoins, en assurant des solutions efficaces et promptes. Transparence Clart\u00e9 et honn\u00eatet\u00e9 \u00e0 chaque \u00e9tape : Nous croyons en une communication ouverte et honn\u00eate. Chaque action, chaque d\u00e9cision [&hellip;]\" \/>\n<meta property=\"og:url\" content=\"https:\/\/vingtsix.io\/index.php\/valeurs\/\" \/>\n<meta property=\"og:site_name\" content=\"Vingt-Six\" \/>\n<meta property=\"article:modified_time\" content=\"2024-05-30T09:15:01+00:00\" \/>\n<meta name=\"twitter:card\" content=\"summary_large_image\" \/>\n<meta name=\"twitter:label1\" content=\"Est. reading time\" \/>\n\t<meta name=\"twitter:data1\" content=\"2 minutes\" \/>\n<script type=\"application\/ld+json\" class=\"yoast-schema-graph\">{\"@context\":\"https:\\\/\\\/schema.org\",\"@graph\":[{\"@type\":\"WebPage\",\"@id\":\"https:\\\/\\\/vingtsix.io\\\/index.php\\\/valeurs\\\/\",\"url\":\"https:\\\/\\\/vingtsix.io\\\/index.php\\\/valeurs\\\/\",\"name\":\"Nos valeurs - Vingt-Six\",\"isPartOf\":{\"@id\":\"https:\\\/\\\/vingtsix.io\\\/#website\"},\"datePublished\":\"2024-02-06T07:22:09+00:00\",\"dateModified\":\"2024-05-30T09:15:01+00:00\",\"breadcrumb\":{\"@id\":\"https:\\\/\\\/vingtsix.io\\\/index.php\\\/valeurs\\\/#breadcrumb\"},\"inLanguage\":\"en-US\",\"potentialAction\":[{\"@type\":\"ReadAction\",\"target\":[\"https:\\\/\\\/vingtsix.io\\\/index.php\\\/valeurs\\\/\"]}]},{\"@type\":\"BreadcrumbList\",\"@id\":\"https:\\\/\\\/vingtsix.io\\\/index.php\\\/valeurs\\\/#breadcrumb\",\"itemListElement\":[{\"@type\":\"ListItem\",\"position\":1,\"name\":\"Accueil\",\"item\":\"https:\\\/\\\/vingtsix.io\\\/\"},{\"@type\":\"ListItem\",\"position\":2,\"name\":\"Nos valeurs\"}]},{\"@type\":\"WebSite\",\"@id\":\"https:\\\/\\\/vingtsix.io\\\/#website\",\"url\":\"https:\\\/\\\/vingtsix.io\\\/\",\"name\":\"Vingt-Six\",\"description\":\"\",\"publisher\":{\"@id\":\"https:\\\/\\\/vingtsix.io\\\/#organization\"},\"potentialAction\":[{\"@type\":\"SearchAction\",\"target\":{\"@type\":\"EntryPoint\",\"urlTemplate\":\"https:\\\/\\\/vingtsix.io\\\/?s={search_term_string}\"},\"query-input\":{\"@type\":\"PropertyValueSpecification\",\"valueRequired\":true,\"valueName\":\"search_term_string\"}}],\"inLanguage\":\"en-US\"},{\"@type\":\"Organization\",\"@id\":\"https:\\\/\\\/vingtsix.io\\\/#organization\",\"name\":\"Vingt-Six\",\"url\":\"https:\\\/\\\/vingtsix.io\\\/\",\"logo\":{\"@type\":\"ImageObject\",\"inLanguage\":\"en-US\",\"@id\":\"https:\\\/\\\/vingtsix.io\\\/#\\\/schema\\\/logo\\\/image\\\/\",\"url\":\"https:\\\/\\\/vingtsix.io\\\/wp-content\\\/uploads\\\/2024\\\/01\\\/logo1.png\",\"contentUrl\":\"https:\\\/\\\/vingtsix.io\\\/wp-content\\\/uploads\\\/2024\\\/01\\\/logo1.png\",\"width\":638,\"height\":479,\"caption\":\"Vingt-Six\"},\"image\":{\"@id\":\"https:\\\/\\\/vingtsix.io\\\/#\\\/schema\\\/logo\\\/image\\\/\"}}]}<\/script>\n<!-- \/ Yoast SEO plugin. -->","yoast_head_json":{"title":"Nos valeurs - Vingt-Six","robots":{"index":"index","follow":"follow","max-snippet":"max-snippet:-1","max-image-preview":"max-image-preview:large","max-video-preview":"max-video-preview:-1"},"canonical":"https:\/\/vingtsix.io\/index.php\/valeurs\/","og_locale":"en_US","og_type":"article","og_title":"Nos valeurs - Vingt-Six","og_description":"Nos Valeurs R\u00e9activit\u00e9 Agir vite et bien : Nous comprenons l&#8217;importance de la rapidit\u00e9 dans le monde digital. Notre \u00e9quipe est d\u00e9di\u00e9e \u00e0 r\u00e9pondre rapidement \u00e0 vos besoins, en assurant des solutions efficaces et promptes. Transparence Clart\u00e9 et honn\u00eatet\u00e9 \u00e0 chaque \u00e9tape : Nous croyons en une communication ouverte et honn\u00eate. Chaque action, chaque d\u00e9cision [&hellip;]","og_url":"https:\/\/vingtsix.io\/index.php\/valeurs\/","og_site_name":"Vingt-Six","article_modified_time":"2024-05-30T09:15:01+00:00","twitter_card":"summary_large_image","twitter_misc":{"Est. reading time":"2 minutes"},"schema":{"@context":"https:\/\/schema.org","@graph":[{"@type":"WebPage","@id":"https:\/\/vingtsix.io\/index.php\/valeurs\/","url":"https:\/\/vingtsix.io\/index.php\/valeurs\/","name":"Nos valeurs - Vingt-Six","isPartOf":{"@id":"https:\/\/vingtsix.io\/#website"},"datePublished":"2024-02-06T07:22:09+00:00","dateModified":"2024-05-30T09:15:01+00:00","breadcrumb":{"@id":"https:\/\/vingtsix.io\/index.php\/valeurs\/#breadcrumb"},"inLanguage":"en-US","potentialAction":[{"@type":"ReadAction","target":["https:\/\/vingtsix.io\/index.php\/valeurs\/"]}]},{"@type":"BreadcrumbList","@id":"https:\/\/vingtsix.io\/index.php\/valeurs\/#breadcrumb","itemListElement":[{"@type":"ListItem","position":1,"name":"Accueil","item":"https:\/\/vingtsix.io\/"},{"@type":"ListItem","position":2,"name":"Nos valeurs"}]},{"@type":"WebSite","@id":"https:\/\/vingtsix.io\/#website","url":"https:\/\/vingtsix.io\/","name":"Vingt-Six","description":"","publisher":{"@id":"https:\/\/vingtsix.io\/#organization"},"potentialAction":[{"@type":"SearchAction","target":{"@type":"EntryPoint","urlTemplate":"https:\/\/vingtsix.io\/?s={search_term_string}"},"query-input":{"@type":"PropertyValueSpecification","valueRequired":true,"valueName":"search_term_string"}}],"inLanguage":"en-US"},{"@type":"Organization","@id":"https:\/\/vingtsix.io\/#organization","name":"Vingt-Six","url":"https:\/\/vingtsix.io\/","logo":{"@type":"ImageObject","inLanguage":"en-US","@id":"https:\/\/vingtsix.io\/#\/schema\/logo\/image\/","url":"https:\/\/vingtsix.io\/wp-content\/uploads\/2024\/01\/logo1.png","contentUrl":"https:\/\/vingtsix.io\/wp-content\/uploads\/2024\/01\/logo1.png","width":638,"height":479,"caption":"Vingt-Six"},"image":{"@id":"https:\/\/vingtsix.io\/#\/schema\/logo\/image\/"}}]}},"_links":{"self":[{"href":"https:\/\/vingtsix.io\/index.php\/wp-json\/wp\/v2\/pages\/129","targetHints":{"allow":["GET"]}}],"collection":[{"href":"https:\/\/vingtsix.io\/index.php\/wp-json\/wp\/v2\/pages"}],"about":[{"href":"https:\/\/vingtsix.io\/index.php\/wp-json\/wp\/v2\/types\/page"}],"author":[{"embeddable":true,"href":"https:\/\/vingtsix.io\/index.php\/wp-json\/wp\/v2\/users\/1"}],"replies":[{"embeddable":true,"href":"https:\/\/vingtsix.io\/index.php\/wp-json\/wp\/v2\/comments?post=129"}],"version-history":[{"count":14,"href":"https:\/\/vingtsix.io\/index.php\/wp-json\/wp\/v2\/pages\/129\/revisions"}],"predecessor-version":[{"id":693,"href":"https:\/\/vingtsix.io\/index.php\/wp-json\/wp\/v2\/pages\/129\/revisions\/693"}],"wp:attachment":[{"href":"https:\/\/vingtsix.io\/index.php\/wp-json\/wp\/v2\/media?parent=129"}],"curies":[{"name":"wp","href":"https:\/\/api.w.org\/{rel}","templated":true}]}}