{"id":11,"date":"2024-02-01T12:41:10","date_gmt":"2024-02-01T11:41:10","guid":{"rendered":"https:\/\/vingtsix.io\/?page_id=11"},"modified":"2024-02-02T15:45:46","modified_gmt":"2024-02-02T14:45:46","slug":"solutions","status":"publish","type":"page","link":"https:\/\/vingtsix.io\/index.php\/solutions\/","title":{"rendered":"Vos Enjeux"},"content":{"rendered":"\t\t<div data-elementor-type=\"wp-page\" data-elementor-id=\"11\" class=\"elementor elementor-11\" data-elementor-post-type=\"page\">\n\t\t\t\t<div class=\"elementor-element elementor-element-3be4e93 e-flex e-con-boxed e-con e-parent\" data-id=\"3be4e93\" data-element_type=\"container\" data-e-type=\"container\" data-settings=\"{&quot;background_background&quot;:&quot;classic&quot;}\">\n\t\t\t\t\t<div class=\"e-con-inner\">\n\t\t\t\t<div class=\"elementor-element elementor-element-09f49b5 elementor-widget elementor-widget-text-editor\" data-id=\"09f49b5\" data-element_type=\"widget\" data-e-type=\"widget\" data-widget_type=\"text-editor.default\">\n\t\t\t\t<div class=\"elementor-widget-container\">\n\t\t\t\t\t\t\t\t\t<p>Je suis une <span style=\"color: #ff4a4a;\">startup<\/span><\/p>\t\t\t\t\t\t\t\t<\/div>\n\t\t\t\t<\/div>\n\t\t\t\t<div class=\"elementor-element elementor-element-57d70d0 elementor-widget elementor-widget-menu-anchor\" data-id=\"57d70d0\" data-element_type=\"widget\" data-e-type=\"widget\" data-widget_type=\"menu-anchor.default\">\n\t\t\t\t<div class=\"elementor-widget-container\">\n\t\t\t\t\t\t\t<div class=\"elementor-menu-anchor\" id=\"Startup\"><\/div>\n\t\t\t\t\t\t<\/div>\n\t\t\t\t<\/div>\n\t\t\t\t<div class=\"elementor-element elementor-element-35a0732 elementor-widget elementor-widget-heading\" data-id=\"35a0732\" data-element_type=\"widget\" data-e-type=\"widget\" data-widget_type=\"heading.default\">\n\t\t\t\t<div class=\"elementor-widget-container\">\n\t\t\t\t\t<h2 class=\"elementor-heading-title elementor-size-default\">D\u00e9veloppez votre startup avec une expertise strat\u00e9gique et op\u00e9rationnelle<\/h2>\t\t\t\t<\/div>\n\t\t\t\t<\/div>\n\t\t\t\t<div class=\"elementor-element elementor-element-5e05757 elementor-widget elementor-widget-heading\" data-id=\"5e05757\" data-element_type=\"widget\" data-e-type=\"widget\" data-widget_type=\"heading.default\">\n\t\t\t\t<div class=\"elementor-widget-container\">\n\t\t\t\t\t<h2 class=\"elementor-heading-title elementor-size-default\">Votre startup est unique, nos services le sont aussi.<\/h2>\t\t\t\t<\/div>\n\t\t\t\t<\/div>\n\t\t\t\t<div class=\"elementor-element elementor-element-28a051a elementor-widget elementor-widget-text-editor\" data-id=\"28a051a\" data-element_type=\"widget\" data-e-type=\"widget\" data-widget_type=\"text-editor.default\">\n\t\t\t\t<div class=\"elementor-widget-container\">\n\t\t\t\t\t\t\t\t\t<p><span style=\"text-decoration: underline;\"><span style=\"font-weight: 400;\">Part-time Manager : CMO et CFO \u00e0 la Carte<\/span><\/span><\/p><ul><li style=\"font-weight: 400;\" aria-level=\"1\"><span style=\"font-weight: 400;\">Vous \u00eates une startup en pleine croissance ? B\u00e9n\u00e9ficiez d&#8217;une expertise de haut niveau avec nos services de Part-time CMO et CFO. Notre approche flexible vous permet d&#8217;acc\u00e9der \u00e0 des comp\u00e9tences strat\u00e9giques et op\u00e9rationnelles, essentielles \u00e0 votre d\u00e9veloppement, sans les co\u00fbts associ\u00e9s \u00e0 un poste \u00e0 temps plein.<\/span><\/li><\/ul><p><span style=\"text-decoration: underline;\"><span style=\"font-weight: 400;\">Growth Marketing et Product-Market Fit : Acc\u00e9l\u00e9rez Votre Croissance<\/span><\/span><\/p><ul><li style=\"font-weight: 400;\" aria-level=\"1\"><span style=\"font-weight: 400;\">Nous vous aidons \u00e0 identifier et \u00e0 atteindre votre march\u00e9 cible, optimiser votre proposition de valeur et r\u00e9duire votre CAC (Co\u00fbt d&#8217;Acquisition Client). Notre expertise en Growth Marketing est la cl\u00e9 pour dynamiser votre croissance et assurer une expansion durable.<\/span><\/li><\/ul><p><span style=\"text-decoration: underline;\"><span style=\"font-weight: 400;\">CRM : Choix et Mise en Place<\/span><\/span><\/p><ul><li style=\"font-weight: 400;\" aria-level=\"1\"><span style=\"font-weight: 400;\">Choisir le bon CRM est crucial pour votre startup. Nous vous accompagnons dans le choix et la mise en place d&#8217;une solution CRM adapt\u00e9e, qui soutiendra efficacement vos strat\u00e9gies de vente et de marketing.<\/span><\/li><\/ul><p><span style=\"text-decoration: underline;\"><span style=\"font-weight: 400;\">Lev\u00e9e de Fonds et Pr\u00e9paration au Pitch<\/span><\/span><\/p><ul><li style=\"font-weight: 400;\" aria-level=\"1\"><span style=\"font-weight: 400;\">Pr\u00e9parez-vous \u00e0 r\u00e9ussir votre lev\u00e9e de fonds avec notre accompagnement sur mesure. Nous vous aidons \u00e0 peaufiner votre pitch deck, \u00e0 vous entra\u00eener pour vos pr\u00e9sentations et \u00e0 \u00e9laborer une strat\u00e9gie de communication efficace pour attirer les investisseurs.<\/span><\/li><\/ul><p><span style=\"text-decoration: underline;\"><span style=\"font-weight: 400;\">Plateforme de Marque et Media Training<\/span><\/span><\/p><ul><li style=\"font-weight: 400;\" aria-level=\"1\"><span style=\"font-weight: 400;\">Construire une marque forte est essentiel. Nous vous assistons dans la cr\u00e9ation d&#8217;une plateforme de marque coh\u00e9rente et percutante. De plus, notre media training vous pr\u00e9pare \u00e0 communiquer efficacement avec les m\u00e9dias et \u00e0 renforcer votre pr\u00e9sence sur le march\u00e9.<\/span><\/li><\/ul>\t\t\t\t\t\t\t\t<\/div>\n\t\t\t\t<\/div>\n\t\t\t\t<div class=\"elementor-element elementor-element-4b1b164 elementor-widget elementor-widget-heading\" data-id=\"4b1b164\" data-element_type=\"widget\" data-e-type=\"widget\" data-widget_type=\"heading.default\">\n\t\t\t\t<div class=\"elementor-widget-container\">\n\t\t\t\t\t<h2 class=\"elementor-heading-title elementor-size-default\">Votre succ\u00e8s est notre priorit\u00e9. Ensemble, donnons vie \u00e0 votre vision et propulsons votre startup vers de nouveaux sommets.<\/h2>\t\t\t\t<\/div>\n\t\t\t\t<\/div>\n\t\t\t\t<div class=\"elementor-element elementor-element-173415c elementor-align-center elementor-widget elementor-widget-button\" data-id=\"173415c\" data-element_type=\"widget\" data-e-type=\"widget\" data-widget_type=\"button.default\">\n\t\t\t\t<div class=\"elementor-widget-container\">\n\t\t\t\t\t\t\t\t\t<div class=\"elementor-button-wrapper\">\n\t\t\t\t\t<a class=\"elementor-button elementor-button-link elementor-size-lg\" href=\"https:\/\/vingtsix.io\/index.php\/contact\/\">\n\t\t\t\t\t\t<span class=\"elementor-button-content-wrapper\">\n\t\t\t\t\t\t\t\t\t<span class=\"elementor-button-text\">Je prend rendez-vous<\/span>\n\t\t\t\t\t<\/span>\n\t\t\t\t\t<\/a>\n\t\t\t\t<\/div>\n\t\t\t\t\t\t\t\t<\/div>\n\t\t\t\t<\/div>\n\t\t\t\t\t<\/div>\n\t\t\t\t<\/div>\n\t\t<div class=\"elementor-element elementor-element-4af00b1 e-flex e-con-boxed e-con e-parent\" data-id=\"4af00b1\" data-element_type=\"container\" data-e-type=\"container\">\n\t\t\t\t\t<div class=\"e-con-inner\">\n\t\t\t\t<div class=\"elementor-element elementor-element-a0161e4 elementor-widget elementor-widget-text-editor\" data-id=\"a0161e4\" data-element_type=\"widget\" data-e-type=\"widget\" data-widget_type=\"text-editor.default\">\n\t\t\t\t<div class=\"elementor-widget-container\">\n\t\t\t\t\t\t\t\t\t<p>je suis une <span style=\"color: #ff4a4a;\">PME<\/span> ou une <span style=\"color: #ff4a4a;\">ETI<\/span><\/p>\t\t\t\t\t\t\t\t<\/div>\n\t\t\t\t<\/div>\n\t\t\t\t<div class=\"elementor-element elementor-element-d02f3b8 elementor-widget elementor-widget-menu-anchor\" data-id=\"d02f3b8\" data-element_type=\"widget\" data-e-type=\"widget\" data-widget_type=\"menu-anchor.default\">\n\t\t\t\t<div class=\"elementor-widget-container\">\n\t\t\t\t\t\t\t<div class=\"elementor-menu-anchor\" id=\"PME\"><\/div>\n\t\t\t\t\t\t<\/div>\n\t\t\t\t<\/div>\n\t\t\t\t<div class=\"elementor-element elementor-element-6bbdcd0 elementor-widget elementor-widget-heading\" data-id=\"6bbdcd0\" data-element_type=\"widget\" data-e-type=\"widget\" data-widget_type=\"heading.default\">\n\t\t\t\t<div class=\"elementor-widget-container\">\n\t\t\t\t\t<h2 class=\"elementor-heading-title elementor-size-default\">Transformez Votre Entreprise avec des Solutions de Gestion et de Marketing Cibl\u00e9es<\/h2>\t\t\t\t<\/div>\n\t\t\t\t<\/div>\n\t\t\t\t<div class=\"elementor-element elementor-element-a9326cc elementor-widget elementor-widget-heading\" data-id=\"a9326cc\" data-element_type=\"widget\" data-e-type=\"widget\" data-widget_type=\"heading.default\">\n\t\t\t\t<div class=\"elementor-widget-container\">\n\t\t\t\t\t<h2 class=\"elementor-heading-title elementor-size-default\">Parce que Chaque PME et ETI M\u00e9rite une Strat\u00e9gie Sur-Mesure.<\/h2>\t\t\t\t<\/div>\n\t\t\t\t<\/div>\n\t\t\t\t<div class=\"elementor-element elementor-element-bf3dd0f elementor-widget elementor-widget-text-editor\" data-id=\"bf3dd0f\" data-element_type=\"widget\" data-e-type=\"widget\" data-widget_type=\"text-editor.default\">\n\t\t\t\t<div class=\"elementor-widget-container\">\n\t\t\t\t\t\t\t\t\t<p><span style=\"text-decoration: underline;\"><span style=\"font-weight: 400;\">Part-time Manager : CMO et CFO pour un Impact Maximal<\/span><\/span><\/p><ul><li aria-level=\"1\"><span style=\"font-weight: 400;\">Dans le monde dynamique des PME et des ETI, une gestion strat\u00e9gique et financi\u00e8re agile est essentielle. Nos services de Part-time CMO et CFO offrent l&#8217;expertise et la flexibilit\u00e9 dont vous avez besoin pour naviguer dans un march\u00e9 en constante \u00e9volution, tout en ma\u00eetrisant vos co\u00fbts.<\/span><\/li><\/ul><p><span style=\"text-decoration: underline;\"><span style=\"font-weight: 400;\">Growth Marketing : Pilotez Votre Croissance avec Pr\u00e9cision<\/span><\/span><\/p><ul><li aria-level=\"1\"><span style=\"font-weight: 400;\">Nous propulsons votre entreprise vers l&#8217;avant gr\u00e2ce \u00e0 des strat\u00e9gies de Growth Marketing \u00e9prouv\u00e9es, incluant le pilotage de campagnes Google Ads et Meta Ads. Nos approches personnalis\u00e9es sont con\u00e7ues pour maximiser votre retour sur investissement et acc\u00e9l\u00e9rer votre croissance.<\/span><\/li><\/ul><p><span style=\"text-decoration: underline;\"><span style=\"font-weight: 400;\">CRM : Une Solution Personnalis\u00e9e pour Votre Entreprise<\/span><\/span><\/p><ul><li aria-level=\"1\"><span style=\"font-weight: 400;\">Un CRM efficace est le c\u0153ur de votre strat\u00e9gie commerciale. Nous vous accompagnons dans le choix et l&#8217;impl\u00e9mentation d&#8217;un CRM adapt\u00e9 \u00e0 vos besoins sp\u00e9cifiques ainsi que dans l&#8217;\u00e9laboration de strat\u00e9gies CRM optimisant ainsi vos interactions client et votre efficacit\u00e9 commerciale.<\/span><\/li><\/ul><p><span style=\"text-decoration: underline;\"><span style=\"font-weight: 400;\">Strat\u00e9gie de Prospection Commerciale : Atteignez Vos Clients Potentiels<\/span><\/span><\/p><ul><li aria-level=\"1\"><span style=\"font-weight: 400;\">D\u00e9veloppez une strat\u00e9gie de prospection commerciale robuste avec notre aide. Nous concevons et mettons en \u0153uvre des s\u00e9quences de mails cibl\u00e9es et efficaces, augmentant ainsi vos chances de conversion.<\/span><\/li><\/ul><p><span style=\"text-decoration: underline;\"><span style=\"font-weight: 400;\">Optimisation des Campagnes de Cold Email : L&#8217;Art de la Persuasion<\/span><\/span><\/p><ul><li aria-level=\"1\"><span style=\"font-weight: 400;\">Transformez vos campagnes de cold email en un outil puissant de g\u00e9n\u00e9ration de leads. Nous vous aidons \u00e0 mettre en place des outils performants pour optimiser vos campagnes, garantissant que chaque email envoy\u00e9 compte.<\/span><\/li><\/ul><p>\u00a0<\/p>\t\t\t\t\t\t\t\t<\/div>\n\t\t\t\t<\/div>\n\t\t\t\t<div class=\"elementor-element elementor-element-55f9c28 elementor-widget elementor-widget-heading\" data-id=\"55f9c28\" data-element_type=\"widget\" data-e-type=\"widget\" data-widget_type=\"heading.default\">\n\t\t\t\t<div class=\"elementor-widget-container\">\n\t\t\t\t\t<h2 class=\"elementor-heading-title elementor-size-default\">Votre vision, notre expertise. Ensemble, faisons progresser votre entreprise vers de nouveaux horizons de succ\u00e8s.<\/h2>\t\t\t\t<\/div>\n\t\t\t\t<\/div>\n\t\t\t\t<div class=\"elementor-element elementor-element-1568fdb elementor-align-center elementor-widget elementor-widget-button\" data-id=\"1568fdb\" data-element_type=\"widget\" data-e-type=\"widget\" data-widget_type=\"button.default\">\n\t\t\t\t<div class=\"elementor-widget-container\">\n\t\t\t\t\t\t\t\t\t<div class=\"elementor-button-wrapper\">\n\t\t\t\t\t<a class=\"elementor-button elementor-button-link elementor-size-lg\" href=\"https:\/\/vingtsix.io\/index.php\/contact\/\">\n\t\t\t\t\t\t<span class=\"elementor-button-content-wrapper\">\n\t\t\t\t\t\t\t\t\t<span class=\"elementor-button-text\">Je prend rendez-vous<\/span>\n\t\t\t\t\t<\/span>\n\t\t\t\t\t<\/a>\n\t\t\t\t<\/div>\n\t\t\t\t\t\t\t\t<\/div>\n\t\t\t\t<\/div>\n\t\t\t\t\t<\/div>\n\t\t\t\t<\/div>\n\t\t\t\t<\/div>\n\t\t","protected":false},"excerpt":{"rendered":"<p>Je suis une startup D\u00e9veloppez votre startup avec une expertise strat\u00e9gique et op\u00e9rationnelle Votre startup est unique, nos services le sont aussi. Part-time Manager : CMO et CFO \u00e0 la Carte Vous \u00eates une startup en pleine croissance ? B\u00e9n\u00e9ficiez d&#8217;une expertise de haut niveau avec nos services de Part-time CMO et CFO. Notre approche [&hellip;]<\/p>\n","protected":false},"author":1,"featured_media":0,"parent":0,"menu_order":0,"comment_status":"closed","ping_status":"closed","template":"elementor_theme","meta":{"footnotes":""},"class_list":["post-11","page","type-page","status-publish","hentry"],"yoast_head":"<!-- This site is optimized with the Yoast SEO plugin v27.4 - https:\/\/yoast.com\/product\/yoast-seo-wordpress\/ -->\n<title>Vos Enjeux - Vingt-Six<\/title>\n<meta name=\"robots\" content=\"index, follow, max-snippet:-1, max-image-preview:large, max-video-preview:-1\" \/>\n<link rel=\"canonical\" href=\"https:\/\/vingtsix.io\/index.php\/solutions\/\" \/>\n<meta property=\"og:locale\" content=\"en_US\" \/>\n<meta property=\"og:type\" content=\"article\" \/>\n<meta property=\"og:title\" content=\"Vos Enjeux - Vingt-Six\" \/>\n<meta property=\"og:description\" content=\"Je suis une startup D\u00e9veloppez votre startup avec une expertise strat\u00e9gique et op\u00e9rationnelle Votre startup est unique, nos services le sont aussi. Part-time Manager : CMO et CFO \u00e0 la Carte Vous \u00eates une startup en pleine croissance ? B\u00e9n\u00e9ficiez d&#8217;une expertise de haut niveau avec nos services de Part-time CMO et CFO. Notre approche [&hellip;]\" \/>\n<meta property=\"og:url\" content=\"https:\/\/vingtsix.io\/index.php\/solutions\/\" \/>\n<meta property=\"og:site_name\" content=\"Vingt-Six\" \/>\n<meta property=\"article:modified_time\" content=\"2024-02-02T14:45:46+00:00\" \/>\n<meta name=\"twitter:card\" content=\"summary_large_image\" \/>\n<meta name=\"twitter:label1\" content=\"Est. reading time\" \/>\n\t<meta name=\"twitter:data1\" content=\"3 minutes\" \/>\n<script type=\"application\/ld+json\" class=\"yoast-schema-graph\">{\"@context\":\"https:\\\/\\\/schema.org\",\"@graph\":[{\"@type\":\"WebPage\",\"@id\":\"https:\\\/\\\/vingtsix.io\\\/index.php\\\/solutions\\\/\",\"url\":\"https:\\\/\\\/vingtsix.io\\\/index.php\\\/solutions\\\/\",\"name\":\"Vos Enjeux - Vingt-Six\",\"isPartOf\":{\"@id\":\"https:\\\/\\\/vingtsix.io\\\/#website\"},\"datePublished\":\"2024-02-01T11:41:10+00:00\",\"dateModified\":\"2024-02-02T14:45:46+00:00\",\"breadcrumb\":{\"@id\":\"https:\\\/\\\/vingtsix.io\\\/index.php\\\/solutions\\\/#breadcrumb\"},\"inLanguage\":\"en-US\",\"potentialAction\":[{\"@type\":\"ReadAction\",\"target\":[\"https:\\\/\\\/vingtsix.io\\\/index.php\\\/solutions\\\/\"]}]},{\"@type\":\"BreadcrumbList\",\"@id\":\"https:\\\/\\\/vingtsix.io\\\/index.php\\\/solutions\\\/#breadcrumb\",\"itemListElement\":[{\"@type\":\"ListItem\",\"position\":1,\"name\":\"Accueil\",\"item\":\"https:\\\/\\\/vingtsix.io\\\/\"},{\"@type\":\"ListItem\",\"position\":2,\"name\":\"Vos Enjeux\"}]},{\"@type\":\"WebSite\",\"@id\":\"https:\\\/\\\/vingtsix.io\\\/#website\",\"url\":\"https:\\\/\\\/vingtsix.io\\\/\",\"name\":\"Vingt-Six\",\"description\":\"\",\"publisher\":{\"@id\":\"https:\\\/\\\/vingtsix.io\\\/#organization\"},\"potentialAction\":[{\"@type\":\"SearchAction\",\"target\":{\"@type\":\"EntryPoint\",\"urlTemplate\":\"https:\\\/\\\/vingtsix.io\\\/?s={search_term_string}\"},\"query-input\":{\"@type\":\"PropertyValueSpecification\",\"valueRequired\":true,\"valueName\":\"search_term_string\"}}],\"inLanguage\":\"en-US\"},{\"@type\":\"Organization\",\"@id\":\"https:\\\/\\\/vingtsix.io\\\/#organization\",\"name\":\"Vingt-Six\",\"url\":\"https:\\\/\\\/vingtsix.io\\\/\",\"logo\":{\"@type\":\"ImageObject\",\"inLanguage\":\"en-US\",\"@id\":\"https:\\\/\\\/vingtsix.io\\\/#\\\/schema\\\/logo\\\/image\\\/\",\"url\":\"https:\\\/\\\/vingtsix.io\\\/wp-content\\\/uploads\\\/2024\\\/01\\\/logo1.png\",\"contentUrl\":\"https:\\\/\\\/vingtsix.io\\\/wp-content\\\/uploads\\\/2024\\\/01\\\/logo1.png\",\"width\":638,\"height\":479,\"caption\":\"Vingt-Six\"},\"image\":{\"@id\":\"https:\\\/\\\/vingtsix.io\\\/#\\\/schema\\\/logo\\\/image\\\/\"}}]}<\/script>\n<!-- \/ Yoast SEO plugin. -->","yoast_head_json":{"title":"Vos Enjeux - Vingt-Six","robots":{"index":"index","follow":"follow","max-snippet":"max-snippet:-1","max-image-preview":"max-image-preview:large","max-video-preview":"max-video-preview:-1"},"canonical":"https:\/\/vingtsix.io\/index.php\/solutions\/","og_locale":"en_US","og_type":"article","og_title":"Vos Enjeux - Vingt-Six","og_description":"Je suis une startup D\u00e9veloppez votre startup avec une expertise strat\u00e9gique et op\u00e9rationnelle Votre startup est unique, nos services le sont aussi. Part-time Manager : CMO et CFO \u00e0 la Carte Vous \u00eates une startup en pleine croissance ? B\u00e9n\u00e9ficiez d&#8217;une expertise de haut niveau avec nos services de Part-time CMO et CFO. Notre approche [&hellip;]","og_url":"https:\/\/vingtsix.io\/index.php\/solutions\/","og_site_name":"Vingt-Six","article_modified_time":"2024-02-02T14:45:46+00:00","twitter_card":"summary_large_image","twitter_misc":{"Est. reading time":"3 minutes"},"schema":{"@context":"https:\/\/schema.org","@graph":[{"@type":"WebPage","@id":"https:\/\/vingtsix.io\/index.php\/solutions\/","url":"https:\/\/vingtsix.io\/index.php\/solutions\/","name":"Vos Enjeux - Vingt-Six","isPartOf":{"@id":"https:\/\/vingtsix.io\/#website"},"datePublished":"2024-02-01T11:41:10+00:00","dateModified":"2024-02-02T14:45:46+00:00","breadcrumb":{"@id":"https:\/\/vingtsix.io\/index.php\/solutions\/#breadcrumb"},"inLanguage":"en-US","potentialAction":[{"@type":"ReadAction","target":["https:\/\/vingtsix.io\/index.php\/solutions\/"]}]},{"@type":"BreadcrumbList","@id":"https:\/\/vingtsix.io\/index.php\/solutions\/#breadcrumb","itemListElement":[{"@type":"ListItem","position":1,"name":"Accueil","item":"https:\/\/vingtsix.io\/"},{"@type":"ListItem","position":2,"name":"Vos Enjeux"}]},{"@type":"WebSite","@id":"https:\/\/vingtsix.io\/#website","url":"https:\/\/vingtsix.io\/","name":"Vingt-Six","description":"","publisher":{"@id":"https:\/\/vingtsix.io\/#organization"},"potentialAction":[{"@type":"SearchAction","target":{"@type":"EntryPoint","urlTemplate":"https:\/\/vingtsix.io\/?s={search_term_string}"},"query-input":{"@type":"PropertyValueSpecification","valueRequired":true,"valueName":"search_term_string"}}],"inLanguage":"en-US"},{"@type":"Organization","@id":"https:\/\/vingtsix.io\/#organization","name":"Vingt-Six","url":"https:\/\/vingtsix.io\/","logo":{"@type":"ImageObject","inLanguage":"en-US","@id":"https:\/\/vingtsix.io\/#\/schema\/logo\/image\/","url":"https:\/\/vingtsix.io\/wp-content\/uploads\/2024\/01\/logo1.png","contentUrl":"https:\/\/vingtsix.io\/wp-content\/uploads\/2024\/01\/logo1.png","width":638,"height":479,"caption":"Vingt-Six"},"image":{"@id":"https:\/\/vingtsix.io\/#\/schema\/logo\/image\/"}}]}},"_links":{"self":[{"href":"https:\/\/vingtsix.io\/index.php\/wp-json\/wp\/v2\/pages\/11","targetHints":{"allow":["GET"]}}],"collection":[{"href":"https:\/\/vingtsix.io\/index.php\/wp-json\/wp\/v2\/pages"}],"about":[{"href":"https:\/\/vingtsix.io\/index.php\/wp-json\/wp\/v2\/types\/page"}],"author":[{"embeddable":true,"href":"https:\/\/vingtsix.io\/index.php\/wp-json\/wp\/v2\/users\/1"}],"replies":[{"embeddable":true,"href":"https:\/\/vingtsix.io\/index.php\/wp-json\/wp\/v2\/comments?post=11"}],"version-history":[{"count":32,"href":"https:\/\/vingtsix.io\/index.php\/wp-json\/wp\/v2\/pages\/11\/revisions"}],"predecessor-version":[{"id":120,"href":"https:\/\/vingtsix.io\/index.php\/wp-json\/wp\/v2\/pages\/11\/revisions\/120"}],"wp:attachment":[{"href":"https:\/\/vingtsix.io\/index.php\/wp-json\/wp\/v2\/media?parent=11"}],"curies":[{"name":"wp","href":"https:\/\/api.w.org\/{rel}","templated":true}]}}